{"id":3825,"date":"2018-03-13T17:55:07","date_gmt":"2018-03-13T15:55:07","guid":{"rendered":"https:\/\/madisonidiomes.com\/qui-som\/"},"modified":"2019-01-21T09:33:53","modified_gmt":"2019-01-21T08:33:53","slug":"conocenos","status":"publish","type":"page","link":"https:\/\/www.madisonidiomes.com\/es\/conocenos\/","title":{"rendered":"Con\u00f3cenos"},"content":{"rendered":"<h1 class=\"heading color-fuente-destacado\">Centros de idiomas en Manresa y Sant Fruit\u00f3s<\/h1>\n<div class=\"row\">\n<div class=\"col-sm-12 images-block\"><\/div>\n<\/div>\n<div class=\"row\">\n<div class=\"col-sm-12 contenido\">\n<h2>Conoce Madison, tu escuela de idiomas en Manresa y Sant Fruit\u00f3s<\/h2>\n<\/div>\n<\/div>\n<div class=\"row\">\n<div class=\"col-sm-12 contenido\">\n<div>\n<p><span data-mce-mark=\"1\">Con 30 a\u00f1os de experiencia en el sector, la Escuela de Idiomas Madison, con\u00a0<span style=\"color: #ff9900;\"><strong>centros formativos en Manresa y Sant Fruit\u00f3s<\/strong><\/span>, se ha convertido en un referente en el mundo de la formaci\u00f3n de idiomas en la Catalu\u00f1a Central.<\/span><\/p>\n<p><span data-mce-mark=\"1\">Nuestro radio de acci\u00f3n abarca las comarcas del Bages, el Bergued\u00e0, el Solson\u00e8s, Anoia, Osona y la Segarra. Ofrecemos clases presenciales tanto en nuestras escuelas como en las empresas interesadas en hacer formaci\u00f3n in company. <\/span><\/p>\n<\/div>\n<\/div>\n<\/div>\n<div class=\"entry-content-asset videofit\"><iframe title=\"Vine i coneix-nos!\" width=\"1140\" height=\"641\" src=\"https:\/\/www.youtube.com\/embed\/NpGfR1Qsn2g?feature=oembed\" frameborder=\"0\" allow=\"accelerometer; autoplay; encrypted-media; gyroscope; picture-in-picture\" allowfullscreen><\/iframe><\/div>\n<h3><span class=\"color-fuente-destacado\">La calidad formativa, una exigencia<br \/>\n<\/span><\/h3>\n<p><span data-mce-mark=\"1\">El profesorado de Madison est\u00e1 formado por profesionales de los idiomas, tanto nativos como no nativos. La cualificaci\u00f3n acad\u00e9mica m\u00ednima requerida es la de estudios universitarios con titulaci\u00f3n superior, especializaci\u00f3n pedag\u00f3gica en la lengua, estancia de estudios en el extranjero (en el caso del profesorado no nativo), experiencia docente probada y metodolog\u00eda activa de la lengua.<\/span><\/p>\n<p><span data-mce-mark=\"1\">Todos los profesores de la Escuela de Idiomas Madison asisten durante el curso a sesiones de formaci\u00f3n a fin de estar al d\u00eda en el campo pedag\u00f3gico.<\/span><\/p>\n<h3><span class=\"color-fuente-destacado\">Ex\u00e1menes oficiales Cambridge y Trinity<\/span><\/h3>\n<p>Madison es <strong><a title=\"Centre Oficial Examinador de Trinity College\" href=\"http:\/\/www.idiomesmadison.com\/trinity-exams\/\" rel=\"\" data-web=\"4415\" data-ruta=\"1120910\">Centro Oficial Examinador de Trinity College<\/a><\/strong>\u00a0y\u00a0<strong><a title=\"Centre Preparador Oficial de Cambridge\" href=\"http:\/\/www.idiomesmadison.com\/cambridge-first-fce\/\" rel=\"\" data-web=\"4415\" data-ruta=\"1120904\">Centro Preparador Oficial de Cambridge<\/a><\/strong> para la obtenci\u00f3n de sus respectivas titulaciones. Si quieres obtener el First Certificate o el Certificate in Advanced English, o si necesitas certificar tu nivel de ingl\u00e9s con un documento v\u00e1lido en el Marco Com\u00fan de Referencia Europeo, como es el Trinity Exam, <strong><a class=\"conversor\" href=\"mailto:secretaria@madisonidiomes.com\/madison\" target=\"_blank\" rel=\"noopener\" data-usuario=\"secretaria\" data-dominio=\"madisonidiomes\" data-tld=\"com\">cons\u00faltanos y te informaremos<\/a><\/strong>.<\/p>\n<p>\u00bfQuieres vernos acci\u00f3n? Te esperamos en nuestros centros de idiomas en Manresa y Sant Fruit\u00f3s. Aqu\u00ed podr\u00e1s escuchar a algunos de nuestros profesores explicando en primera persona qu\u00e9 hacemos.<\/p>\n","protected":false},"excerpt":{"rendered":"<p>Centros de idiomas en Manresa y Sant Fruit\u00f3s Conoce Madison, tu escuela de idiomas en Manresa y Sant Fruit\u00f3s Con 30 a\u00f1os de experiencia en el sector, la Escuela de Idiomas Madison, con\u00a0centros formativos en Manresa y Sant Fruit\u00f3s, se &hellip; <a href=\"https:\/\/www.madisonidiomes.com\/es\/conocenos\/\">Continuar<\/a><\/p>\n","protected":false},"author":4,"featured_media":0,"parent":0,"menu_order":0,"comment_status":"closed","ping_status":"closed","template":"","meta":[],"yoast_head":"<!-- This site is optimized with the Yoast SEO plugin v18.6 - https:\/\/yoast.com\/wordpress\/plugins\/seo\/ -->\n<title>Con\u00f3cenos | Escola d&#039;Idiomes Madison<\/title>\n<meta name=\"description\" content=\"M\u00e1s de 30 a\u00f1os de experiencia en el sector de la formaci\u00f3n de idiomas. Dos centros formativos. Profesores nativos\" \/>\n<meta name=\"robots\" content=\"index, follow, max-snippet:-1, max-image-preview:large, max-video-preview:-1\" \/>\n<link rel=\"canonical\" href=\"https:\/\/www.madisonidiomes.com\/es\/conocenos\/\" \/>\n<meta property=\"og:locale\" content=\"es_ES\" \/>\n<meta property=\"og:type\" content=\"article\" \/>\n<meta property=\"og:title\" content=\"Con\u00f3cenos | Escola d&#039;Idiomes Madison\" \/>\n<meta property=\"og:description\" content=\"M\u00e1s de 30 a\u00f1os de experiencia en el sector de la formaci\u00f3n de idiomas. Dos centros formativos. Profesores nativos\" \/>\n<meta property=\"og:url\" content=\"https:\/\/www.madisonidiomes.com\/es\/conocenos\/\" \/>\n<meta property=\"og:site_name\" content=\"Escola d&#039;Idiomes Madison\" \/>\n<meta property=\"article:publisher\" content=\"https:\/\/www.facebook.com\/escola.madison\" \/>\n<meta property=\"article:modified_time\" content=\"2019-01-21T08:33:53+00:00\" \/>\n<meta name=\"twitter:card\" content=\"summary_large_image\" \/>\n<meta name=\"twitter:site\" content=\"@IdiomesMadison\" \/>\n<meta name=\"twitter:label1\" content=\"Tiempo de lectura\" \/>\n\t<meta name=\"twitter:data1\" content=\"2 minutos\" \/>\n<script type=\"application\/ld+json\" class=\"yoast-schema-graph\">{\"@context\":\"https:\/\/schema.org\",\"@graph\":[{\"@type\":\"Organization\",\"@id\":\"https:\/\/www.madisonidiomes.com\/#organization\",\"name\":\"Escola d'Idiomes Madison\",\"url\":\"https:\/\/www.madisonidiomes.com\/\",\"sameAs\":[\"https:\/\/www.facebook.com\/escola.madison\",\"https:\/\/www.instagram.com\/idiomesmadison\/\",\"https:\/\/www.linkedin.com\/company\/madisonidiomes\/\",\"https:\/\/www.youtube.com\/channel\/UCxAYgYf_afDUB9Ep-ecKMew\/feed\",\"https:\/\/twitter.com\/IdiomesMadison\"],\"logo\":{\"@type\":\"ImageObject\",\"@id\":\"https:\/\/www.madisonidiomes.com\/#logo\",\"inLanguage\":\"es\",\"url\":\"https:\/\/madisonidiomes.com\/wp-content\/uploads\/2018\/05\/Logo-Madison_2018.jpg\",\"contentUrl\":\"https:\/\/madisonidiomes.com\/wp-content\/uploads\/2018\/05\/Logo-Madison_2018.jpg\",\"width\":406,\"height\":104,\"caption\":\"Escola d'Idiomes Madison\"},\"image\":{\"@id\":\"https:\/\/www.madisonidiomes.com\/#logo\"}},{\"@type\":\"WebSite\",\"@id\":\"https:\/\/www.madisonidiomes.com\/#website\",\"url\":\"https:\/\/www.madisonidiomes.com\/\",\"name\":\"Escola d&#039;Idiomes Madison\",\"description\":\"Acad\u00e8mia d&#039;idiomes a Manresa i Sant Fruit\u00f3s\",\"publisher\":{\"@id\":\"https:\/\/www.madisonidiomes.com\/#organization\"},\"potentialAction\":[{\"@type\":\"SearchAction\",\"target\":{\"@type\":\"EntryPoint\",\"urlTemplate\":\"https:\/\/www.madisonidiomes.com\/?s={search_term_string}\"},\"query-input\":\"required name=search_term_string\"}],\"inLanguage\":\"es\"},{\"@type\":\"WebPage\",\"@id\":\"https:\/\/www.madisonidiomes.com\/es\/conocenos\/#webpage\",\"url\":\"https:\/\/www.madisonidiomes.com\/es\/conocenos\/\",\"name\":\"Con\u00f3cenos | Escola d&#039;Idiomes Madison\",\"isPartOf\":{\"@id\":\"https:\/\/www.madisonidiomes.com\/#website\"},\"datePublished\":\"2018-03-13T15:55:07+00:00\",\"dateModified\":\"2019-01-21T08:33:53+00:00\",\"description\":\"M\u00e1s de 30 a\u00f1os de experiencia en el sector de la formaci\u00f3n de idiomas. Dos centros formativos. Profesores nativos\",\"breadcrumb\":{\"@id\":\"https:\/\/www.madisonidiomes.com\/es\/conocenos\/#breadcrumb\"},\"inLanguage\":\"es\",\"potentialAction\":[{\"@type\":\"ReadAction\",\"target\":[\"https:\/\/www.madisonidiomes.com\/es\/conocenos\/\"]}]},{\"@type\":\"BreadcrumbList\",\"@id\":\"https:\/\/www.madisonidiomes.com\/es\/conocenos\/#breadcrumb\",\"itemListElement\":[{\"@type\":\"ListItem\",\"position\":1,\"name\":\"Inici\",\"item\":\"https:\/\/www.madisonidiomes.com\/es\/\"},{\"@type\":\"ListItem\",\"position\":2,\"name\":\"Con\u00f3cenos\"}]}]}<\/script>\n<!-- \/ Yoast SEO plugin. -->","yoast_head_json":{"title":"Con\u00f3cenos | Escola d&#039;Idiomes Madison","description":"M\u00e1s de 30 a\u00f1os de experiencia en el sector de la formaci\u00f3n de idiomas. Dos centros formativos. Profesores nativos","robots":{"index":"index","follow":"follow","max-snippet":"max-snippet:-1","max-image-preview":"max-image-preview:large","max-video-preview":"max-video-preview:-1"},"canonical":"https:\/\/www.madisonidiomes.com\/es\/conocenos\/","og_locale":"es_ES","og_type":"article","og_title":"Con\u00f3cenos | Escola d&#039;Idiomes Madison","og_description":"M\u00e1s de 30 a\u00f1os de experiencia en el sector de la formaci\u00f3n de idiomas. Dos centros formativos. Profesores nativos","og_url":"https:\/\/www.madisonidiomes.com\/es\/conocenos\/","og_site_name":"Escola d&#039;Idiomes Madison","article_publisher":"https:\/\/www.facebook.com\/escola.madison","article_modified_time":"2019-01-21T08:33:53+00:00","twitter_card":"summary_large_image","twitter_site":"@IdiomesMadison","twitter_misc":{"Tiempo de lectura":"2 minutos"},"schema":{"@context":"https:\/\/schema.org","@graph":[{"@type":"Organization","@id":"https:\/\/www.madisonidiomes.com\/#organization","name":"Escola d'Idiomes Madison","url":"https:\/\/www.madisonidiomes.com\/","sameAs":["https:\/\/www.facebook.com\/escola.madison","https:\/\/www.instagram.com\/idiomesmadison\/","https:\/\/www.linkedin.com\/company\/madisonidiomes\/","https:\/\/www.youtube.com\/channel\/UCxAYgYf_afDUB9Ep-ecKMew\/feed","https:\/\/twitter.com\/IdiomesMadison"],"logo":{"@type":"ImageObject","@id":"https:\/\/www.madisonidiomes.com\/#logo","inLanguage":"es","url":"https:\/\/madisonidiomes.com\/wp-content\/uploads\/2018\/05\/Logo-Madison_2018.jpg","contentUrl":"https:\/\/madisonidiomes.com\/wp-content\/uploads\/2018\/05\/Logo-Madison_2018.jpg","width":406,"height":104,"caption":"Escola d'Idiomes Madison"},"image":{"@id":"https:\/\/www.madisonidiomes.com\/#logo"}},{"@type":"WebSite","@id":"https:\/\/www.madisonidiomes.com\/#website","url":"https:\/\/www.madisonidiomes.com\/","name":"Escola d&#039;Idiomes Madison","description":"Acad\u00e8mia d&#039;idiomes a Manresa i Sant Fruit\u00f3s","publisher":{"@id":"https:\/\/www.madisonidiomes.com\/#organization"},"potentialAction":[{"@type":"SearchAction","target":{"@type":"EntryPoint","urlTemplate":"https:\/\/www.madisonidiomes.com\/?s={search_term_string}"},"query-input":"required name=search_term_string"}],"inLanguage":"es"},{"@type":"WebPage","@id":"https:\/\/www.madisonidiomes.com\/es\/conocenos\/#webpage","url":"https:\/\/www.madisonidiomes.com\/es\/conocenos\/","name":"Con\u00f3cenos | Escola d&#039;Idiomes Madison","isPartOf":{"@id":"https:\/\/www.madisonidiomes.com\/#website"},"datePublished":"2018-03-13T15:55:07+00:00","dateModified":"2019-01-21T08:33:53+00:00","description":"M\u00e1s de 30 a\u00f1os de experiencia en el sector de la formaci\u00f3n de idiomas. Dos centros formativos. Profesores nativos","breadcrumb":{"@id":"https:\/\/www.madisonidiomes.com\/es\/conocenos\/#breadcrumb"},"inLanguage":"es","potentialAction":[{"@type":"ReadAction","target":["https:\/\/www.madisonidiomes.com\/es\/conocenos\/"]}]},{"@type":"BreadcrumbList","@id":"https:\/\/www.madisonidiomes.com\/es\/conocenos\/#breadcrumb","itemListElement":[{"@type":"ListItem","position":1,"name":"Inici","item":"https:\/\/www.madisonidiomes.com\/es\/"},{"@type":"ListItem","position":2,"name":"Con\u00f3cenos"}]}]}},"_links":{"self":[{"href":"https:\/\/www.madisonidiomes.com\/es\/wp-json\/wp\/v2\/pages\/3825\/"}],"collection":[{"href":"https:\/\/www.madisonidiomes.com\/es\/wp-json\/wp\/v2\/pages\/"}],"about":[{"href":"https:\/\/www.madisonidiomes.com\/es\/wp-json\/wp\/v2\/types\/page\/"}],"author":[{"embeddable":true,"href":"https:\/\/www.madisonidiomes.com\/es\/wp-json\/wp\/v2\/users\/4\/"}],"replies":[{"embeddable":true,"href":"https:\/\/www.madisonidiomes.com\/es\/wp-json\/wp\/v2\/comments\/?post=3825"}],"version-history":[{"count":0,"href":"https:\/\/www.madisonidiomes.com\/es\/wp-json\/wp\/v2\/pages\/3825\/revisions\/"}],"wp:attachment":[{"href":"https:\/\/www.madisonidiomes.com\/es\/wp-json\/wp\/v2\/media\/?parent=3825"}],"curies":[{"name":"wp","href":"https:\/\/api.w.org\/{rel}","templated":true}]}}