{"id":3834,"date":"2018-03-13T17:57:09","date_gmt":"2018-03-13T15:57:09","guid":{"rendered":"https:\/\/madisonidiomes.com\/treballa-amb-nosaltres\/"},"modified":"2026-03-20T17:50:41","modified_gmt":"2026-03-20T16:50:41","slug":"trabaja-con-nosotros","status":"publish","type":"page","link":"https:\/\/www.madisonidiomes.com\/es\/trabaja-con-nosotros\/","title":{"rendered":"Trabaja con nosotros"},"content":{"rendered":"\t\t<div data-elementor-type=\"wp-page\" data-elementor-id=\"3834\" class=\"elementor elementor-3834\">\n\t\t\t\t\t\t<div class=\"elementor-inner\">\n\t\t\t\t<div class=\"elementor-section-wrap\">\n\t\t\t\t\t\t\t\t\t<section class=\"elementor-section elementor-top-section elementor-element elementor-element-6b714b2 elementor-section-boxed elementor-section-height-default elementor-section-height-default\" data-id=\"6b714b2\" data-element_type=\"section\">\n\t\t\t\t\t\t<div class=\"elementor-container elementor-column-gap-default\">\n\t\t\t\t\t\t\t<div class=\"elementor-row\">\n\t\t\t\t\t<div class=\"elementor-column elementor-col-100 elementor-top-column elementor-element elementor-element-2b83539\" data-id=\"2b83539\" data-element_type=\"column\">\n\t\t\t<div class=\"elementor-column-wrap elementor-element-populated\">\n\t\t\t\t\t\t\t<div class=\"elementor-widget-wrap\">\n\t\t\t\t\t\t<div class=\"elementor-element elementor-element-aa8bc93 elementor-widget elementor-widget-text-editor\" data-id=\"aa8bc93\" data-element_type=\"widget\" data-widget_type=\"text-editor.default\">\n\t\t\t\t<div class=\"elementor-widget-container\">\n\t\t\t\t\t\t\t\t<div class=\"elementor-text-editor elementor-clearfix\">\n\t\t\t\t<h2><span style=\"color: #ff9900;\">Quieres formar parte de la familia Madison?<\/span><\/h2>\t\t\t\t\t<\/div>\n\t\t\t\t\t\t<\/div>\n\t\t\t\t<\/div>\n\t\t\t\t\t\t<\/div>\n\t\t\t\t\t<\/div>\n\t\t<\/div>\n\t\t\t\t\t\t\t\t<\/div>\n\t\t\t\t\t<\/div>\n\t\t<\/section>\n\t\t\t\t<section class=\"elementor-section elementor-top-section elementor-element elementor-element-335978a elementor-section-boxed elementor-section-height-default elementor-section-height-default\" data-id=\"335978a\" data-element_type=\"section\">\n\t\t\t\t\t\t<div class=\"elementor-container elementor-column-gap-default\">\n\t\t\t\t\t\t\t<div class=\"elementor-row\">\n\t\t\t\t\t<div class=\"elementor-column elementor-col-100 elementor-top-column elementor-element elementor-element-1820d81\" data-id=\"1820d81\" data-element_type=\"column\">\n\t\t\t<div class=\"elementor-column-wrap elementor-element-populated\">\n\t\t\t\t\t\t\t<div class=\"elementor-widget-wrap\">\n\t\t\t\t\t\t<div class=\"elementor-element elementor-element-b2a703e elementor-widget elementor-widget-image\" data-id=\"b2a703e\" data-element_type=\"widget\" data-widget_type=\"image.default\">\n\t\t\t\t<div class=\"elementor-widget-container\">\n\t\t\t\t\t\t\t\t<div class=\"elementor-image\">\n\t\t\t\t\t\t\t\t\t\t\t\t<img width=\"1024\" height=\"317\" src=\"https:\/\/www.madisonidiomes.com\/wp-content\/uploads\/2025\/03\/corporate-business-people-1-1024x317.jpg\" class=\"attachment-large size-large\" alt=\"\" srcset=\"https:\/\/www.madisonidiomes.com\/wp-content\/uploads\/2025\/03\/corporate-business-people-1-1024x317.jpg 1024w, https:\/\/www.madisonidiomes.com\/wp-content\/uploads\/2025\/03\/corporate-business-people-1-300x93.jpg 300w, https:\/\/www.madisonidiomes.com\/wp-content\/uploads\/2025\/03\/corporate-business-people-1-768x237.jpg 768w, https:\/\/www.madisonidiomes.com\/wp-content\/uploads\/2025\/03\/corporate-business-people-1-1536x475.jpg 1536w, https:\/\/www.madisonidiomes.com\/wp-content\/uploads\/2025\/03\/corporate-business-people-1-2048x633.jpg 2048w\" sizes=\"(max-width: 1024px) 100vw, 1024px\" \/>\t\t\t\t\t\t\t\t\t\t\t\t\t\t<\/div>\n\t\t\t\t\t\t<\/div>\n\t\t\t\t<\/div>\n\t\t\t\t\t\t<\/div>\n\t\t\t\t\t<\/div>\n\t\t<\/div>\n\t\t\t\t\t\t\t\t<\/div>\n\t\t\t\t\t<\/div>\n\t\t<\/section>\n\t\t\t\t<section class=\"elementor-section elementor-top-section elementor-element elementor-element-dbb4f94 elementor-section-boxed elementor-section-height-default elementor-section-height-default\" data-id=\"dbb4f94\" data-element_type=\"section\">\n\t\t\t\t\t\t<div class=\"elementor-container elementor-column-gap-default\">\n\t\t\t\t\t\t\t<div class=\"elementor-row\">\n\t\t\t\t\t<div class=\"elementor-column elementor-col-100 elementor-top-column elementor-element elementor-element-3ba5bee\" data-id=\"3ba5bee\" data-element_type=\"column\">\n\t\t\t<div class=\"elementor-column-wrap elementor-element-populated\">\n\t\t\t\t\t\t\t<div class=\"elementor-widget-wrap\">\n\t\t\t\t\t\t<div class=\"elementor-element elementor-element-36f9120 elementor-widget elementor-widget-text-editor\" data-id=\"36f9120\" data-element_type=\"widget\" data-widget_type=\"text-editor.default\">\n\t\t\t\t<div class=\"elementor-widget-container\">\n\t\t\t\t\t\t\t\t<div class=\"elementor-text-editor elementor-clearfix\">\n\t\t\t\t<h3>Siempre estamos abiertos a nuevas incorporaciones<\/h3><p>Sea cual sea tu idioma, <strong>si te apasiona la ense\u00f1anza de las lenguas, no lo dudes<\/strong>: <a href=\"mailto:madison@madisonidiomes.com\">env\u00edanos tu curr\u00edculum<\/a> y concertaremos una entrevista contigo lo antes posible.\u00a0<\/p><p>\u00a0<\/p><h3>\u00bfSabes idiomas y te gustan los idiomas y te gustar\u00eda trabajar en un entorno din\u00e1mico donde el ingl\u00e9s es la lengua de comunicaci\u00f3n principal? \u00bfEres creativo? \u00bfTienes ideas innovadoras?<\/h3><p>Si eres monitor de ocio, dise\u00f1ador o incluso administrador de sistemas inform\u00e1ticos y crees que puedes aportar tu granito de arena a nuestra empresa, \u00bfa qu\u00e9 esperas? <a href=\"mailto:madison@madisonidiomes.com\">Escr\u00edbenos<\/a><\/p>\t\t\t\t\t<\/div>\n\t\t\t\t\t\t<\/div>\n\t\t\t\t<\/div>\n\t\t\t\t\t\t<\/div>\n\t\t\t\t\t<\/div>\n\t\t<\/div>\n\t\t\t\t\t\t\t\t<\/div>\n\t\t\t\t\t<\/div>\n\t\t<\/section>\n\t\t\t\t\t\t\t\t\t<\/div>\n\t\t\t<\/div>\n\t\t\t\t\t<\/div>\n\t\t","protected":false},"excerpt":{"rendered":"<p>Quieres formar parte de la familia Madison? Siempre estamos abiertos a nuevas incorporaciones Sea cual sea tu idioma, si te apasiona la ense\u00f1anza de las lenguas, no lo dudes: env\u00edanos tu curr\u00edculum y concertaremos una entrevista contigo lo antes posible.\u00a0 &hellip; <a href=\"https:\/\/www.madisonidiomes.com\/es\/trabaja-con-nosotros\/\">Continuar<\/a><\/p>\n","protected":false},"author":4,"featured_media":0,"parent":0,"menu_order":0,"comment_status":"closed","ping_status":"closed","template":"","meta":[],"yoast_head":"<!-- This site is optimized with the Yoast SEO plugin v18.6 - https:\/\/yoast.com\/wordpress\/plugins\/seo\/ -->\n<title>Trabaja con nosotros | Escola d&#039;Idiomes Madison<\/title>\n<meta name=\"robots\" content=\"index, follow, max-snippet:-1, max-image-preview:large, max-video-preview:-1\" \/>\n<link rel=\"canonical\" href=\"https:\/\/www.madisonidiomes.com\/es\/trabaja-con-nosotros\/\" \/>\n<meta property=\"og:locale\" content=\"es_ES\" \/>\n<meta property=\"og:type\" content=\"article\" \/>\n<meta property=\"og:title\" content=\"Trabaja con nosotros | Escola d&#039;Idiomes Madison\" \/>\n<meta property=\"og:description\" content=\"Quieres formar parte de la familia Madison? Siempre estamos abiertos a nuevas incorporaciones Sea cual sea tu idioma, si te apasiona la ense\u00f1anza de las lenguas, no lo dudes: env\u00edanos tu curr\u00edculum y concertaremos una entrevista contigo lo antes posible.\u00a0 &hellip; Continuar\" \/>\n<meta property=\"og:url\" content=\"https:\/\/www.madisonidiomes.com\/es\/trabaja-con-nosotros\/\" \/>\n<meta property=\"og:site_name\" content=\"Escola d&#039;Idiomes Madison\" \/>\n<meta property=\"article:publisher\" content=\"https:\/\/www.facebook.com\/escola.madison\" \/>\n<meta property=\"article:modified_time\" content=\"2026-03-20T16:50:41+00:00\" \/>\n<meta property=\"og:image\" content=\"https:\/\/www.madisonidiomes.com\/wp-content\/uploads\/2025\/03\/corporate-business-people-1-1024x317.jpg\" \/>\n<meta name=\"twitter:card\" content=\"summary_large_image\" \/>\n<meta name=\"twitter:site\" content=\"@IdiomesMadison\" \/>\n<meta name=\"twitter:label1\" content=\"Tiempo de lectura\" \/>\n\t<meta name=\"twitter:data1\" content=\"1 minuto\" \/>\n<script type=\"application\/ld+json\" class=\"yoast-schema-graph\">{\"@context\":\"https:\/\/schema.org\",\"@graph\":[{\"@type\":\"Organization\",\"@id\":\"https:\/\/www.madisonidiomes.com\/#organization\",\"name\":\"Escola d'Idiomes Madison\",\"url\":\"https:\/\/www.madisonidiomes.com\/\",\"sameAs\":[\"https:\/\/www.facebook.com\/escola.madison\",\"https:\/\/www.instagram.com\/idiomesmadison\/\",\"https:\/\/www.linkedin.com\/company\/madisonidiomes\/\",\"https:\/\/www.youtube.com\/channel\/UCxAYgYf_afDUB9Ep-ecKMew\/feed\",\"https:\/\/twitter.com\/IdiomesMadison\"],\"logo\":{\"@type\":\"ImageObject\",\"@id\":\"https:\/\/www.madisonidiomes.com\/#logo\",\"inLanguage\":\"es\",\"url\":\"https:\/\/madisonidiomes.com\/wp-content\/uploads\/2018\/05\/Logo-Madison_2018.jpg\",\"contentUrl\":\"https:\/\/madisonidiomes.com\/wp-content\/uploads\/2018\/05\/Logo-Madison_2018.jpg\",\"width\":406,\"height\":104,\"caption\":\"Escola d'Idiomes Madison\"},\"image\":{\"@id\":\"https:\/\/www.madisonidiomes.com\/#logo\"}},{\"@type\":\"WebSite\",\"@id\":\"https:\/\/www.madisonidiomes.com\/#website\",\"url\":\"https:\/\/www.madisonidiomes.com\/\",\"name\":\"Escola d&#039;Idiomes Madison\",\"description\":\"Acad\u00e8mia d&#039;idiomes a Manresa i Sant Fruit\u00f3s\",\"publisher\":{\"@id\":\"https:\/\/www.madisonidiomes.com\/#organization\"},\"potentialAction\":[{\"@type\":\"SearchAction\",\"target\":{\"@type\":\"EntryPoint\",\"urlTemplate\":\"https:\/\/www.madisonidiomes.com\/?s={search_term_string}\"},\"query-input\":\"required name=search_term_string\"}],\"inLanguage\":\"es\"},{\"@type\":\"ImageObject\",\"@id\":\"https:\/\/www.madisonidiomes.com\/es\/trabaja-con-nosotros\/#primaryimage\",\"inLanguage\":\"es\",\"url\":\"https:\/\/www.madisonidiomes.com\/wp-content\/uploads\/2025\/03\/corporate-business-people-1.jpg\",\"contentUrl\":\"https:\/\/www.madisonidiomes.com\/wp-content\/uploads\/2025\/03\/corporate-business-people-1.jpg\",\"width\":2560,\"height\":792},{\"@type\":\"WebPage\",\"@id\":\"https:\/\/www.madisonidiomes.com\/es\/trabaja-con-nosotros\/#webpage\",\"url\":\"https:\/\/www.madisonidiomes.com\/es\/trabaja-con-nosotros\/\",\"name\":\"Trabaja con nosotros | Escola d&#039;Idiomes Madison\",\"isPartOf\":{\"@id\":\"https:\/\/www.madisonidiomes.com\/#website\"},\"primaryImageOfPage\":{\"@id\":\"https:\/\/www.madisonidiomes.com\/es\/trabaja-con-nosotros\/#primaryimage\"},\"datePublished\":\"2018-03-13T15:57:09+00:00\",\"dateModified\":\"2026-03-20T16:50:41+00:00\",\"breadcrumb\":{\"@id\":\"https:\/\/www.madisonidiomes.com\/es\/trabaja-con-nosotros\/#breadcrumb\"},\"inLanguage\":\"es\",\"potentialAction\":[{\"@type\":\"ReadAction\",\"target\":[\"https:\/\/www.madisonidiomes.com\/es\/trabaja-con-nosotros\/\"]}]},{\"@type\":\"BreadcrumbList\",\"@id\":\"https:\/\/www.madisonidiomes.com\/es\/trabaja-con-nosotros\/#breadcrumb\",\"itemListElement\":[{\"@type\":\"ListItem\",\"position\":1,\"name\":\"Inici\",\"item\":\"https:\/\/www.madisonidiomes.com\/es\/\"},{\"@type\":\"ListItem\",\"position\":2,\"name\":\"Trabaja con nosotros\"}]}]}<\/script>\n<!-- \/ Yoast SEO plugin. -->","yoast_head_json":{"title":"Trabaja con nosotros | Escola d&#039;Idiomes Madison","robots":{"index":"index","follow":"follow","max-snippet":"max-snippet:-1","max-image-preview":"max-image-preview:large","max-video-preview":"max-video-preview:-1"},"canonical":"https:\/\/www.madisonidiomes.com\/es\/trabaja-con-nosotros\/","og_locale":"es_ES","og_type":"article","og_title":"Trabaja con nosotros | Escola d&#039;Idiomes Madison","og_description":"Quieres formar parte de la familia Madison? Siempre estamos abiertos a nuevas incorporaciones Sea cual sea tu idioma, si te apasiona la ense\u00f1anza de las lenguas, no lo dudes: env\u00edanos tu curr\u00edculum y concertaremos una entrevista contigo lo antes posible.\u00a0 &hellip; Continuar","og_url":"https:\/\/www.madisonidiomes.com\/es\/trabaja-con-nosotros\/","og_site_name":"Escola d&#039;Idiomes Madison","article_publisher":"https:\/\/www.facebook.com\/escola.madison","article_modified_time":"2026-03-20T16:50:41+00:00","og_image":[{"url":"https:\/\/www.madisonidiomes.com\/wp-content\/uploads\/2025\/03\/corporate-business-people-1-1024x317.jpg"}],"twitter_card":"summary_large_image","twitter_site":"@IdiomesMadison","twitter_misc":{"Tiempo de lectura":"1 minuto"},"schema":{"@context":"https:\/\/schema.org","@graph":[{"@type":"Organization","@id":"https:\/\/www.madisonidiomes.com\/#organization","name":"Escola d'Idiomes Madison","url":"https:\/\/www.madisonidiomes.com\/","sameAs":["https:\/\/www.facebook.com\/escola.madison","https:\/\/www.instagram.com\/idiomesmadison\/","https:\/\/www.linkedin.com\/company\/madisonidiomes\/","https:\/\/www.youtube.com\/channel\/UCxAYgYf_afDUB9Ep-ecKMew\/feed","https:\/\/twitter.com\/IdiomesMadison"],"logo":{"@type":"ImageObject","@id":"https:\/\/www.madisonidiomes.com\/#logo","inLanguage":"es","url":"https:\/\/madisonidiomes.com\/wp-content\/uploads\/2018\/05\/Logo-Madison_2018.jpg","contentUrl":"https:\/\/madisonidiomes.com\/wp-content\/uploads\/2018\/05\/Logo-Madison_2018.jpg","width":406,"height":104,"caption":"Escola d'Idiomes Madison"},"image":{"@id":"https:\/\/www.madisonidiomes.com\/#logo"}},{"@type":"WebSite","@id":"https:\/\/www.madisonidiomes.com\/#website","url":"https:\/\/www.madisonidiomes.com\/","name":"Escola d&#039;Idiomes Madison","description":"Acad\u00e8mia d&#039;idiomes a Manresa i Sant Fruit\u00f3s","publisher":{"@id":"https:\/\/www.madisonidiomes.com\/#organization"},"potentialAction":[{"@type":"SearchAction","target":{"@type":"EntryPoint","urlTemplate":"https:\/\/www.madisonidiomes.com\/?s={search_term_string}"},"query-input":"required name=search_term_string"}],"inLanguage":"es"},{"@type":"ImageObject","@id":"https:\/\/www.madisonidiomes.com\/es\/trabaja-con-nosotros\/#primaryimage","inLanguage":"es","url":"https:\/\/www.madisonidiomes.com\/wp-content\/uploads\/2025\/03\/corporate-business-people-1.jpg","contentUrl":"https:\/\/www.madisonidiomes.com\/wp-content\/uploads\/2025\/03\/corporate-business-people-1.jpg","width":2560,"height":792},{"@type":"WebPage","@id":"https:\/\/www.madisonidiomes.com\/es\/trabaja-con-nosotros\/#webpage","url":"https:\/\/www.madisonidiomes.com\/es\/trabaja-con-nosotros\/","name":"Trabaja con nosotros | Escola d&#039;Idiomes Madison","isPartOf":{"@id":"https:\/\/www.madisonidiomes.com\/#website"},"primaryImageOfPage":{"@id":"https:\/\/www.madisonidiomes.com\/es\/trabaja-con-nosotros\/#primaryimage"},"datePublished":"2018-03-13T15:57:09+00:00","dateModified":"2026-03-20T16:50:41+00:00","breadcrumb":{"@id":"https:\/\/www.madisonidiomes.com\/es\/trabaja-con-nosotros\/#breadcrumb"},"inLanguage":"es","potentialAction":[{"@type":"ReadAction","target":["https:\/\/www.madisonidiomes.com\/es\/trabaja-con-nosotros\/"]}]},{"@type":"BreadcrumbList","@id":"https:\/\/www.madisonidiomes.com\/es\/trabaja-con-nosotros\/#breadcrumb","itemListElement":[{"@type":"ListItem","position":1,"name":"Inici","item":"https:\/\/www.madisonidiomes.com\/es\/"},{"@type":"ListItem","position":2,"name":"Trabaja con nosotros"}]}]}},"_links":{"self":[{"href":"https:\/\/www.madisonidiomes.com\/es\/wp-json\/wp\/v2\/pages\/3834\/"}],"collection":[{"href":"https:\/\/www.madisonidiomes.com\/es\/wp-json\/wp\/v2\/pages\/"}],"about":[{"href":"https:\/\/www.madisonidiomes.com\/es\/wp-json\/wp\/v2\/types\/page\/"}],"author":[{"embeddable":true,"href":"https:\/\/www.madisonidiomes.com\/es\/wp-json\/wp\/v2\/users\/4\/"}],"replies":[{"embeddable":true,"href":"https:\/\/www.madisonidiomes.com\/es\/wp-json\/wp\/v2\/comments\/?post=3834"}],"version-history":[{"count":10,"href":"https:\/\/www.madisonidiomes.com\/es\/wp-json\/wp\/v2\/pages\/3834\/revisions\/"}],"predecessor-version":[{"id":9171,"href":"https:\/\/www.madisonidiomes.com\/es\/wp-json\/wp\/v2\/pages\/3834\/revisions\/9171\/"}],"wp:attachment":[{"href":"https:\/\/www.madisonidiomes.com\/es\/wp-json\/wp\/v2\/media\/?parent=3834"}],"curies":[{"name":"wp","href":"https:\/\/api.w.org\/{rel}","templated":true}]}}