{"id":3850,"date":"2018-03-15T11:42:50","date_gmt":"2018-03-15T10:42:50","guid":{"rendered":"https:\/\/madisonidiomes.com\/certificacio-oficial\/"},"modified":"2026-03-20T18:27:24","modified_gmt":"2026-03-20T17:27:24","slug":"titulos-oficiales","status":"publish","type":"page","link":"https:\/\/www.madisonidiomes.com\/es\/titulos-oficiales\/","title":{"rendered":"T\u00edtulos Oficiales"},"content":{"rendered":"\t\t<div data-elementor-type=\"wp-page\" data-elementor-id=\"3850\" class=\"elementor elementor-3850\">\n\t\t\t\t\t\t<div class=\"elementor-inner\">\n\t\t\t\t<div class=\"elementor-section-wrap\">\n\t\t\t\t\t\t\t\t\t<section class=\"elementor-section elementor-top-section elementor-element elementor-element-43fc7f60 elementor-section-boxed elementor-section-height-default elementor-section-height-default\" data-id=\"43fc7f60\" data-element_type=\"section\">\n\t\t\t\t\t\t<div class=\"elementor-container elementor-column-gap-default\">\n\t\t\t\t\t\t\t<div class=\"elementor-row\">\n\t\t\t\t\t<div class=\"elementor-column elementor-col-100 elementor-top-column elementor-element elementor-element-b6b2809\" data-id=\"b6b2809\" data-element_type=\"column\">\n\t\t\t<div class=\"elementor-column-wrap elementor-element-populated\">\n\t\t\t\t\t\t\t<div class=\"elementor-widget-wrap\">\n\t\t\t\t\t\t<div class=\"elementor-element elementor-element-10b1124e elementor-widget elementor-widget-text-editor\" data-id=\"10b1124e\" data-element_type=\"widget\" data-widget_type=\"text-editor.default\">\n\t\t\t\t<div class=\"elementor-widget-container\">\n\t\t\t\t\t\t\t\t<div class=\"elementor-text-editor elementor-clearfix\">\n\t\t\t\t<h1><span lang=\"EN-US\">Ex\u00e1menes oficiales de nivel A1 hasta C2<\/span><\/h1><h2><span lang=\"EN-US\">Cambridge exams, IELTS, TOEFL, Trinity<\/span><\/h2><p><span lang=\"EN-US\">Para poder alcanzar tus objetivos acad\u00e9micos y laborales necesitar\u00e1s certificar tu nivel de ingl\u00e9s.\u00a0<\/span><\/p><p>Al ser Centro Acreditado por la Universidad de Barcelona<span lang=\"EN-US\"><strong> nuestros alumnos obtienen los certificados correspondientes expedidos por la Universidad de Barcelona<\/strong>. En consecuencia, nuestros alumnos de ingl\u00e9s pueden certificar\u00a0<strong>desde el nivel preA1 (Kids 5 y Kids 6) hasta el C2.2<\/strong>, una vez superados los ex\u00e1menes finales correspondientes.<\/span><\/p><p><span lang=\"EN-US\">En\u00a0 Madison te ofrecemos la posibildad de asistir a clases de\u00a0preparaci\u00f3n para los ex\u00e1menes oficiales de Cambridge de nivel B2, C1 y C2, correspondientes al <strong>First Certificate, el Certificate Advanced y el Proficiency Exam.<\/strong><\/span><\/p><p>Tambi\u00e9n puedes certificarte a trav\u00e9s de otras instituciones acad\u00e9micas como el<strong> Trinity College, <\/strong>del que somos centro examinador de nivel A1 a C2, o prepararte para los ex\u00e1menes internacionales<strong> TOEFL y IELTS.<\/strong><\/p>\t\t\t\t\t<\/div>\n\t\t\t\t\t\t<\/div>\n\t\t\t\t<\/div>\n\t\t\t\t\t\t<\/div>\n\t\t\t\t\t<\/div>\n\t\t<\/div>\n\t\t\t\t\t\t\t\t<\/div>\n\t\t\t\t\t<\/div>\n\t\t<\/section>\n\t\t\t\t<section class=\"elementor-section elementor-top-section elementor-element elementor-element-fb5cd69 elementor-section-boxed elementor-section-height-default elementor-section-height-default\" data-id=\"fb5cd69\" data-element_type=\"section\">\n\t\t\t\t\t\t<div class=\"elementor-container elementor-column-gap-default\">\n\t\t\t\t\t\t\t<div class=\"elementor-row\">\n\t\t\t\t\t<div class=\"elementor-column elementor-col-33 elementor-top-column elementor-element elementor-element-b102df7\" data-id=\"b102df7\" data-element_type=\"column\">\n\t\t\t<div class=\"elementor-column-wrap elementor-element-populated\">\n\t\t\t\t\t\t\t<div class=\"elementor-widget-wrap\">\n\t\t\t\t\t\t<div class=\"elementor-element elementor-element-6269786 elementor-widget elementor-widget-image\" data-id=\"6269786\" data-element_type=\"widget\" data-widget_type=\"image.default\">\n\t\t\t\t<div class=\"elementor-widget-container\">\n\t\t\t\t\t\t\t\t<div class=\"elementor-image\">\n\t\t\t\t\t\t\t\t\t\t\t\t\t<a href=\"https:\/\/www.madisonidiomes.com\/es\/acreditacio-ub\/\">\n\t\t\t\t\t\t\t<img width=\"300\" height=\"200\" src=\"https:\/\/www.madisonidiomes.com\/wp-content\/uploads\/2026\/03\/Cartell-Centre-Acreditat4-1-1024x683-1-300x200.png\" class=\"attachment-medium size-medium\" alt=\"\" srcset=\"https:\/\/www.madisonidiomes.com\/wp-content\/uploads\/2026\/03\/Cartell-Centre-Acreditat4-1-1024x683-1-300x200.png 300w, https:\/\/www.madisonidiomes.com\/wp-content\/uploads\/2026\/03\/Cartell-Centre-Acreditat4-1-1024x683-1-768x512.png 768w, https:\/\/www.madisonidiomes.com\/wp-content\/uploads\/2026\/03\/Cartell-Centre-Acreditat4-1-1024x683-1.png 1024w\" sizes=\"(max-width: 300px) 100vw, 300px\" \/>\t\t\t\t\t\t\t\t<\/a>\n\t\t\t\t\t\t\t\t\t\t\t\t\t\t<\/div>\n\t\t\t\t\t\t<\/div>\n\t\t\t\t<\/div>\n\t\t\t\t\t\t<\/div>\n\t\t\t\t\t<\/div>\n\t\t<\/div>\n\t\t\t\t<div class=\"elementor-column elementor-col-33 elementor-top-column elementor-element elementor-element-82ffba6\" data-id=\"82ffba6\" data-element_type=\"column\">\n\t\t\t<div class=\"elementor-column-wrap elementor-element-populated\">\n\t\t\t\t\t\t\t<div class=\"elementor-widget-wrap\">\n\t\t\t\t\t\t<div class=\"elementor-element elementor-element-e9436d7 elementor-widget elementor-widget-image\" data-id=\"e9436d7\" data-element_type=\"widget\" data-widget_type=\"image.default\">\n\t\t\t\t<div class=\"elementor-widget-container\">\n\t\t\t\t\t\t\t\t<div class=\"elementor-image\">\n\t\t\t\t\t\t\t\t\t\t\t\t\t<a href=\"https:\/\/www.madisonidiomes.com\/es\/cambridge-exams\/\">\n\t\t\t\t\t\t\t<img width=\"300\" height=\"138\" src=\"https:\/\/www.madisonidiomes.com\/wp-content\/uploads\/2026\/03\/cambridge-300x138.jpg\" class=\"attachment-medium size-medium\" alt=\"\" srcset=\"https:\/\/www.madisonidiomes.com\/wp-content\/uploads\/2026\/03\/cambridge-300x138.jpg 300w, https:\/\/www.madisonidiomes.com\/wp-content\/uploads\/2026\/03\/cambridge.jpg 348w\" sizes=\"(max-width: 300px) 100vw, 300px\" \/>\t\t\t\t\t\t\t\t<\/a>\n\t\t\t\t\t\t\t\t\t\t\t\t\t\t<\/div>\n\t\t\t\t\t\t<\/div>\n\t\t\t\t<\/div>\n\t\t\t\t\t\t<\/div>\n\t\t\t\t\t<\/div>\n\t\t<\/div>\n\t\t\t\t<div class=\"elementor-column elementor-col-33 elementor-top-column elementor-element elementor-element-3a7d252\" data-id=\"3a7d252\" data-element_type=\"column\">\n\t\t\t<div class=\"elementor-column-wrap elementor-element-populated\">\n\t\t\t\t\t\t\t<div class=\"elementor-widget-wrap\">\n\t\t\t\t\t\t<div class=\"elementor-element elementor-element-b0e60c2 elementor-widget elementor-widget-image\" data-id=\"b0e60c2\" data-element_type=\"widget\" data-widget_type=\"image.default\">\n\t\t\t\t<div class=\"elementor-widget-container\">\n\t\t\t\t\t\t\t\t<div class=\"elementor-image\">\n\t\t\t\t\t\t\t\t\t\t\t\t\t<a href=\"https:\/\/www.madisonidiomes.com\/es\/ielts\/\">\n\t\t\t\t\t\t\t<img width=\"300\" height=\"97\" src=\"https:\/\/www.madisonidiomes.com\/wp-content\/uploads\/2026\/03\/IELTSlogo-300x97.gif\" class=\"attachment-medium size-medium\" alt=\"\" \/>\t\t\t\t\t\t\t\t<\/a>\n\t\t\t\t\t\t\t\t\t\t\t\t\t\t<\/div>\n\t\t\t\t\t\t<\/div>\n\t\t\t\t<\/div>\n\t\t\t\t\t\t<\/div>\n\t\t\t\t\t<\/div>\n\t\t<\/div>\n\t\t\t\t\t\t\t\t<\/div>\n\t\t\t\t\t<\/div>\n\t\t<\/section>\n\t\t\t\t<section class=\"elementor-section elementor-top-section elementor-element elementor-element-91ff69f elementor-section-boxed elementor-section-height-default elementor-section-height-default\" data-id=\"91ff69f\" data-element_type=\"section\">\n\t\t\t\t\t\t<div class=\"elementor-container elementor-column-gap-default\">\n\t\t\t\t\t\t\t<div class=\"elementor-row\">\n\t\t\t\t\t<div class=\"elementor-column elementor-col-50 elementor-top-column elementor-element elementor-element-3c2e2c4\" data-id=\"3c2e2c4\" data-element_type=\"column\">\n\t\t\t<div class=\"elementor-column-wrap elementor-element-populated\">\n\t\t\t\t\t\t\t<div class=\"elementor-widget-wrap\">\n\t\t\t\t\t\t<div class=\"elementor-element elementor-element-3b02dc2 elementor-widget elementor-widget-image\" data-id=\"3b02dc2\" data-element_type=\"widget\" data-widget_type=\"image.default\">\n\t\t\t\t<div class=\"elementor-widget-container\">\n\t\t\t\t\t\t\t\t<div class=\"elementor-image\">\n\t\t\t\t\t\t\t\t\t\t\t\t\t<a href=\"https:\/\/www.madisonidiomes.com\/es\/trinity-exams\/\">\n\t\t\t\t\t\t\t<img width=\"300\" height=\"114\" src=\"https:\/\/www.madisonidiomes.com\/wp-content\/uploads\/2026\/03\/trinity_college_london-300x114.png\" class=\"attachment-medium size-medium\" alt=\"\" srcset=\"https:\/\/www.madisonidiomes.com\/wp-content\/uploads\/2026\/03\/trinity_college_london-300x114.png 300w, https:\/\/www.madisonidiomes.com\/wp-content\/uploads\/2026\/03\/trinity_college_london-1024x388.png 1024w, https:\/\/www.madisonidiomes.com\/wp-content\/uploads\/2026\/03\/trinity_college_london-768x291.png 768w, https:\/\/www.madisonidiomes.com\/wp-content\/uploads\/2026\/03\/trinity_college_london.png 1055w\" sizes=\"(max-width: 300px) 100vw, 300px\" \/>\t\t\t\t\t\t\t\t<\/a>\n\t\t\t\t\t\t\t\t\t\t\t\t\t\t<\/div>\n\t\t\t\t\t\t<\/div>\n\t\t\t\t<\/div>\n\t\t\t\t\t\t<\/div>\n\t\t\t\t\t<\/div>\n\t\t<\/div>\n\t\t\t\t<div class=\"elementor-column elementor-col-50 elementor-top-column elementor-element elementor-element-dd0ac26\" data-id=\"dd0ac26\" data-element_type=\"column\">\n\t\t\t<div class=\"elementor-column-wrap elementor-element-populated\">\n\t\t\t\t\t\t\t<div class=\"elementor-widget-wrap\">\n\t\t\t\t\t\t<div class=\"elementor-element elementor-element-3ef618f elementor-widget elementor-widget-image\" data-id=\"3ef618f\" data-element_type=\"widget\" data-widget_type=\"image.default\">\n\t\t\t\t<div class=\"elementor-widget-container\">\n\t\t\t\t\t\t\t\t<div class=\"elementor-image\">\n\t\t\t\t\t\t\t\t\t\t\t\t\t<a href=\"https:\/\/www.madisonidiomes.com\/es\/toefl\/\">\n\t\t\t\t\t\t\t<img width=\"300\" height=\"107\" src=\"https:\/\/www.madisonidiomes.com\/wp-content\/uploads\/2026\/03\/ETS_TOEFL_iBT_periwinkle-1024x366-1-300x107.png\" class=\"attachment-medium size-medium\" alt=\"\" srcset=\"https:\/\/www.madisonidiomes.com\/wp-content\/uploads\/2026\/03\/ETS_TOEFL_iBT_periwinkle-1024x366-1-300x107.png 300w, https:\/\/www.madisonidiomes.com\/wp-content\/uploads\/2026\/03\/ETS_TOEFL_iBT_periwinkle-1024x366-1-768x275.png 768w, https:\/\/www.madisonidiomes.com\/wp-content\/uploads\/2026\/03\/ETS_TOEFL_iBT_periwinkle-1024x366-1.png 1024w\" sizes=\"(max-width: 300px) 100vw, 300px\" \/>\t\t\t\t\t\t\t\t<\/a>\n\t\t\t\t\t\t\t\t\t\t\t\t\t\t<\/div>\n\t\t\t\t\t\t<\/div>\n\t\t\t\t<\/div>\n\t\t\t\t\t\t<\/div>\n\t\t\t\t\t<\/div>\n\t\t<\/div>\n\t\t\t\t\t\t\t\t<\/div>\n\t\t\t\t\t<\/div>\n\t\t<\/section>\n\t\t\t\t\t\t\t\t\t<\/div>\n\t\t\t<\/div>\n\t\t\t\t\t<\/div>\n\t\t","protected":false},"excerpt":{"rendered":"<p>Ex\u00e1menes oficiales de nivel A1 hasta C2 Cambridge exams, IELTS, TOEFL, Trinity Para poder alcanzar tus objetivos acad\u00e9micos y laborales necesitar\u00e1s certificar tu nivel de ingl\u00e9s.\u00a0 Al ser Centro Acreditado por la Universidad de Barcelona nuestros alumnos obtienen los certificados &hellip; <a href=\"https:\/\/www.madisonidiomes.com\/es\/titulos-oficiales\/\">Continuar<\/a><\/p>\n","protected":false},"author":4,"featured_media":0,"parent":0,"menu_order":0,"comment_status":"closed","ping_status":"closed","template":"","meta":[],"yoast_head":"<!-- This site is optimized with the Yoast SEO plugin v18.6 - https:\/\/yoast.com\/wordpress\/plugins\/seo\/ -->\n<title>T\u00edtulos Oficiales | Escola d&#039;Idiomes Madison<\/title>\n<meta name=\"robots\" content=\"index, follow, max-snippet:-1, max-image-preview:large, max-video-preview:-1\" \/>\n<link rel=\"canonical\" href=\"https:\/\/www.madisonidiomes.com\/es\/titulos-oficiales\/\" \/>\n<meta property=\"og:locale\" content=\"es_ES\" \/>\n<meta property=\"og:type\" content=\"article\" \/>\n<meta property=\"og:title\" content=\"T\u00edtulos Oficiales | Escola d&#039;Idiomes Madison\" \/>\n<meta property=\"og:description\" content=\"Ex\u00e1menes oficiales de nivel A1 hasta C2 Cambridge exams, IELTS, TOEFL, Trinity Para poder alcanzar tus objetivos acad\u00e9micos y laborales necesitar\u00e1s certificar tu nivel de ingl\u00e9s.\u00a0 Al ser Centro Acreditado por la Universidad de Barcelona nuestros alumnos obtienen los certificados &hellip; Continuar\" \/>\n<meta property=\"og:url\" content=\"https:\/\/www.madisonidiomes.com\/es\/titulos-oficiales\/\" \/>\n<meta property=\"og:site_name\" content=\"Escola d&#039;Idiomes Madison\" \/>\n<meta property=\"article:publisher\" content=\"https:\/\/www.facebook.com\/escola.madison\" \/>\n<meta property=\"article:modified_time\" content=\"2026-03-20T17:27:24+00:00\" \/>\n<meta property=\"og:image\" content=\"https:\/\/www.madisonidiomes.com\/wp-content\/uploads\/2026\/03\/Cartell-Centre-Acreditat4-1-1024x683-1-300x200.png\" \/>\n<meta name=\"twitter:card\" content=\"summary_large_image\" \/>\n<meta name=\"twitter:site\" content=\"@IdiomesMadison\" \/>\n<meta name=\"twitter:label1\" content=\"Tiempo de lectura\" \/>\n\t<meta name=\"twitter:data1\" content=\"2 minutos\" \/>\n<script type=\"application\/ld+json\" class=\"yoast-schema-graph\">{\"@context\":\"https:\/\/schema.org\",\"@graph\":[{\"@type\":\"Organization\",\"@id\":\"https:\/\/www.madisonidiomes.com\/#organization\",\"name\":\"Escola d'Idiomes Madison\",\"url\":\"https:\/\/www.madisonidiomes.com\/\",\"sameAs\":[\"https:\/\/www.facebook.com\/escola.madison\",\"https:\/\/www.instagram.com\/idiomesmadison\/\",\"https:\/\/www.linkedin.com\/company\/madisonidiomes\/\",\"https:\/\/www.youtube.com\/channel\/UCxAYgYf_afDUB9Ep-ecKMew\/feed\",\"https:\/\/twitter.com\/IdiomesMadison\"],\"logo\":{\"@type\":\"ImageObject\",\"@id\":\"https:\/\/www.madisonidiomes.com\/#logo\",\"inLanguage\":\"es\",\"url\":\"https:\/\/madisonidiomes.com\/wp-content\/uploads\/2018\/05\/Logo-Madison_2018.jpg\",\"contentUrl\":\"https:\/\/madisonidiomes.com\/wp-content\/uploads\/2018\/05\/Logo-Madison_2018.jpg\",\"width\":406,\"height\":104,\"caption\":\"Escola d'Idiomes Madison\"},\"image\":{\"@id\":\"https:\/\/www.madisonidiomes.com\/#logo\"}},{\"@type\":\"WebSite\",\"@id\":\"https:\/\/www.madisonidiomes.com\/#website\",\"url\":\"https:\/\/www.madisonidiomes.com\/\",\"name\":\"Escola d&#039;Idiomes Madison\",\"description\":\"Acad\u00e8mia d&#039;idiomes a Manresa i Sant Fruit\u00f3s\",\"publisher\":{\"@id\":\"https:\/\/www.madisonidiomes.com\/#organization\"},\"potentialAction\":[{\"@type\":\"SearchAction\",\"target\":{\"@type\":\"EntryPoint\",\"urlTemplate\":\"https:\/\/www.madisonidiomes.com\/?s={search_term_string}\"},\"query-input\":\"required name=search_term_string\"}],\"inLanguage\":\"es\"},{\"@type\":\"ImageObject\",\"@id\":\"https:\/\/www.madisonidiomes.com\/es\/titulos-oficiales\/#primaryimage\",\"inLanguage\":\"es\",\"url\":\"https:\/\/www.madisonidiomes.com\/wp-content\/uploads\/2026\/03\/Cartell-Centre-Acreditat4-1-1024x683-1.png\",\"contentUrl\":\"https:\/\/www.madisonidiomes.com\/wp-content\/uploads\/2026\/03\/Cartell-Centre-Acreditat4-1-1024x683-1.png\",\"width\":1024,\"height\":683},{\"@type\":\"WebPage\",\"@id\":\"https:\/\/www.madisonidiomes.com\/es\/titulos-oficiales\/#webpage\",\"url\":\"https:\/\/www.madisonidiomes.com\/es\/titulos-oficiales\/\",\"name\":\"T\u00edtulos Oficiales | Escola d&#039;Idiomes Madison\",\"isPartOf\":{\"@id\":\"https:\/\/www.madisonidiomes.com\/#website\"},\"primaryImageOfPage\":{\"@id\":\"https:\/\/www.madisonidiomes.com\/es\/titulos-oficiales\/#primaryimage\"},\"datePublished\":\"2018-03-15T10:42:50+00:00\",\"dateModified\":\"2026-03-20T17:27:24+00:00\",\"breadcrumb\":{\"@id\":\"https:\/\/www.madisonidiomes.com\/es\/titulos-oficiales\/#breadcrumb\"},\"inLanguage\":\"es\",\"potentialAction\":[{\"@type\":\"ReadAction\",\"target\":[\"https:\/\/www.madisonidiomes.com\/es\/titulos-oficiales\/\"]}]},{\"@type\":\"BreadcrumbList\",\"@id\":\"https:\/\/www.madisonidiomes.com\/es\/titulos-oficiales\/#breadcrumb\",\"itemListElement\":[{\"@type\":\"ListItem\",\"position\":1,\"name\":\"Inici\",\"item\":\"https:\/\/www.madisonidiomes.com\/es\/\"},{\"@type\":\"ListItem\",\"position\":2,\"name\":\"T\u00edtulos Oficiales\"}]}]}<\/script>\n<!-- \/ Yoast SEO plugin. -->","yoast_head_json":{"title":"T\u00edtulos Oficiales | Escola d&#039;Idiomes Madison","robots":{"index":"index","follow":"follow","max-snippet":"max-snippet:-1","max-image-preview":"max-image-preview:large","max-video-preview":"max-video-preview:-1"},"canonical":"https:\/\/www.madisonidiomes.com\/es\/titulos-oficiales\/","og_locale":"es_ES","og_type":"article","og_title":"T\u00edtulos Oficiales | Escola d&#039;Idiomes Madison","og_description":"Ex\u00e1menes oficiales de nivel A1 hasta C2 Cambridge exams, IELTS, TOEFL, Trinity Para poder alcanzar tus objetivos acad\u00e9micos y laborales necesitar\u00e1s certificar tu nivel de ingl\u00e9s.\u00a0 Al ser Centro Acreditado por la Universidad de Barcelona nuestros alumnos obtienen los certificados &hellip; Continuar","og_url":"https:\/\/www.madisonidiomes.com\/es\/titulos-oficiales\/","og_site_name":"Escola d&#039;Idiomes Madison","article_publisher":"https:\/\/www.facebook.com\/escola.madison","article_modified_time":"2026-03-20T17:27:24+00:00","og_image":[{"url":"https:\/\/www.madisonidiomes.com\/wp-content\/uploads\/2026\/03\/Cartell-Centre-Acreditat4-1-1024x683-1-300x200.png"}],"twitter_card":"summary_large_image","twitter_site":"@IdiomesMadison","twitter_misc":{"Tiempo de lectura":"2 minutos"},"schema":{"@context":"https:\/\/schema.org","@graph":[{"@type":"Organization","@id":"https:\/\/www.madisonidiomes.com\/#organization","name":"Escola d'Idiomes Madison","url":"https:\/\/www.madisonidiomes.com\/","sameAs":["https:\/\/www.facebook.com\/escola.madison","https:\/\/www.instagram.com\/idiomesmadison\/","https:\/\/www.linkedin.com\/company\/madisonidiomes\/","https:\/\/www.youtube.com\/channel\/UCxAYgYf_afDUB9Ep-ecKMew\/feed","https:\/\/twitter.com\/IdiomesMadison"],"logo":{"@type":"ImageObject","@id":"https:\/\/www.madisonidiomes.com\/#logo","inLanguage":"es","url":"https:\/\/madisonidiomes.com\/wp-content\/uploads\/2018\/05\/Logo-Madison_2018.jpg","contentUrl":"https:\/\/madisonidiomes.com\/wp-content\/uploads\/2018\/05\/Logo-Madison_2018.jpg","width":406,"height":104,"caption":"Escola d'Idiomes Madison"},"image":{"@id":"https:\/\/www.madisonidiomes.com\/#logo"}},{"@type":"WebSite","@id":"https:\/\/www.madisonidiomes.com\/#website","url":"https:\/\/www.madisonidiomes.com\/","name":"Escola d&#039;Idiomes Madison","description":"Acad\u00e8mia d&#039;idiomes a Manresa i Sant Fruit\u00f3s","publisher":{"@id":"https:\/\/www.madisonidiomes.com\/#organization"},"potentialAction":[{"@type":"SearchAction","target":{"@type":"EntryPoint","urlTemplate":"https:\/\/www.madisonidiomes.com\/?s={search_term_string}"},"query-input":"required name=search_term_string"}],"inLanguage":"es"},{"@type":"ImageObject","@id":"https:\/\/www.madisonidiomes.com\/es\/titulos-oficiales\/#primaryimage","inLanguage":"es","url":"https:\/\/www.madisonidiomes.com\/wp-content\/uploads\/2026\/03\/Cartell-Centre-Acreditat4-1-1024x683-1.png","contentUrl":"https:\/\/www.madisonidiomes.com\/wp-content\/uploads\/2026\/03\/Cartell-Centre-Acreditat4-1-1024x683-1.png","width":1024,"height":683},{"@type":"WebPage","@id":"https:\/\/www.madisonidiomes.com\/es\/titulos-oficiales\/#webpage","url":"https:\/\/www.madisonidiomes.com\/es\/titulos-oficiales\/","name":"T\u00edtulos Oficiales | Escola d&#039;Idiomes Madison","isPartOf":{"@id":"https:\/\/www.madisonidiomes.com\/#website"},"primaryImageOfPage":{"@id":"https:\/\/www.madisonidiomes.com\/es\/titulos-oficiales\/#primaryimage"},"datePublished":"2018-03-15T10:42:50+00:00","dateModified":"2026-03-20T17:27:24+00:00","breadcrumb":{"@id":"https:\/\/www.madisonidiomes.com\/es\/titulos-oficiales\/#breadcrumb"},"inLanguage":"es","potentialAction":[{"@type":"ReadAction","target":["https:\/\/www.madisonidiomes.com\/es\/titulos-oficiales\/"]}]},{"@type":"BreadcrumbList","@id":"https:\/\/www.madisonidiomes.com\/es\/titulos-oficiales\/#breadcrumb","itemListElement":[{"@type":"ListItem","position":1,"name":"Inici","item":"https:\/\/www.madisonidiomes.com\/es\/"},{"@type":"ListItem","position":2,"name":"T\u00edtulos Oficiales"}]}]}},"_links":{"self":[{"href":"https:\/\/www.madisonidiomes.com\/es\/wp-json\/wp\/v2\/pages\/3850\/"}],"collection":[{"href":"https:\/\/www.madisonidiomes.com\/es\/wp-json\/wp\/v2\/pages\/"}],"about":[{"href":"https:\/\/www.madisonidiomes.com\/es\/wp-json\/wp\/v2\/types\/page\/"}],"author":[{"embeddable":true,"href":"https:\/\/www.madisonidiomes.com\/es\/wp-json\/wp\/v2\/users\/4\/"}],"replies":[{"embeddable":true,"href":"https:\/\/www.madisonidiomes.com\/es\/wp-json\/wp\/v2\/comments\/?post=3850"}],"version-history":[{"count":36,"href":"https:\/\/www.madisonidiomes.com\/es\/wp-json\/wp\/v2\/pages\/3850\/revisions\/"}],"predecessor-version":[{"id":9233,"href":"https:\/\/www.madisonidiomes.com\/es\/wp-json\/wp\/v2\/pages\/3850\/revisions\/9233\/"}],"wp:attachment":[{"href":"https:\/\/www.madisonidiomes.com\/es\/wp-json\/wp\/v2\/media\/?parent=3850"}],"curies":[{"name":"wp","href":"https:\/\/api.w.org\/{rel}","templated":true}]}}