{"id":4008,"date":"2018-04-06T09:38:49","date_gmt":"2018-04-06T07:38:49","guid":{"rendered":"https:\/\/madisonidiomes.com\/cambridge-first-fce\/"},"modified":"2026-03-19T17:23:14","modified_gmt":"2026-03-19T16:23:14","slug":"cambridge-exams","status":"publish","type":"page","link":"https:\/\/www.madisonidiomes.com\/es\/cambridge-exams\/","title":{"rendered":"Cambridge Exams"},"content":{"rendered":"\t\t<div data-elementor-type=\"wp-page\" data-elementor-id=\"4008\" class=\"elementor elementor-4008\">\n\t\t\t\t\t\t<div class=\"elementor-inner\">\n\t\t\t\t<div class=\"elementor-section-wrap\">\n\t\t\t\t\t\t\t\t\t<section class=\"elementor-section elementor-top-section elementor-element elementor-element-1e01a056 elementor-section-boxed elementor-section-height-default elementor-section-height-default\" data-id=\"1e01a056\" data-element_type=\"section\">\n\t\t\t\t\t\t<div class=\"elementor-container elementor-column-gap-default\">\n\t\t\t\t\t\t\t<div class=\"elementor-row\">\n\t\t\t\t\t<div class=\"elementor-column elementor-col-100 elementor-top-column elementor-element elementor-element-116e7847\" data-id=\"116e7847\" data-element_type=\"column\">\n\t\t\t<div class=\"elementor-column-wrap elementor-element-populated\">\n\t\t\t\t\t\t\t<div class=\"elementor-widget-wrap\">\n\t\t\t\t\t\t<div class=\"elementor-element elementor-element-156934b2 elementor-widget elementor-widget-text-editor\" data-id=\"156934b2\" data-element_type=\"widget\" data-widget_type=\"text-editor.default\">\n\t\t\t\t<div class=\"elementor-widget-container\">\n\t\t\t\t\t\t\t\t<div class=\"elementor-text-editor elementor-clearfix\">\n\t\t\t\t<p data-start=\"0\" data-end=\"74\">Los certificados de Cambridge English suponen un t\u00edtulo para toda la vida.<\/p><p data-start=\"76\" data-end=\"159\">Hay seis niveles de habilidad que van desde el m\u00e1s elemental hasta el m\u00e1s avanzado:<\/p><p data-start=\"161\" data-end=\"274\">A1, A2 (KET), B1 (PET), B2 (FCE), C1 (CAE) y C2 (CPE), y est\u00e1n definidos en el <strong>Marco Com\u00fan Europeo de Referencia.<\/strong><\/p><p data-start=\"276\" data-end=\"442\" data-is-last-node=\"\" data-is-only-node=\"\">Madison es centro preparador oficial de Cambridge y ofrece cursos espec\u00edficos para la preparaci\u00f3n del examen <strong>B2 (First Certificate), C1 (Advanced) y C2 (Proficiency).<\/strong><\/p><p>\u00a0<\/p>\t\t\t\t\t<\/div>\n\t\t\t\t\t\t<\/div>\n\t\t\t\t<\/div>\n\t\t\t\t<div class=\"elementor-element elementor-element-d7b0fb6 elementor-aspect-ratio-169 elementor-widget elementor-widget-video\" data-id=\"d7b0fb6\" data-element_type=\"widget\" data-settings=\"{&quot;youtube_url&quot;:&quot;https:\\\/\\\/www.youtube.com\\\/watch?v=UAehOcVfr3Y&amp;t=1s&quot;,&quot;video_type&quot;:&quot;youtube&quot;,&quot;controls&quot;:&quot;yes&quot;,&quot;aspect_ratio&quot;:&quot;169&quot;}\" data-widget_type=\"video.default\">\n\t\t\t\t<div class=\"elementor-widget-container\">\n\t\t\t\t\t<div class=\"elementor-wrapper elementor-fit-aspect-ratio elementor-open-inline\">\n\t\t\t<div class=\"elementor-video\"><\/div>\t\t<\/div>\n\t\t\t\t<\/div>\n\t\t\t\t<\/div>\n\t\t\t\t\t\t<\/div>\n\t\t\t\t\t<\/div>\n\t\t<\/div>\n\t\t\t\t\t\t\t\t<\/div>\n\t\t\t\t\t<\/div>\n\t\t<\/section>\n\t\t\t\t<section class=\"elementor-section elementor-top-section elementor-element elementor-element-f7d5d88 elementor-section-boxed elementor-section-height-default elementor-section-height-default\" data-id=\"f7d5d88\" data-element_type=\"section\">\n\t\t\t\t\t\t<div class=\"elementor-container elementor-column-gap-default\">\n\t\t\t\t\t\t\t<div class=\"elementor-row\">\n\t\t\t\t\t<div class=\"elementor-column elementor-col-100 elementor-top-column elementor-element elementor-element-998e1a5\" data-id=\"998e1a5\" data-element_type=\"column\">\n\t\t\t<div class=\"elementor-column-wrap elementor-element-populated\">\n\t\t\t\t\t\t\t<div class=\"elementor-widget-wrap\">\n\t\t\t\t\t\t<div class=\"elementor-element elementor-element-0d5dd8c elementor-tabs-alignment-stretch elementor-tabs-view-horizontal elementor-widget elementor-widget-tabs\" data-id=\"0d5dd8c\" data-element_type=\"widget\" data-widget_type=\"tabs.default\">\n\t\t\t\t<div class=\"elementor-widget-container\">\n\t\t\t\t\t<div class=\"elementor-tabs\">\n\t\t\t<div class=\"elementor-tabs-wrapper\" role=\"tablist\" >\n\t\t\t\t\t\t\t\t\t<div id=\"elementor-tab-title-1401\" class=\"elementor-tab-title elementor-tab-desktop-title\" aria-selected=\"true\" data-tab=\"1\" role=\"tab\" tabindex=\"0\" aria-controls=\"elementor-tab-content-1401\" aria-expanded=\"false\"><a href=\"\">First (FCE)<\/a><\/div>\n\t\t\t\t\t\t\t\t\t<div id=\"elementor-tab-title-1402\" class=\"elementor-tab-title elementor-tab-desktop-title\" aria-selected=\"false\" data-tab=\"2\" role=\"tab\" tabindex=\"-1\" aria-controls=\"elementor-tab-content-1402\" aria-expanded=\"false\"><a href=\"\">Advanced (CAE)<\/a><\/div>\n\t\t\t\t\t\t\t\t\t<div id=\"elementor-tab-title-1403\" class=\"elementor-tab-title elementor-tab-desktop-title\" aria-selected=\"false\" data-tab=\"3\" role=\"tab\" tabindex=\"-1\" aria-controls=\"elementor-tab-content-1403\" aria-expanded=\"false\"><a href=\"\">Proficiency (CPE)<\/a><\/div>\n\t\t\t\t\t\t\t<\/div>\n\t\t\t<div class=\"elementor-tabs-content-wrapper\" role=\"tablist\" aria-orientation=\"vertical\">\n\t\t\t\t\t\t\t\t\t<div class=\"elementor-tab-title elementor-tab-mobile-title\" aria-selected=\"true\" data-tab=\"1\" role=\"tab\" tabindex=\"0\" aria-controls=\"elementor-tab-content-1401\" aria-expanded=\"false\">First (FCE)<\/div>\n\t\t\t\t\t<div id=\"elementor-tab-content-1401\" class=\"elementor-tab-content elementor-clearfix\" data-tab=\"1\" role=\"tabpanel\" aria-labelledby=\"elementor-tab-title-1401\" tabindex=\"0\" hidden=\"false\"><p>Para superar el examen de FCE (nivel B2 del MCER), se debe obtener una puntuaci\u00f3n m\u00ednima de 60 sobre 100. Si el candidato no alcanza esta puntuaci\u00f3n pero el resultado obtenido es ligeramente inferior (entre 45 y 59), obtendr\u00e1 la certificaci\u00f3n del nivel anterior (nivel B1). El candidato que no llegue a 45 sobre 100 no obtendr\u00e1 ning\u00fan certificado.<\/p><\/div>\n\t\t\t\t\t\t\t\t\t<div class=\"elementor-tab-title elementor-tab-mobile-title\" aria-selected=\"false\" data-tab=\"2\" role=\"tab\" tabindex=\"-1\" aria-controls=\"elementor-tab-content-1402\" aria-expanded=\"false\">Advanced (CAE)<\/div>\n\t\t\t\t\t<div id=\"elementor-tab-content-1402\" class=\"elementor-tab-content elementor-clearfix\" data-tab=\"2\" role=\"tabpanel\" aria-labelledby=\"elementor-tab-title-1402\" tabindex=\"0\" hidden=\"hidden\"><p>Para superar el examen de CAE (nivel C1 del MCER), se debe obtener una puntuaci\u00f3n m\u00ednima de 60 sobre 100. Si el candidato no alcanza esta puntuaci\u00f3n pero el resultado obtenido es ligeramente inferior (entre 45 y 59), obtendr\u00e1 la certificaci\u00f3n del nivel anterior (nivel B2). El candidato que no llegue a 45 sobre 100 no obtendr\u00e1 ning\u00fan certificado.<\/p><\/div>\n\t\t\t\t\t\t\t\t\t<div class=\"elementor-tab-title elementor-tab-mobile-title\" aria-selected=\"false\" data-tab=\"3\" role=\"tab\" tabindex=\"-1\" aria-controls=\"elementor-tab-content-1403\" aria-expanded=\"false\">Proficiency (CPE)<\/div>\n\t\t\t\t\t<div id=\"elementor-tab-content-1403\" class=\"elementor-tab-content elementor-clearfix\" data-tab=\"3\" role=\"tabpanel\" aria-labelledby=\"elementor-tab-title-1403\" tabindex=\"0\" hidden=\"hidden\"><p>Para superar el examen de CPE (nivel C2 del MCER), se debe obtener una puntuaci\u00f3n m\u00ednima de 60 sobre 100. Si el candidato no alcanza esta puntuaci\u00f3n pero el resultado obtenido es ligeramente inferior (entre 45 y 59), obtendr\u00e1 la certificaci\u00f3n del nivel anterior (nivel C1). El candidato que no llegue a 45 sobre 100 no obtendr\u00e1 ning\u00fan certificado.<\/p><\/div>\n\t\t\t\t\t\t\t<\/div>\n\t\t<\/div>\n\t\t\t\t<\/div>\n\t\t\t\t<\/div>\n\t\t\t\t\t\t<\/div>\n\t\t\t\t\t<\/div>\n\t\t<\/div>\n\t\t\t\t\t\t\t\t<\/div>\n\t\t\t\t\t<\/div>\n\t\t<\/section>\n\t\t\t\t<section class=\"elementor-section elementor-top-section elementor-element elementor-element-a61d9ee elementor-section-boxed elementor-section-height-default elementor-section-height-default\" data-id=\"a61d9ee\" data-element_type=\"section\">\n\t\t\t\t\t\t<div class=\"elementor-container elementor-column-gap-default\">\n\t\t\t\t\t\t\t<div class=\"elementor-row\">\n\t\t\t\t\t<div class=\"elementor-column elementor-col-100 elementor-top-column elementor-element elementor-element-b2c14f0\" data-id=\"b2c14f0\" data-element_type=\"column\">\n\t\t\t<div class=\"elementor-column-wrap elementor-element-populated\">\n\t\t\t\t\t\t\t<div class=\"elementor-widget-wrap\">\n\t\t\t\t\t\t<div class=\"elementor-element elementor-element-0221027 elementor-widget elementor-widget-text-editor\" data-id=\"0221027\" data-element_type=\"widget\" data-widget_type=\"text-editor.default\">\n\t\t\t\t<div class=\"elementor-widget-container\">\n\t\t\t\t\t\t\t\t<div class=\"elementor-text-editor elementor-clearfix\">\n\t\t\t\t<p><strong>RESULTADOS:<\/strong> Los candidatos podr\u00e1n consultar el resultado online <a href=\"http:\/\/candidates.cambridgeenglish.org\/Members\/Login.aspx?M=None\" target=\"_blank\" rel=\"noopener\">aqu\u00ed<\/a>. La fecha en la que los resultados estar\u00e1n disponibles y las claves de acceso (ID Number y Secret Number) que necesita el candidato se encuentran en el documento Confirmation of Entry (COE). El resultado de los ex\u00e1menes en papel se puede consultar de 2 a 5 semanas despu\u00e9s de realizar el examen.\u00a0<\/p><p>Accede a <a href=\"https:\/\/exams-catalunya.com\/ca\/page\/fechas-de-examen\" target=\"_blank\" rel=\"noopener\">este enlace<\/a>\u00a0para conocer las pr\u00f3ximas fechas de examen.<\/p><p>\u00a0<\/p><p style=\"text-align: center;\">Descubre m\u00e1s informaci\u00f3n sobre los ex\u00e1menes de Cambridge en su p\u00e1gina web:<\/p><p><img class=\"aligncenter\" style=\"transition-property: all;\" src=\"https:\/\/madisonidiomes.com\/wp-content\/uploads\/2018\/05\/cambridge.png\" alt=\"\" width=\"177\" height=\"121\" \/>\u00a0<\/p>\t\t\t\t\t<\/div>\n\t\t\t\t\t\t<\/div>\n\t\t\t\t<\/div>\n\t\t\t\t\t\t<\/div>\n\t\t\t\t\t<\/div>\n\t\t<\/div>\n\t\t\t\t\t\t\t\t<\/div>\n\t\t\t\t\t<\/div>\n\t\t<\/section>\n\t\t\t\t\t\t\t\t\t<\/div>\n\t\t\t<\/div>\n\t\t\t\t\t<\/div>\n\t\t","protected":false},"excerpt":{"rendered":"<p>Los certificados de Cambridge English suponen un t\u00edtulo para toda la vida. Hay seis niveles de habilidad que van desde el m\u00e1s elemental hasta el m\u00e1s avanzado: A1, A2 (KET), B1 (PET), B2 (FCE), C1 (CAE) y C2 (CPE), y &hellip; <a href=\"https:\/\/www.madisonidiomes.com\/es\/cambridge-exams\/\">Continuar<\/a><\/p>\n","protected":false},"author":4,"featured_media":0,"parent":0,"menu_order":0,"comment_status":"closed","ping_status":"closed","template":"","meta":[],"yoast_head":"<!-- This site is optimized with the Yoast SEO plugin v18.6 - https:\/\/yoast.com\/wordpress\/plugins\/seo\/ -->\n<title>Cambridge Exams | Escola d&#039;Idiomes Madison<\/title>\n<meta name=\"robots\" content=\"index, follow, max-snippet:-1, max-image-preview:large, max-video-preview:-1\" \/>\n<link rel=\"canonical\" href=\"https:\/\/www.madisonidiomes.com\/es\/cambridge-exams\/\" \/>\n<meta property=\"og:locale\" content=\"es_ES\" \/>\n<meta property=\"og:type\" content=\"article\" \/>\n<meta property=\"og:title\" content=\"Cambridge Exams | Escola d&#039;Idiomes Madison\" \/>\n<meta property=\"og:description\" content=\"Los certificados de Cambridge English suponen un t\u00edtulo para toda la vida. Hay seis niveles de habilidad que van desde el m\u00e1s elemental hasta el m\u00e1s avanzado: A1, A2 (KET), B1 (PET), B2 (FCE), C1 (CAE) y C2 (CPE), y &hellip; Continuar\" \/>\n<meta property=\"og:url\" content=\"https:\/\/www.madisonidiomes.com\/es\/cambridge-exams\/\" \/>\n<meta property=\"og:site_name\" content=\"Escola d&#039;Idiomes Madison\" \/>\n<meta property=\"article:publisher\" content=\"https:\/\/www.facebook.com\/escola.madison\" \/>\n<meta property=\"article:modified_time\" content=\"2026-03-19T16:23:14+00:00\" \/>\n<meta property=\"og:image\" content=\"https:\/\/madisonidiomes.com\/wp-content\/uploads\/2018\/05\/cambridge.png\" \/>\n<meta name=\"twitter:card\" content=\"summary_large_image\" \/>\n<meta name=\"twitter:site\" content=\"@IdiomesMadison\" \/>\n<meta name=\"twitter:label1\" content=\"Tiempo de lectura\" \/>\n\t<meta name=\"twitter:data1\" content=\"3 minutos\" \/>\n<script type=\"application\/ld+json\" class=\"yoast-schema-graph\">{\"@context\":\"https:\/\/schema.org\",\"@graph\":[{\"@type\":\"Organization\",\"@id\":\"https:\/\/www.madisonidiomes.com\/#organization\",\"name\":\"Escola d'Idiomes Madison\",\"url\":\"https:\/\/www.madisonidiomes.com\/\",\"sameAs\":[\"https:\/\/www.facebook.com\/escola.madison\",\"https:\/\/www.instagram.com\/idiomesmadison\/\",\"https:\/\/www.linkedin.com\/company\/madisonidiomes\/\",\"https:\/\/www.youtube.com\/channel\/UCxAYgYf_afDUB9Ep-ecKMew\/feed\",\"https:\/\/twitter.com\/IdiomesMadison\"],\"logo\":{\"@type\":\"ImageObject\",\"@id\":\"https:\/\/www.madisonidiomes.com\/#logo\",\"inLanguage\":\"es\",\"url\":\"https:\/\/madisonidiomes.com\/wp-content\/uploads\/2018\/05\/Logo-Madison_2018.jpg\",\"contentUrl\":\"https:\/\/madisonidiomes.com\/wp-content\/uploads\/2018\/05\/Logo-Madison_2018.jpg\",\"width\":406,\"height\":104,\"caption\":\"Escola d'Idiomes Madison\"},\"image\":{\"@id\":\"https:\/\/www.madisonidiomes.com\/#logo\"}},{\"@type\":\"WebSite\",\"@id\":\"https:\/\/www.madisonidiomes.com\/#website\",\"url\":\"https:\/\/www.madisonidiomes.com\/\",\"name\":\"Escola d&#039;Idiomes Madison\",\"description\":\"Acad\u00e8mia d&#039;idiomes a Manresa i Sant Fruit\u00f3s\",\"publisher\":{\"@id\":\"https:\/\/www.madisonidiomes.com\/#organization\"},\"potentialAction\":[{\"@type\":\"SearchAction\",\"target\":{\"@type\":\"EntryPoint\",\"urlTemplate\":\"https:\/\/www.madisonidiomes.com\/?s={search_term_string}\"},\"query-input\":\"required name=search_term_string\"}],\"inLanguage\":\"es\"},{\"@type\":\"ImageObject\",\"@id\":\"https:\/\/www.madisonidiomes.com\/es\/cambridge-exams\/#primaryimage\",\"inLanguage\":\"es\",\"url\":\"https:\/\/madisonidiomes.com\/wp-content\/uploads\/2018\/05\/cambridge.png\",\"contentUrl\":\"https:\/\/madisonidiomes.com\/wp-content\/uploads\/2018\/05\/cambridge.png\"},{\"@type\":\"WebPage\",\"@id\":\"https:\/\/www.madisonidiomes.com\/es\/cambridge-exams\/#webpage\",\"url\":\"https:\/\/www.madisonidiomes.com\/es\/cambridge-exams\/\",\"name\":\"Cambridge Exams | Escola d&#039;Idiomes Madison\",\"isPartOf\":{\"@id\":\"https:\/\/www.madisonidiomes.com\/#website\"},\"primaryImageOfPage\":{\"@id\":\"https:\/\/www.madisonidiomes.com\/es\/cambridge-exams\/#primaryimage\"},\"datePublished\":\"2018-04-06T07:38:49+00:00\",\"dateModified\":\"2026-03-19T16:23:14+00:00\",\"breadcrumb\":{\"@id\":\"https:\/\/www.madisonidiomes.com\/es\/cambridge-exams\/#breadcrumb\"},\"inLanguage\":\"es\",\"potentialAction\":[{\"@type\":\"ReadAction\",\"target\":[\"https:\/\/www.madisonidiomes.com\/es\/cambridge-exams\/\"]}]},{\"@type\":\"BreadcrumbList\",\"@id\":\"https:\/\/www.madisonidiomes.com\/es\/cambridge-exams\/#breadcrumb\",\"itemListElement\":[{\"@type\":\"ListItem\",\"position\":1,\"name\":\"Inici\",\"item\":\"https:\/\/www.madisonidiomes.com\/es\/\"},{\"@type\":\"ListItem\",\"position\":2,\"name\":\"Cambridge Exams\"}]}]}<\/script>\n<!-- \/ Yoast SEO plugin. -->","yoast_head_json":{"title":"Cambridge Exams | Escola d&#039;Idiomes Madison","robots":{"index":"index","follow":"follow","max-snippet":"max-snippet:-1","max-image-preview":"max-image-preview:large","max-video-preview":"max-video-preview:-1"},"canonical":"https:\/\/www.madisonidiomes.com\/es\/cambridge-exams\/","og_locale":"es_ES","og_type":"article","og_title":"Cambridge Exams | Escola d&#039;Idiomes Madison","og_description":"Los certificados de Cambridge English suponen un t\u00edtulo para toda la vida. Hay seis niveles de habilidad que van desde el m\u00e1s elemental hasta el m\u00e1s avanzado: A1, A2 (KET), B1 (PET), B2 (FCE), C1 (CAE) y C2 (CPE), y &hellip; Continuar","og_url":"https:\/\/www.madisonidiomes.com\/es\/cambridge-exams\/","og_site_name":"Escola d&#039;Idiomes Madison","article_publisher":"https:\/\/www.facebook.com\/escola.madison","article_modified_time":"2026-03-19T16:23:14+00:00","og_image":[{"url":"https:\/\/madisonidiomes.com\/wp-content\/uploads\/2018\/05\/cambridge.png"}],"twitter_card":"summary_large_image","twitter_site":"@IdiomesMadison","twitter_misc":{"Tiempo de lectura":"3 minutos"},"schema":{"@context":"https:\/\/schema.org","@graph":[{"@type":"Organization","@id":"https:\/\/www.madisonidiomes.com\/#organization","name":"Escola d'Idiomes Madison","url":"https:\/\/www.madisonidiomes.com\/","sameAs":["https:\/\/www.facebook.com\/escola.madison","https:\/\/www.instagram.com\/idiomesmadison\/","https:\/\/www.linkedin.com\/company\/madisonidiomes\/","https:\/\/www.youtube.com\/channel\/UCxAYgYf_afDUB9Ep-ecKMew\/feed","https:\/\/twitter.com\/IdiomesMadison"],"logo":{"@type":"ImageObject","@id":"https:\/\/www.madisonidiomes.com\/#logo","inLanguage":"es","url":"https:\/\/madisonidiomes.com\/wp-content\/uploads\/2018\/05\/Logo-Madison_2018.jpg","contentUrl":"https:\/\/madisonidiomes.com\/wp-content\/uploads\/2018\/05\/Logo-Madison_2018.jpg","width":406,"height":104,"caption":"Escola d'Idiomes Madison"},"image":{"@id":"https:\/\/www.madisonidiomes.com\/#logo"}},{"@type":"WebSite","@id":"https:\/\/www.madisonidiomes.com\/#website","url":"https:\/\/www.madisonidiomes.com\/","name":"Escola d&#039;Idiomes Madison","description":"Acad\u00e8mia d&#039;idiomes a Manresa i Sant Fruit\u00f3s","publisher":{"@id":"https:\/\/www.madisonidiomes.com\/#organization"},"potentialAction":[{"@type":"SearchAction","target":{"@type":"EntryPoint","urlTemplate":"https:\/\/www.madisonidiomes.com\/?s={search_term_string}"},"query-input":"required name=search_term_string"}],"inLanguage":"es"},{"@type":"ImageObject","@id":"https:\/\/www.madisonidiomes.com\/es\/cambridge-exams\/#primaryimage","inLanguage":"es","url":"https:\/\/madisonidiomes.com\/wp-content\/uploads\/2018\/05\/cambridge.png","contentUrl":"https:\/\/madisonidiomes.com\/wp-content\/uploads\/2018\/05\/cambridge.png"},{"@type":"WebPage","@id":"https:\/\/www.madisonidiomes.com\/es\/cambridge-exams\/#webpage","url":"https:\/\/www.madisonidiomes.com\/es\/cambridge-exams\/","name":"Cambridge Exams | Escola d&#039;Idiomes Madison","isPartOf":{"@id":"https:\/\/www.madisonidiomes.com\/#website"},"primaryImageOfPage":{"@id":"https:\/\/www.madisonidiomes.com\/es\/cambridge-exams\/#primaryimage"},"datePublished":"2018-04-06T07:38:49+00:00","dateModified":"2026-03-19T16:23:14+00:00","breadcrumb":{"@id":"https:\/\/www.madisonidiomes.com\/es\/cambridge-exams\/#breadcrumb"},"inLanguage":"es","potentialAction":[{"@type":"ReadAction","target":["https:\/\/www.madisonidiomes.com\/es\/cambridge-exams\/"]}]},{"@type":"BreadcrumbList","@id":"https:\/\/www.madisonidiomes.com\/es\/cambridge-exams\/#breadcrumb","itemListElement":[{"@type":"ListItem","position":1,"name":"Inici","item":"https:\/\/www.madisonidiomes.com\/es\/"},{"@type":"ListItem","position":2,"name":"Cambridge Exams"}]}]}},"_links":{"self":[{"href":"https:\/\/www.madisonidiomes.com\/es\/wp-json\/wp\/v2\/pages\/4008\/"}],"collection":[{"href":"https:\/\/www.madisonidiomes.com\/es\/wp-json\/wp\/v2\/pages\/"}],"about":[{"href":"https:\/\/www.madisonidiomes.com\/es\/wp-json\/wp\/v2\/types\/page\/"}],"author":[{"embeddable":true,"href":"https:\/\/www.madisonidiomes.com\/es\/wp-json\/wp\/v2\/users\/4\/"}],"replies":[{"embeddable":true,"href":"https:\/\/www.madisonidiomes.com\/es\/wp-json\/wp\/v2\/comments\/?post=4008"}],"version-history":[{"count":16,"href":"https:\/\/www.madisonidiomes.com\/es\/wp-json\/wp\/v2\/pages\/4008\/revisions\/"}],"predecessor-version":[{"id":9081,"href":"https:\/\/www.madisonidiomes.com\/es\/wp-json\/wp\/v2\/pages\/4008\/revisions\/9081\/"}],"wp:attachment":[{"href":"https:\/\/www.madisonidiomes.com\/es\/wp-json\/wp\/v2\/media\/?parent=4008"}],"curies":[{"name":"wp","href":"https:\/\/api.w.org\/{rel}","templated":true}]}}