{"id":4019,"date":"2018-06-06T17:33:36","date_gmt":"2018-06-06T15:33:36","guid":{"rendered":"https:\/\/madisonidiomes.com\/curs-2018-19\/"},"modified":"2026-03-18T17:55:53","modified_gmt":"2026-03-18T16:55:53","slug":"curso-2025-26","status":"publish","type":"page","link":"https:\/\/www.madisonidiomes.com\/es\/curso-2025-26\/","title":{"rendered":"Curso 2025-26"},"content":{"rendered":"\t\t<div data-elementor-type=\"wp-page\" data-elementor-id=\"4019\" class=\"elementor elementor-4019\">\n\t\t\t\t\t\t<div class=\"elementor-inner\">\n\t\t\t\t<div class=\"elementor-section-wrap\">\n\t\t\t\t\t\t\t\t\t<section class=\"elementor-section elementor-top-section elementor-element elementor-element-5ff23c8f elementor-section-boxed elementor-section-height-default elementor-section-height-default\" data-id=\"5ff23c8f\" data-element_type=\"section\">\n\t\t\t\t\t\t<div class=\"elementor-container elementor-column-gap-default\">\n\t\t\t\t\t\t\t<div class=\"elementor-row\">\n\t\t\t\t\t<div class=\"elementor-column elementor-col-100 elementor-top-column elementor-element elementor-element-5f813b5e\" data-id=\"5f813b5e\" data-element_type=\"column\">\n\t\t\t<div class=\"elementor-column-wrap elementor-element-populated\">\n\t\t\t\t\t\t\t<div class=\"elementor-widget-wrap\">\n\t\t\t\t\t\t<div class=\"elementor-element elementor-element-79ac6e01 elementor-widget elementor-widget-text-editor\" data-id=\"79ac6e01\" data-element_type=\"widget\" data-widget_type=\"text-editor.default\">\n\t\t\t\t<div class=\"elementor-widget-container\">\n\t\t\t\t\t\t\t\t<div class=\"elementor-text-editor elementor-clearfix\">\n\t\t\t\t<header><h3><span style=\"font-size: 14pt;\">Tenemos cursos para distintos grupos de edad y tambi\u00e9n en diferentes idiomas. \u00bfQu\u00e9 necesitas?<\/span><\/h3><div id=\"categoriaDescripcion\" class=\"row\"><div class=\"col-sm-12\"><p><span style=\"color: #99cc00;\"><strong><span style=\"color: #53ad35;\">Calendario:<\/span><\/strong><\/span> El curso se inicia el d\u00eda 1 de septiembre de 2025 y finaliza el d\u00eda 20 de junio de 2026.<\/p><p><span style=\"background-color: transparent; color: #53ad35;\"><strong>Inscripci\u00f3n:<\/strong> <\/span><span style=\"background-color: transparent;\">La matr\u00edcula ya est\u00e1 abierta. Para realizar la inscripci\u00f3n se requieren los datos de contacto del alumno\/a acompa\u00f1ados del DNI\/NIE y satisfacer el importe de la matr\u00edcula (50 \u20ac).<\/span><\/p><p><span style=\"background-color: transparent; color: #53ad35;\"><strong>Plazas limitadas:<\/strong><\/span><span style=\"background-color: transparent;\">\u00a0Los grupos son reducidos y se cierran a medida que se llenan, de manera que puede ser que el n\u00famero de plazas disponibles en el momento de hacernos la consulta no sea el mismo transcurridos algunos d\u00edas. Por este motivo, recomendamos\u00a0<\/span><strong style=\"background-color: transparent;\">NO DEJAR LA MATRICULACI\u00d3N A UN CURSO PARA \u00daLTIMA HORA<\/strong><span style=\"background-color: transparent;\">\u00a0y as\u00ed poder escoger plaza en la opci\u00f3n deseada.<\/span><\/p><p>Disponemos de cursos de idiomas en horario de<strong><span style=\"color: #53ad35;\"> ma\u00f1ana, mediod\u00eda, tarde y noche<\/span>,<\/strong> de lunes a viernes y s\u00e1bados por la ma\u00f1ana, as\u00ed como cursos espec\u00edficos para:<strong><br \/><\/strong><\/p><\/div><\/div><\/header><p style=\"text-align: center;\"><span class=\"col col_shortcode\"><a class=\"maxbutton-9 maxbutton maxbutton-page-curso-es\" target=\"_blank\" rel=\"noopener\" href=\"https:\/\/www.madisonidiomes.com\/es\/cursos-para-ninos\/\"><span class='mb-text'>NI\u00d1OS<\/span><\/a> <\/span><span class=\"col col_shortcode\"><a class=\"maxbutton-10 maxbutton maxbutton-page-curso-es\" target=\"_blank\" rel=\"noopener\" href=\"https:\/\/www.madisonidiomes.com\/es\/cursos-para-jovenes\/\"><span class='mb-text'>J\u00d3VENES<\/span><\/a><\/span> <span class=\"col col_shortcode\"><a class=\"maxbutton-11 maxbutton maxbutton-page-curso-es\" target=\"_blank\" rel=\"noopener\" href=\"https:\/\/www.madisonidiomes.com\/es\/cursos-para-adultos\/\"><span class='mb-text'>ADULTOS<\/span><\/a><\/span><\/p><p style=\"text-align: center;\"><span class=\"col col_shortcode\"><a class=\"maxbutton-16 maxbutton maxbutton-page-curso-es\" target=\"_blank\" rel=\"noopener\" href=\"https:\/\/www.madisonidiomes.com\/es\/clases-particulares\/\"><span class='mb-text'>PARTICULARES<\/span><\/a><\/span> <span class=\"col col_shortcode\"><a class=\"maxbutton-12 maxbutton maxbutton-page-curso-es\" target=\"_blank\" rel=\"noopener\" href=\"https:\/\/www.madisonidiomes.com\/es\/cursos-in-company\/\"><span class='mb-text'>EMPRESAS<\/span><\/a><\/span> <span class=\"col col_shortcode\"><a class=\"maxbutton-13 maxbutton maxbutton-page-curso-es\" target=\"_blank\" rel=\"noopener\" href=\"https:\/\/www.madisonidiomes.com\/es\/intensivos-verano\/\"><span class='mb-text'>INTENSIVOS DE VERANO<\/span><\/a><\/span><\/p><p><strong>Cuotas TRIMESTRALES (cada 3 meses):<\/strong><\/p><p><strong>3 horas semanales = 235,00\u20ac<\/strong><\/p><p><strong>2 horas semanales = 205,00\u20ac<\/strong><\/p><p><strong>1,25 horas semanales = 150,00\u20ac<\/strong><\/p><p><strong>1 hora semanal = 110,00\u20ac<\/strong><\/p><p><strong>Para mas informaci\u00f3n puedes dirigirte a secretaria de Manresa o Sant Fruit\u00f3s a trav\u00e9s del <a href=\"https:\/\/www.madisonidiomes.com\/contacte\/\">formulario de contacto<\/a>.<\/strong><\/p>\t\t\t\t\t<\/div>\n\t\t\t\t\t\t<\/div>\n\t\t\t\t<\/div>\n\t\t\t\t\t\t<\/div>\n\t\t\t\t\t<\/div>\n\t\t<\/div>\n\t\t\t\t\t\t\t\t<\/div>\n\t\t\t\t\t<\/div>\n\t\t<\/section>\n\t\t\t\t<section class=\"elementor-section elementor-top-section elementor-element elementor-element-dc4bc4a elementor-section-boxed elementor-section-height-default elementor-section-height-default\" data-id=\"dc4bc4a\" data-element_type=\"section\">\n\t\t\t\t\t\t<div class=\"elementor-container elementor-column-gap-default\">\n\t\t\t\t\t\t\t<div class=\"elementor-row\">\n\t\t\t\t\t<div class=\"elementor-column elementor-col-50 elementor-top-column elementor-element elementor-element-dd6b791\" data-id=\"dd6b791\" data-element_type=\"column\">\n\t\t\t<div class=\"elementor-column-wrap elementor-element-populated\">\n\t\t\t\t\t\t\t<div class=\"elementor-widget-wrap\">\n\t\t\t\t\t\t<div class=\"elementor-element elementor-element-f3b2ebe elementor-widget elementor-widget-image\" data-id=\"f3b2ebe\" data-element_type=\"widget\" data-widget_type=\"image.default\">\n\t\t\t\t<div class=\"elementor-widget-container\">\n\t\t\t\t\t\t\t\t<div class=\"elementor-image\">\n\t\t\t\t\t\t\t\t\t\t\t\t<img width=\"730\" height=\"1024\" src=\"https:\/\/www.madisonidiomes.com\/wp-content\/uploads\/2025\/09\/CALENDARI-LECTIU-CURS-ACADEMIC-2025-26-MNR_page-0001-e1774367133576-730x1024.jpg\" class=\"attachment-large size-large\" alt=\"\" srcset=\"https:\/\/www.madisonidiomes.com\/wp-content\/uploads\/2025\/09\/CALENDARI-LECTIU-CURS-ACADEMIC-2025-26-MNR_page-0001-e1774367133576-730x1024.jpg 730w, https:\/\/www.madisonidiomes.com\/wp-content\/uploads\/2025\/09\/CALENDARI-LECTIU-CURS-ACADEMIC-2025-26-MNR_page-0001-e1774367133576-214x300.jpg 214w, https:\/\/www.madisonidiomes.com\/wp-content\/uploads\/2025\/09\/CALENDARI-LECTIU-CURS-ACADEMIC-2025-26-MNR_page-0001-e1774367133576-768x1077.jpg 768w, https:\/\/www.madisonidiomes.com\/wp-content\/uploads\/2025\/09\/CALENDARI-LECTIU-CURS-ACADEMIC-2025-26-MNR_page-0001-e1774367133576-1096x1536.jpg 1096w, https:\/\/www.madisonidiomes.com\/wp-content\/uploads\/2025\/09\/CALENDARI-LECTIU-CURS-ACADEMIC-2025-26-MNR_page-0001-e1774367133576-1461x2048.jpg 1461w, https:\/\/www.madisonidiomes.com\/wp-content\/uploads\/2025\/09\/CALENDARI-LECTIU-CURS-ACADEMIC-2025-26-MNR_page-0001-e1774367133576.jpg 2008w\" sizes=\"(max-width: 730px) 100vw, 730px\" \/>\t\t\t\t\t\t\t\t\t\t\t\t\t\t<\/div>\n\t\t\t\t\t\t<\/div>\n\t\t\t\t<\/div>\n\t\t\t\t\t\t<\/div>\n\t\t\t\t\t<\/div>\n\t\t<\/div>\n\t\t\t\t<div class=\"elementor-column elementor-col-50 elementor-top-column elementor-element elementor-element-515698f\" data-id=\"515698f\" data-element_type=\"column\">\n\t\t\t<div class=\"elementor-column-wrap elementor-element-populated\">\n\t\t\t\t\t\t\t<div class=\"elementor-widget-wrap\">\n\t\t\t\t\t\t<div class=\"elementor-element elementor-element-718d223 elementor-widget elementor-widget-image\" data-id=\"718d223\" data-element_type=\"widget\" data-widget_type=\"image.default\">\n\t\t\t\t<div class=\"elementor-widget-container\">\n\t\t\t\t\t\t\t\t<div class=\"elementor-image\">\n\t\t\t\t\t\t\t\t\t\t\t\t<img width=\"726\" height=\"1024\" src=\"https:\/\/www.madisonidiomes.com\/wp-content\/uploads\/2025\/09\/CALENDARI-LECTIU-CURS-ACADEMIC-2025-26-SFR_page-0001-e1774367178522-726x1024.jpg\" class=\"attachment-large size-large\" alt=\"\" srcset=\"https:\/\/www.madisonidiomes.com\/wp-content\/uploads\/2025\/09\/CALENDARI-LECTIU-CURS-ACADEMIC-2025-26-SFR_page-0001-e1774367178522-726x1024.jpg 726w, https:\/\/www.madisonidiomes.com\/wp-content\/uploads\/2025\/09\/CALENDARI-LECTIU-CURS-ACADEMIC-2025-26-SFR_page-0001-e1774367178522-213x300.jpg 213w, https:\/\/www.madisonidiomes.com\/wp-content\/uploads\/2025\/09\/CALENDARI-LECTIU-CURS-ACADEMIC-2025-26-SFR_page-0001-e1774367178522-768x1084.jpg 768w, https:\/\/www.madisonidiomes.com\/wp-content\/uploads\/2025\/09\/CALENDARI-LECTIU-CURS-ACADEMIC-2025-26-SFR_page-0001-e1774367178522-1089x1536.jpg 1089w, https:\/\/www.madisonidiomes.com\/wp-content\/uploads\/2025\/09\/CALENDARI-LECTIU-CURS-ACADEMIC-2025-26-SFR_page-0001-e1774367178522-1452x2048.jpg 1452w, https:\/\/www.madisonidiomes.com\/wp-content\/uploads\/2025\/09\/CALENDARI-LECTIU-CURS-ACADEMIC-2025-26-SFR_page-0001-e1774367178522.jpg 2008w\" sizes=\"(max-width: 726px) 100vw, 726px\" \/>\t\t\t\t\t\t\t\t\t\t\t\t\t\t<\/div>\n\t\t\t\t\t\t<\/div>\n\t\t\t\t<\/div>\n\t\t\t\t\t\t<\/div>\n\t\t\t\t\t<\/div>\n\t\t<\/div>\n\t\t\t\t\t\t\t\t<\/div>\n\t\t\t\t\t<\/div>\n\t\t<\/section>\n\t\t\t\t\t\t\t\t\t<\/div>\n\t\t\t<\/div>\n\t\t\t\t\t<\/div>\n\t\t","protected":false},"excerpt":{"rendered":"<p>Tenemos cursos para distintos grupos de edad y tambi\u00e9n en diferentes idiomas. \u00bfQu\u00e9 necesitas? Calendario: El curso se inicia el d\u00eda 1 de septiembre de 2025 y finaliza el d\u00eda 20 de junio de 2026. Inscripci\u00f3n: La matr\u00edcula ya est\u00e1 &hellip; <a href=\"https:\/\/www.madisonidiomes.com\/es\/curso-2025-26\/\">Continuar<\/a><\/p>\n","protected":false},"author":3,"featured_media":0,"parent":0,"menu_order":0,"comment_status":"closed","ping_status":"closed","template":"","meta":[],"yoast_head":"<!-- This site is optimized with the Yoast SEO plugin v18.6 - https:\/\/yoast.com\/wordpress\/plugins\/seo\/ -->\n<title>Curso 2025-26 | Escola d&#039;Idiomes Madison<\/title>\n<meta name=\"description\" content=\"Acad\u00e8mia d&#039;idiomes Manresa i Sant Frut\u00f3s. Angl\u00e8s, franc\u00e8s,alemany, japon\u00e8s,rus, itali\u00e0, castell\u00e0, catal\u00e0.Classes de conversa gratis. Grups, particulars. Nens i adults.\" \/>\n<meta name=\"robots\" content=\"index, follow, max-snippet:-1, max-image-preview:large, max-video-preview:-1\" \/>\n<link rel=\"canonical\" href=\"https:\/\/www.madisonidiomes.com\/es\/curso-2025-26\/\" \/>\n<meta property=\"og:locale\" content=\"es_ES\" \/>\n<meta property=\"og:type\" content=\"article\" \/>\n<meta property=\"og:title\" content=\"Curso 2025-26 | Escola d&#039;Idiomes Madison\" \/>\n<meta property=\"og:description\" content=\"Acad\u00e8mia d&#039;idiomes Manresa i Sant Frut\u00f3s. Angl\u00e8s, franc\u00e8s,alemany, japon\u00e8s,rus, itali\u00e0, castell\u00e0, catal\u00e0.Classes de conversa gratis. Grups, particulars. Nens i adults.\" \/>\n<meta property=\"og:url\" content=\"https:\/\/www.madisonidiomes.com\/es\/curso-2025-26\/\" \/>\n<meta property=\"og:site_name\" content=\"Escola d&#039;Idiomes Madison\" \/>\n<meta property=\"article:publisher\" content=\"https:\/\/www.facebook.com\/escola.madison\" \/>\n<meta property=\"article:modified_time\" content=\"2026-03-18T16:55:53+00:00\" \/>\n<meta property=\"og:image\" content=\"https:\/\/www.madisonidiomes.com\/wp-content\/uploads\/2025\/09\/CALENDARI-LECTIU-CURS-ACADEMIC-2025-26-MNR_page-0001-724x1024.jpg\" \/>\n<meta name=\"twitter:card\" content=\"summary_large_image\" \/>\n<meta name=\"twitter:site\" content=\"@IdiomesMadison\" \/>\n<meta name=\"twitter:label1\" content=\"Tiempo de lectura\" \/>\n\t<meta name=\"twitter:data1\" content=\"2 minutos\" \/>\n<script type=\"application\/ld+json\" class=\"yoast-schema-graph\">{\"@context\":\"https:\/\/schema.org\",\"@graph\":[{\"@type\":\"Organization\",\"@id\":\"https:\/\/www.madisonidiomes.com\/#organization\",\"name\":\"Escola d'Idiomes Madison\",\"url\":\"https:\/\/www.madisonidiomes.com\/\",\"sameAs\":[\"https:\/\/www.facebook.com\/escola.madison\",\"https:\/\/www.instagram.com\/idiomesmadison\/\",\"https:\/\/www.linkedin.com\/company\/madisonidiomes\/\",\"https:\/\/www.youtube.com\/channel\/UCxAYgYf_afDUB9Ep-ecKMew\/feed\",\"https:\/\/twitter.com\/IdiomesMadison\"],\"logo\":{\"@type\":\"ImageObject\",\"@id\":\"https:\/\/www.madisonidiomes.com\/#logo\",\"inLanguage\":\"es\",\"url\":\"https:\/\/madisonidiomes.com\/wp-content\/uploads\/2018\/05\/Logo-Madison_2018.jpg\",\"contentUrl\":\"https:\/\/madisonidiomes.com\/wp-content\/uploads\/2018\/05\/Logo-Madison_2018.jpg\",\"width\":406,\"height\":104,\"caption\":\"Escola d'Idiomes Madison\"},\"image\":{\"@id\":\"https:\/\/www.madisonidiomes.com\/#logo\"}},{\"@type\":\"WebSite\",\"@id\":\"https:\/\/www.madisonidiomes.com\/#website\",\"url\":\"https:\/\/www.madisonidiomes.com\/\",\"name\":\"Escola d&#039;Idiomes Madison\",\"description\":\"Acad\u00e8mia d&#039;idiomes a Manresa i Sant Fruit\u00f3s\",\"publisher\":{\"@id\":\"https:\/\/www.madisonidiomes.com\/#organization\"},\"potentialAction\":[{\"@type\":\"SearchAction\",\"target\":{\"@type\":\"EntryPoint\",\"urlTemplate\":\"https:\/\/www.madisonidiomes.com\/?s={search_term_string}\"},\"query-input\":\"required name=search_term_string\"}],\"inLanguage\":\"es\"},{\"@type\":\"ImageObject\",\"@id\":\"https:\/\/www.madisonidiomes.com\/es\/curso-2025-26\/#primaryimage\",\"inLanguage\":\"es\",\"url\":\"https:\/\/www.madisonidiomes.com\/wp-content\/uploads\/2025\/09\/CALENDARI-LECTIU-CURS-ACADEMIC-2025-26-MNR_page-0001-scaled-e1774367004598.jpg\",\"contentUrl\":\"https:\/\/www.madisonidiomes.com\/wp-content\/uploads\/2025\/09\/CALENDARI-LECTIU-CURS-ACADEMIC-2025-26-MNR_page-0001-scaled-e1774367004598.jpg\",\"width\":1465,\"height\":2054},{\"@type\":\"WebPage\",\"@id\":\"https:\/\/www.madisonidiomes.com\/es\/curso-2025-26\/#webpage\",\"url\":\"https:\/\/www.madisonidiomes.com\/es\/curso-2025-26\/\",\"name\":\"Curso 2025-26 | Escola d&#039;Idiomes Madison\",\"isPartOf\":{\"@id\":\"https:\/\/www.madisonidiomes.com\/#website\"},\"primaryImageOfPage\":{\"@id\":\"https:\/\/www.madisonidiomes.com\/es\/curso-2025-26\/#primaryimage\"},\"datePublished\":\"2018-06-06T15:33:36+00:00\",\"dateModified\":\"2026-03-18T16:55:53+00:00\",\"description\":\"Acad\u00e8mia d'idiomes Manresa i Sant Frut\u00f3s. Angl\u00e8s, franc\u00e8s,alemany, japon\u00e8s,rus, itali\u00e0, castell\u00e0, catal\u00e0.Classes de conversa gratis. Grups, particulars. Nens i adults.\",\"breadcrumb\":{\"@id\":\"https:\/\/www.madisonidiomes.com\/es\/curso-2025-26\/#breadcrumb\"},\"inLanguage\":\"es\",\"potentialAction\":[{\"@type\":\"ReadAction\",\"target\":[\"https:\/\/www.madisonidiomes.com\/es\/curso-2025-26\/\"]}]},{\"@type\":\"BreadcrumbList\",\"@id\":\"https:\/\/www.madisonidiomes.com\/es\/curso-2025-26\/#breadcrumb\",\"itemListElement\":[{\"@type\":\"ListItem\",\"position\":1,\"name\":\"Inici\",\"item\":\"https:\/\/www.madisonidiomes.com\/es\/\"},{\"@type\":\"ListItem\",\"position\":2,\"name\":\"Curso 2025-26\"}]}]}<\/script>\n<!-- \/ Yoast SEO plugin. -->","yoast_head_json":{"title":"Curso 2025-26 | Escola d&#039;Idiomes Madison","description":"Acad\u00e8mia d'idiomes Manresa i Sant Frut\u00f3s. Angl\u00e8s, franc\u00e8s,alemany, japon\u00e8s,rus, itali\u00e0, castell\u00e0, catal\u00e0.Classes de conversa gratis. Grups, particulars. Nens i adults.","robots":{"index":"index","follow":"follow","max-snippet":"max-snippet:-1","max-image-preview":"max-image-preview:large","max-video-preview":"max-video-preview:-1"},"canonical":"https:\/\/www.madisonidiomes.com\/es\/curso-2025-26\/","og_locale":"es_ES","og_type":"article","og_title":"Curso 2025-26 | Escola d&#039;Idiomes Madison","og_description":"Acad\u00e8mia d'idiomes Manresa i Sant Frut\u00f3s. Angl\u00e8s, franc\u00e8s,alemany, japon\u00e8s,rus, itali\u00e0, castell\u00e0, catal\u00e0.Classes de conversa gratis. Grups, particulars. Nens i adults.","og_url":"https:\/\/www.madisonidiomes.com\/es\/curso-2025-26\/","og_site_name":"Escola d&#039;Idiomes Madison","article_publisher":"https:\/\/www.facebook.com\/escola.madison","article_modified_time":"2026-03-18T16:55:53+00:00","og_image":[{"url":"https:\/\/www.madisonidiomes.com\/wp-content\/uploads\/2025\/09\/CALENDARI-LECTIU-CURS-ACADEMIC-2025-26-MNR_page-0001-724x1024.jpg"}],"twitter_card":"summary_large_image","twitter_site":"@IdiomesMadison","twitter_misc":{"Tiempo de lectura":"2 minutos"},"schema":{"@context":"https:\/\/schema.org","@graph":[{"@type":"Organization","@id":"https:\/\/www.madisonidiomes.com\/#organization","name":"Escola d'Idiomes Madison","url":"https:\/\/www.madisonidiomes.com\/","sameAs":["https:\/\/www.facebook.com\/escola.madison","https:\/\/www.instagram.com\/idiomesmadison\/","https:\/\/www.linkedin.com\/company\/madisonidiomes\/","https:\/\/www.youtube.com\/channel\/UCxAYgYf_afDUB9Ep-ecKMew\/feed","https:\/\/twitter.com\/IdiomesMadison"],"logo":{"@type":"ImageObject","@id":"https:\/\/www.madisonidiomes.com\/#logo","inLanguage":"es","url":"https:\/\/madisonidiomes.com\/wp-content\/uploads\/2018\/05\/Logo-Madison_2018.jpg","contentUrl":"https:\/\/madisonidiomes.com\/wp-content\/uploads\/2018\/05\/Logo-Madison_2018.jpg","width":406,"height":104,"caption":"Escola d'Idiomes Madison"},"image":{"@id":"https:\/\/www.madisonidiomes.com\/#logo"}},{"@type":"WebSite","@id":"https:\/\/www.madisonidiomes.com\/#website","url":"https:\/\/www.madisonidiomes.com\/","name":"Escola d&#039;Idiomes Madison","description":"Acad\u00e8mia d&#039;idiomes a Manresa i Sant Fruit\u00f3s","publisher":{"@id":"https:\/\/www.madisonidiomes.com\/#organization"},"potentialAction":[{"@type":"SearchAction","target":{"@type":"EntryPoint","urlTemplate":"https:\/\/www.madisonidiomes.com\/?s={search_term_string}"},"query-input":"required name=search_term_string"}],"inLanguage":"es"},{"@type":"ImageObject","@id":"https:\/\/www.madisonidiomes.com\/es\/curso-2025-26\/#primaryimage","inLanguage":"es","url":"https:\/\/www.madisonidiomes.com\/wp-content\/uploads\/2025\/09\/CALENDARI-LECTIU-CURS-ACADEMIC-2025-26-MNR_page-0001-scaled-e1774367004598.jpg","contentUrl":"https:\/\/www.madisonidiomes.com\/wp-content\/uploads\/2025\/09\/CALENDARI-LECTIU-CURS-ACADEMIC-2025-26-MNR_page-0001-scaled-e1774367004598.jpg","width":1465,"height":2054},{"@type":"WebPage","@id":"https:\/\/www.madisonidiomes.com\/es\/curso-2025-26\/#webpage","url":"https:\/\/www.madisonidiomes.com\/es\/curso-2025-26\/","name":"Curso 2025-26 | Escola d&#039;Idiomes Madison","isPartOf":{"@id":"https:\/\/www.madisonidiomes.com\/#website"},"primaryImageOfPage":{"@id":"https:\/\/www.madisonidiomes.com\/es\/curso-2025-26\/#primaryimage"},"datePublished":"2018-06-06T15:33:36+00:00","dateModified":"2026-03-18T16:55:53+00:00","description":"Acad\u00e8mia d'idiomes Manresa i Sant Frut\u00f3s. Angl\u00e8s, franc\u00e8s,alemany, japon\u00e8s,rus, itali\u00e0, castell\u00e0, catal\u00e0.Classes de conversa gratis. Grups, particulars. Nens i adults.","breadcrumb":{"@id":"https:\/\/www.madisonidiomes.com\/es\/curso-2025-26\/#breadcrumb"},"inLanguage":"es","potentialAction":[{"@type":"ReadAction","target":["https:\/\/www.madisonidiomes.com\/es\/curso-2025-26\/"]}]},{"@type":"BreadcrumbList","@id":"https:\/\/www.madisonidiomes.com\/es\/curso-2025-26\/#breadcrumb","itemListElement":[{"@type":"ListItem","position":1,"name":"Inici","item":"https:\/\/www.madisonidiomes.com\/es\/"},{"@type":"ListItem","position":2,"name":"Curso 2025-26"}]}]}},"_links":{"self":[{"href":"https:\/\/www.madisonidiomes.com\/es\/wp-json\/wp\/v2\/pages\/4019\/"}],"collection":[{"href":"https:\/\/www.madisonidiomes.com\/es\/wp-json\/wp\/v2\/pages\/"}],"about":[{"href":"https:\/\/www.madisonidiomes.com\/es\/wp-json\/wp\/v2\/types\/page\/"}],"author":[{"embeddable":true,"href":"https:\/\/www.madisonidiomes.com\/es\/wp-json\/wp\/v2\/users\/3\/"}],"replies":[{"embeddable":true,"href":"https:\/\/www.madisonidiomes.com\/es\/wp-json\/wp\/v2\/comments\/?post=4019"}],"version-history":[{"count":17,"href":"https:\/\/www.madisonidiomes.com\/es\/wp-json\/wp\/v2\/pages\/4019\/revisions\/"}],"predecessor-version":[{"id":9038,"href":"https:\/\/www.madisonidiomes.com\/es\/wp-json\/wp\/v2\/pages\/4019\/revisions\/9038\/"}],"wp:attachment":[{"href":"https:\/\/www.madisonidiomes.com\/es\/wp-json\/wp\/v2\/media\/?parent=4019"}],"curies":[{"name":"wp","href":"https:\/\/api.w.org\/{rel}","templated":true}]}}