{"id":4029,"date":"2018-03-15T11:35:31","date_gmt":"2018-03-15T09:35:31","guid":{"rendered":"https:\/\/madisonidiomes.com\/cursos-per-a-adults\/"},"modified":"2026-04-20T16:57:23","modified_gmt":"2026-04-20T14:57:23","slug":"cursos-para-adultos","status":"publish","type":"page","link":"https:\/\/www.madisonidiomes.com\/es\/cursos-para-adultos\/","title":{"rendered":"Cursos para adultos"},"content":{"rendered":"\t\t<div data-elementor-type=\"wp-page\" data-elementor-id=\"4029\" class=\"elementor elementor-4029\">\n\t\t\t\t\t\t<div class=\"elementor-inner\">\n\t\t\t\t<div class=\"elementor-section-wrap\">\n\t\t\t\t\t\t\t\t\t<section class=\"elementor-section elementor-top-section elementor-element elementor-element-35ee0ee8 elementor-section-boxed elementor-section-height-default elementor-section-height-default\" data-id=\"35ee0ee8\" data-element_type=\"section\">\n\t\t\t\t\t\t<div class=\"elementor-container elementor-column-gap-default\">\n\t\t\t\t\t\t\t<div class=\"elementor-row\">\n\t\t\t\t\t<div class=\"elementor-column elementor-col-100 elementor-top-column elementor-element elementor-element-25ed98a7\" data-id=\"25ed98a7\" data-element_type=\"column\">\n\t\t\t<div class=\"elementor-column-wrap elementor-element-populated\">\n\t\t\t\t\t\t\t<div class=\"elementor-widget-wrap\">\n\t\t\t\t\t\t<div class=\"elementor-element elementor-element-11defab9 elementor-widget elementor-widget-text-editor\" data-id=\"11defab9\" data-element_type=\"widget\" data-widget_type=\"text-editor.default\">\n\t\t\t\t<div class=\"elementor-widget-container\">\n\t\t\t\t\t\t\t\t<div class=\"elementor-text-editor elementor-clearfix\">\n\t\t\t\t<h2>Clases de 9h de la ma\u00f1ana a 21h de la noche<\/h2><p><strong>Ingl\u00e9s, franc\u00e9s, alem\u00e1n, ruso y mucho m\u00e1s. Cursos de adultos para empezar desde cero e ir subiendo niveles. \u00a1Es hora de ponerse al d\u00eda y reciclarse para el mundo laboral!<\/strong><\/p><p class=\"alignleft\" style=\"text-align: justify;\">Los grupos son reducidos y se cierran a medida que se llenan, de manera que puede darse el caso que el nombre de plazas disponibles en el momento de hacer la consulta no sea el mismo transcurridos algunos d\u00edas. Por este motivo, recomendamos\u00a0<strong>NO DEJAR LA MATRICULACI\u00d3N A UN CURSO PARA \u00daLTIMA<\/strong>\u00a0y as\u00ed poder escoger plaza en la opci\u00f3n deseada.<\/p><p style=\"text-align: justify;\">Las clases para adultos <strong>se estructuran<\/strong> en distintos niveles en base a un test gratuito que se puede realizar en la propia escuela (con cita previa) o a trav\u00e9s de la p\u00e1gina web. Las clases son totalmente presenciales, pero siempre se ofrece la m\u00e1xima flexibilidad posible, para ayudar a los alumnos a compaginar estudios y trabajo.<\/p><p>\u00a0<\/p><blockquote><p style=\"text-align: justify;\"><strong>Certificaci\u00f3n oficial<\/strong>\u00a0de nivel: somos Centro Preparador y Examinador de\u00a0<strong>Cambridge , Trinity College y Universitat de Barcelona<\/strong>, ex\u00e1menes que permiten acreditar tu nivel de ingl\u00e9s tanto a efectos curriculares para el mundo laboral, como para poder acceder a determinados estudios superiores. Tambi\u00e9n te ayudamos a preparar otros ex\u00e1menes como el TOEFL, TOEIC o IELTS.<\/p><\/blockquote><p style=\"text-align: center;\"><span class=\"col col_shortcode\"><a class=\"maxbutton-14 maxbutton maxbutton-page-cursos-per-adults\" target=\"_blank\" rel=\"noopener\" href=\"https:\/\/www.madisonidiomes.com\/es\/titulos-oficiales\/\"><span class='mb-text'>CERTIFICADOS<\/span><\/a><\/span><\/p><p>\u00a0<\/p><p><img class=\" wp-image-2416 alignright\" src=\"https:\/\/madisonidiomes.com\/wp-content\/uploads\/2018\/04\/adults-300x225.jpg\" alt=\"\" width=\"150\" height=\"113\" srcset=\"https:\/\/www.madisonidiomes.com\/wp-content\/uploads\/2018\/04\/adults-300x225.jpg 300w, https:\/\/www.madisonidiomes.com\/wp-content\/uploads\/2018\/04\/adults-768x576.jpg 768w, https:\/\/www.madisonidiomes.com\/wp-content\/uploads\/2018\/04\/adults-1024x768.jpg 1024w, https:\/\/www.madisonidiomes.com\/wp-content\/uploads\/2018\/04\/adults-200x150.jpg 200w, https:\/\/www.madisonidiomes.com\/wp-content\/uploads\/2018\/04\/adults-400x300.jpg 400w, https:\/\/www.madisonidiomes.com\/wp-content\/uploads\/2018\/04\/adults-600x450.jpg 600w, https:\/\/www.madisonidiomes.com\/wp-content\/uploads\/2018\/04\/adults-800x600.jpg 800w, https:\/\/www.madisonidiomes.com\/wp-content\/uploads\/2018\/04\/adults-1200x900.jpg 1200w\" sizes=\"(max-width: 150px) 100vw, 150px\" \/> <img class=\" wp-image-2500 alignright\" src=\"https:\/\/madisonidiomes.com\/wp-content\/uploads\/2018\/04\/adults_madison_academia-300x225.jpg\" alt=\"\" width=\"150\" height=\"112\" srcset=\"https:\/\/www.madisonidiomes.com\/wp-content\/uploads\/2018\/04\/adults_madison_academia-300x225.jpg 300w, https:\/\/www.madisonidiomes.com\/wp-content\/uploads\/2018\/04\/adults_madison_academia-768x576.jpg 768w, https:\/\/www.madisonidiomes.com\/wp-content\/uploads\/2018\/04\/adults_madison_academia-200x150.jpg 200w, https:\/\/www.madisonidiomes.com\/wp-content\/uploads\/2018\/04\/adults_madison_academia-400x300.jpg 400w, https:\/\/www.madisonidiomes.com\/wp-content\/uploads\/2018\/04\/adults_madison_academia-600x450.jpg 600w, https:\/\/www.madisonidiomes.com\/wp-content\/uploads\/2018\/04\/adults_madison_academia.jpg 800w\" sizes=\"(max-width: 150px) 100vw, 150px\" \/>Las sesiones para adultos se vertebran siempre a partir de un libro de texto y un cuaderno de ejercicios, incluyendo gram\u00e1tica, fon\u00e9tica, comprensi\u00f3n oral y auditiva, expresi\u00f3n oral y escrita, comprensi\u00f3n lectora, tratamiento de vocabulario, etc. A menudo se refuerzan determinados conceptos con la ayuda de v\u00eddeos explicativos o ejercicios de audio que pueden incluir desde canciones hasta situaciones cotidianas o del entorno laboral.<\/p><p>\u00a0<\/p><p><strong>Para poder realizar la inscripci\u00f3n es necesario facilitar los datos de contacto del alumno acompa\u00f1ados del DNI\/NIE e importe de la matr\u00edcula en efectivo (50 \u20ac).<\/strong><\/p><p>\u00a0<\/p>\t\t\t\t\t<\/div>\n\t\t\t\t\t\t<\/div>\n\t\t\t\t<\/div>\n\t\t\t\t\t\t<\/div>\n\t\t\t\t\t<\/div>\n\t\t<\/div>\n\t\t\t\t\t\t\t\t<\/div>\n\t\t\t\t\t<\/div>\n\t\t<\/section>\n\t\t\t\t<section class=\"elementor-section elementor-top-section elementor-element elementor-element-818b086 elementor-section-boxed elementor-section-height-default elementor-section-height-default\" data-id=\"818b086\" data-element_type=\"section\">\n\t\t\t\t\t\t<div class=\"elementor-container elementor-column-gap-default\">\n\t\t\t\t\t\t\t<div class=\"elementor-row\">\n\t\t\t\t\t<div class=\"elementor-column elementor-col-100 elementor-top-column elementor-element elementor-element-76d950d\" data-id=\"76d950d\" data-element_type=\"column\">\n\t\t\t<div class=\"elementor-column-wrap elementor-element-populated\">\n\t\t\t\t\t\t\t<div class=\"elementor-widget-wrap\">\n\t\t\t\t\t\t<div class=\"elementor-element elementor-element-289bcbb elementor-widget elementor-widget-heading\" data-id=\"289bcbb\" data-element_type=\"widget\" data-widget_type=\"heading.default\">\n\t\t\t\t<div class=\"elementor-widget-container\">\n\t\t\t<h2 class=\"elementor-heading-title elementor-size-default\">Horarios en Manresa<\/h2>\t\t<\/div>\n\t\t\t\t<\/div>\n\t\t\t\t\t\t<\/div>\n\t\t\t\t\t<\/div>\n\t\t<\/div>\n\t\t\t\t\t\t\t\t<\/div>\n\t\t\t\t\t<\/div>\n\t\t<\/section>\n\t\t\t\t<section class=\"elementor-section elementor-top-section elementor-element elementor-element-7f3d804 elementor-section-boxed elementor-section-height-default elementor-section-height-default\" data-id=\"7f3d804\" data-element_type=\"section\">\n\t\t\t\t\t\t<div class=\"elementor-container elementor-column-gap-default\">\n\t\t\t\t\t\t\t<div class=\"elementor-row\">\n\t\t\t\t\t<div class=\"elementor-column elementor-col-100 elementor-top-column elementor-element elementor-element-a9edc64\" data-id=\"a9edc64\" data-element_type=\"column\">\n\t\t\t<div class=\"elementor-column-wrap elementor-element-populated\">\n\t\t\t\t\t\t\t<div class=\"elementor-widget-wrap\">\n\t\t\t\t\t\t<div class=\"elementor-element elementor-element-ebae2e7 elementor-widget elementor-widget-text-editor\" data-id=\"ebae2e7\" data-element_type=\"widget\" data-widget_type=\"text-editor.default\">\n\t\t\t\t<div class=\"elementor-widget-container\">\n\t\t\t\t\t\t\t\t<div class=\"elementor-text-editor elementor-clearfix\">\n\t\t\t\t<p>\n<table id=\"tablepress-50\" class=\"tablepress tablepress-id-50\">\n<thead>\n<tr class=\"row-1 odd\">\n\t<th class=\"column-1\">ANGL\u00c8S<\/th><th class=\"column-2\">&nbsp;<\/th><th class=\"column-3\">&nbsp;<\/th><th class=\"column-4\">&nbsp;<\/th><th class=\"column-5\">&nbsp;<\/th>\n<\/tr>\n<\/thead>\n<tbody class=\"row-hover\">\n<tr class=\"row-2 even\">\n\t<td class=\"column-1\">A1<\/td><td class=\"column-2\">A2<\/td><td class=\"column-3\">B1<\/td><td class=\"column-4\">B1.2<\/td><td class=\"column-5\"><\/td>\n<\/tr>\n<tr class=\"row-3 odd\">\n\t<td class=\"column-1\">Dilluns de 9:30h a 12:30h<\/td><td class=\"column-2\">Dilluns de 9:30h a 12:30h<\/td><td class=\"column-3\">Dilluns de 9:30h a 12:30h<\/td><td class=\"column-4\">Dilluns de 9:30h a 12:30h<\/td><td class=\"column-5\"><\/td>\n<\/tr>\n<tr class=\"row-4 even\">\n\t<td class=\"column-1\">Dimarts de 9:30h a 12:30h<\/td><td class=\"column-2\">Dimarts de 9:30h a 12:30h<\/td><td class=\"column-3\">Dimarts de 9:30h a 12:30h<\/td><td class=\"column-4\">Dimarts de 9:30h a 12:30h<\/td><td class=\"column-5\"><\/td>\n<\/tr>\n<tr class=\"row-5 odd\">\n\t<td class=\"column-1\">Dimecres de 9:30h a 12:30h<\/td><td class=\"column-2\">Dimecres de 9:30h a 12:30h<\/td><td class=\"column-3\">Dimecres de 9:30h a 12:30h<\/td><td class=\"column-4\">Dimecres de 9:30h a 12:30h<\/td><td class=\"column-5\"><\/td>\n<\/tr>\n<tr class=\"row-6 even\">\n\t<td class=\"column-1\"><\/td><td class=\"column-2\">Dimarts i dijous de 19h a 20:30h<\/td><td class=\"column-3\">Dilluns i dimecres de 19h a 20:30h<\/td><td class=\"column-4\"><\/td><td class=\"column-5\"><\/td>\n<\/tr>\n<\/tbody>\n<\/table>\n<\/p><p>\n<table id=\"tablepress-30\" class=\"tablepress tablepress-id-30\">\n<thead>\n<tr class=\"row-1 odd\">\n\t<th class=\"column-1\">XIN\u00c8S<\/th><th class=\"column-2\">JAPON\u00c8S<\/th><th class=\"column-3\">ALEMANY<\/th><th class=\"column-4\">FRANC\u00c8S<\/th><th class=\"column-5\">ITALI\u00c0<\/th><th class=\"column-6\">RUS<\/th><th class=\"column-7\">ESPANYOL<\/th>\n<\/tr>\n<\/thead>\n<tbody class=\"row-hover\">\n<tr class=\"row-2 even\">\n\t<td class=\"column-1\">Dimecres de 19h a 20:30h (A1.1)<\/td><td class=\"column-2\">Dilluns de 19h a 20:30h (A1.1)<\/td><td class=\"column-3\">Dissabte de 11:30h a 12:30h (B1.2)<\/td><td class=\"column-4\">Dijous de 19h a 21h (B1.2)<\/td><td class=\"column-5\">Dimarts de 16h a 18h (A1)<\/td><td class=\"column-6\">Divendres de 18h a 19:30h (A1.2)<\/td><td class=\"column-7\">Dilluns i dimecres de 19h a 20:30h (A1)<\/td>\n<\/tr>\n<tr class=\"row-3 odd\">\n\t<td class=\"column-1\">Dijous de 19h a 21h (A2-B1)<\/td><td class=\"column-2\">Dimarts de 19h a 20:30h (A2)<\/td><td class=\"column-3\">Dijous de 19h a 21h (A1)<\/td><td class=\"column-4\">Divendres de 18:30h a 20:30h (B1)<\/td><td class=\"column-5\">Dimarts de 18h a 20h (A2)<\/td><td class=\"column-6\"><\/td><td class=\"column-7\">Dilluns i dimecres de 19h a 20:30h (A2)<\/td>\n<\/tr>\n<tr class=\"row-4 even\">\n\t<td class=\"column-1\"><\/td><td class=\"column-2\">Divendres de 16:30h a 18h (A1.2)<\/td><td class=\"column-3\"><\/td><td class=\"column-4\"><\/td><td class=\"column-5\">Divendres de 18h a 20h (B2)<\/td><td class=\"column-6\"><\/td><td class=\"column-7\"><\/td>\n<\/tr>\n<tr class=\"row-5 odd\">\n\t<td class=\"column-1\"><\/td><td class=\"column-2\">Divendres de 18h a 19:30h (A2.1)<\/td><td class=\"column-3\"><\/td><td class=\"column-4\"><\/td><td class=\"column-5\"><\/td><td class=\"column-6\"><\/td><td class=\"column-7\"><\/td>\n<\/tr>\n<tr class=\"row-6 even\">\n\t<td class=\"column-1\"><\/td><td class=\"column-2\"><\/td><td class=\"column-3\"><\/td><td class=\"column-4\"><\/td><td class=\"column-5\"><\/td><td class=\"column-6\"><\/td><td class=\"column-7\"><\/td>\n<\/tr>\n<\/tbody>\n<\/table>\n<!-- #tablepress-30 from cache --><\/p>\t\t\t\t\t<\/div>\n\t\t\t\t\t\t<\/div>\n\t\t\t\t<\/div>\n\t\t\t\t\t\t<\/div>\n\t\t\t\t\t<\/div>\n\t\t<\/div>\n\t\t\t\t\t\t\t\t<\/div>\n\t\t\t\t\t<\/div>\n\t\t<\/section>\n\t\t\t\t<section class=\"elementor-section elementor-top-section elementor-element elementor-element-61ca5b7 elementor-section-boxed elementor-section-height-default elementor-section-height-default\" data-id=\"61ca5b7\" data-element_type=\"section\">\n\t\t\t\t\t\t<div class=\"elementor-container elementor-column-gap-default\">\n\t\t\t\t\t\t\t<div class=\"elementor-row\">\n\t\t\t\t\t<div class=\"elementor-column elementor-col-100 elementor-top-column elementor-element elementor-element-d820819\" data-id=\"d820819\" data-element_type=\"column\">\n\t\t\t<div class=\"elementor-column-wrap elementor-element-populated\">\n\t\t\t\t\t\t\t<div class=\"elementor-widget-wrap\">\n\t\t\t\t\t\t<div class=\"elementor-element elementor-element-8066196 elementor-widget elementor-widget-heading\" data-id=\"8066196\" data-element_type=\"widget\" data-widget_type=\"heading.default\">\n\t\t\t\t<div class=\"elementor-widget-container\">\n\t\t\t<h2 class=\"elementor-heading-title elementor-size-default\">Horarios en St. Fruit\u00f3s<\/h2>\t\t<\/div>\n\t\t\t\t<\/div>\n\t\t\t\t\t\t<\/div>\n\t\t\t\t\t<\/div>\n\t\t<\/div>\n\t\t\t\t\t\t\t\t<\/div>\n\t\t\t\t\t<\/div>\n\t\t<\/section>\n\t\t\t\t<section class=\"elementor-section elementor-top-section elementor-element elementor-element-1b0f22e elementor-section-boxed elementor-section-height-default elementor-section-height-default\" data-id=\"1b0f22e\" data-element_type=\"section\">\n\t\t\t\t\t\t<div class=\"elementor-container elementor-column-gap-default\">\n\t\t\t\t\t\t\t<div class=\"elementor-row\">\n\t\t\t\t\t<div class=\"elementor-column elementor-col-100 elementor-top-column elementor-element elementor-element-8b52d02\" data-id=\"8b52d02\" data-element_type=\"column\">\n\t\t\t<div class=\"elementor-column-wrap elementor-element-populated\">\n\t\t\t\t\t\t\t<div class=\"elementor-widget-wrap\">\n\t\t\t\t\t\t<div class=\"elementor-element elementor-element-33f6134 elementor-widget elementor-widget-text-editor\" data-id=\"33f6134\" data-element_type=\"widget\" data-widget_type=\"text-editor.default\">\n\t\t\t\t<div class=\"elementor-widget-container\">\n\t\t\t\t\t\t\t\t<div class=\"elementor-text-editor elementor-clearfix\">\n\t\t\t\t<p>\n<table id=\"tablepress-51\" class=\"tablepress tablepress-id-51\">\n<thead>\n<tr class=\"row-1 odd\">\n\t<th class=\"column-1\">ANGL\u00c8S<\/th><th class=\"column-2\">&nbsp;<\/th><th class=\"column-3\">&nbsp;<\/th><th class=\"column-4\">&nbsp;<\/th><th class=\"column-5\">&nbsp;<\/th>\n<\/tr>\n<\/thead>\n<tbody class=\"row-hover\">\n<tr class=\"row-2 even\">\n\t<td class=\"column-1\">A1.1<\/td><td class=\"column-2\">A1.2<\/td><td class=\"column-3\">A2.2<\/td><td class=\"column-4\">B1.2<\/td><td class=\"column-5\"><\/td>\n<\/tr>\n<tr class=\"row-3 odd\">\n\t<td class=\"column-1\">Dilluns de 18:30h a 21h<\/td><td class=\"column-2\">Dilluns de 18:30h a 21h<\/td><td class=\"column-3\">Dilluns de 18:30h a 21h<\/td><td class=\"column-4\">Dilluns de 18:30h a 21h<\/td><td class=\"column-5\"><\/td>\n<\/tr>\n<tr class=\"row-4 even\">\n\t<td class=\"column-1\">Dimarts i dijous de 19:45h a 21h<\/td><td class=\"column-2\">Dimarts i dijous de 19:45h a 21h<\/td><td class=\"column-3\">Dimarts i dijous de 19:45h a 21h<\/td><td class=\"column-4\">Dimarts i dijous de 19:45h a 21h<\/td><td class=\"column-5\"><\/td>\n<\/tr>\n<tr class=\"row-5 odd\">\n\t<td class=\"column-1\">Dimecres de 18:30h a 21h<\/td><td class=\"column-2\">Dimecres de 18:30h a 21h<\/td><td class=\"column-3\">Dimecres de 18:30h a 21h<\/td><td class=\"column-4\">Dimecres de 18:30h a 21h<\/td><td class=\"column-5\"><\/td>\n<\/tr>\n<\/tbody>\n<\/table>\n<!-- #tablepress-51 from cache --><\/p><p>\n<table id=\"tablepress-34\" class=\"tablepress tablepress-id-34\">\n<thead>\n<tr class=\"row-1 odd\">\n\t<th class=\"column-1\">ITALI\u00c0<\/th><th class=\"column-2\">JAPON\u00c8S<\/th>\n<\/tr>\n<\/thead>\n<tbody class=\"row-hover\">\n<tr class=\"row-2 even\">\n\t<td class=\"column-1\">Dilluns de 18:30h a 20:30h (B1)<\/td><td class=\"column-2\">Dimecres de 15:45h a 17h (A1)<\/td>\n<\/tr>\n<\/tbody>\n<\/table>\n<!-- #tablepress-34 from cache --><\/p>\t\t\t\t\t<\/div>\n\t\t\t\t\t\t<\/div>\n\t\t\t\t<\/div>\n\t\t\t\t\t\t<\/div>\n\t\t\t\t\t<\/div>\n\t\t<\/div>\n\t\t\t\t\t\t\t\t<\/div>\n\t\t\t\t\t<\/div>\n\t\t<\/section>\n\t\t\t\t\t\t\t\t\t<\/div>\n\t\t\t<\/div>\n\t\t\t\t\t<\/div>\n\t\t","protected":false},"excerpt":{"rendered":"<p>Clases de 9h de la ma\u00f1ana a 21h de la noche Ingl\u00e9s, franc\u00e9s, alem\u00e1n, ruso y mucho m\u00e1s. Cursos de adultos para empezar desde cero e ir subiendo niveles. \u00a1Es hora de ponerse al d\u00eda y reciclarse para el mundo &hellip; <a href=\"https:\/\/www.madisonidiomes.com\/es\/cursos-para-adultos\/\">Continuar<\/a><\/p>\n","protected":false},"author":4,"featured_media":0,"parent":0,"menu_order":0,"comment_status":"closed","ping_status":"closed","template":"","meta":[],"yoast_head":"<!-- This site is optimized with the Yoast SEO plugin v18.6 - https:\/\/yoast.com\/wordpress\/plugins\/seo\/ -->\n<title>Cursos para adultos | Escola d&#039;Idiomes Madison<\/title>\n<meta name=\"robots\" content=\"index, follow, max-snippet:-1, max-image-preview:large, max-video-preview:-1\" \/>\n<link rel=\"canonical\" href=\"https:\/\/www.madisonidiomes.com\/es\/cursos-para-adultos\/\" \/>\n<meta property=\"og:locale\" content=\"es_ES\" \/>\n<meta property=\"og:type\" content=\"article\" \/>\n<meta property=\"og:title\" content=\"Cursos para adultos | Escola d&#039;Idiomes Madison\" \/>\n<meta property=\"og:description\" content=\"Clases de 9h de la ma\u00f1ana a 21h de la noche Ingl\u00e9s, franc\u00e9s, alem\u00e1n, ruso y mucho m\u00e1s. Cursos de adultos para empezar desde cero e ir subiendo niveles. \u00a1Es hora de ponerse al d\u00eda y reciclarse para el mundo &hellip; Continuar\" \/>\n<meta property=\"og:url\" content=\"https:\/\/www.madisonidiomes.com\/es\/cursos-para-adultos\/\" \/>\n<meta property=\"og:site_name\" content=\"Escola d&#039;Idiomes Madison\" \/>\n<meta property=\"article:publisher\" content=\"https:\/\/www.facebook.com\/escola.madison\" \/>\n<meta property=\"article:modified_time\" content=\"2026-04-20T14:57:23+00:00\" \/>\n<meta property=\"og:image\" content=\"https:\/\/madisonidiomes.com\/wp-content\/uploads\/2018\/04\/adults-300x225.jpg\" \/>\n<meta name=\"twitter:card\" content=\"summary_large_image\" \/>\n<meta name=\"twitter:site\" content=\"@IdiomesMadison\" \/>\n<meta name=\"twitter:label1\" content=\"Tiempo de lectura\" \/>\n\t<meta name=\"twitter:data1\" content=\"3 minutos\" \/>\n<script type=\"application\/ld+json\" class=\"yoast-schema-graph\">{\"@context\":\"https:\/\/schema.org\",\"@graph\":[{\"@type\":\"Organization\",\"@id\":\"https:\/\/www.madisonidiomes.com\/#organization\",\"name\":\"Escola d'Idiomes Madison\",\"url\":\"https:\/\/www.madisonidiomes.com\/\",\"sameAs\":[\"https:\/\/www.facebook.com\/escola.madison\",\"https:\/\/www.instagram.com\/idiomesmadison\/\",\"https:\/\/www.linkedin.com\/company\/madisonidiomes\/\",\"https:\/\/www.youtube.com\/channel\/UCxAYgYf_afDUB9Ep-ecKMew\/feed\",\"https:\/\/twitter.com\/IdiomesMadison\"],\"logo\":{\"@type\":\"ImageObject\",\"@id\":\"https:\/\/www.madisonidiomes.com\/#logo\",\"inLanguage\":\"es\",\"url\":\"https:\/\/madisonidiomes.com\/wp-content\/uploads\/2018\/05\/Logo-Madison_2018.jpg\",\"contentUrl\":\"https:\/\/madisonidiomes.com\/wp-content\/uploads\/2018\/05\/Logo-Madison_2018.jpg\",\"width\":406,\"height\":104,\"caption\":\"Escola d'Idiomes Madison\"},\"image\":{\"@id\":\"https:\/\/www.madisonidiomes.com\/#logo\"}},{\"@type\":\"WebSite\",\"@id\":\"https:\/\/www.madisonidiomes.com\/#website\",\"url\":\"https:\/\/www.madisonidiomes.com\/\",\"name\":\"Escola d&#039;Idiomes Madison\",\"description\":\"Acad\u00e8mia d&#039;idiomes a Manresa i Sant Fruit\u00f3s\",\"publisher\":{\"@id\":\"https:\/\/www.madisonidiomes.com\/#organization\"},\"potentialAction\":[{\"@type\":\"SearchAction\",\"target\":{\"@type\":\"EntryPoint\",\"urlTemplate\":\"https:\/\/www.madisonidiomes.com\/?s={search_term_string}\"},\"query-input\":\"required name=search_term_string\"}],\"inLanguage\":\"es\"},{\"@type\":\"ImageObject\",\"@id\":\"https:\/\/www.madisonidiomes.com\/es\/cursos-para-adultos\/#primaryimage\",\"inLanguage\":\"es\",\"url\":\"https:\/\/madisonidiomes.com\/wp-content\/uploads\/2018\/04\/adults-300x225.jpg\",\"contentUrl\":\"https:\/\/madisonidiomes.com\/wp-content\/uploads\/2018\/04\/adults-300x225.jpg\"},{\"@type\":\"WebPage\",\"@id\":\"https:\/\/www.madisonidiomes.com\/es\/cursos-para-adultos\/#webpage\",\"url\":\"https:\/\/www.madisonidiomes.com\/es\/cursos-para-adultos\/\",\"name\":\"Cursos para adultos | Escola d&#039;Idiomes Madison\",\"isPartOf\":{\"@id\":\"https:\/\/www.madisonidiomes.com\/#website\"},\"primaryImageOfPage\":{\"@id\":\"https:\/\/www.madisonidiomes.com\/es\/cursos-para-adultos\/#primaryimage\"},\"datePublished\":\"2018-03-15T09:35:31+00:00\",\"dateModified\":\"2026-04-20T14:57:23+00:00\",\"breadcrumb\":{\"@id\":\"https:\/\/www.madisonidiomes.com\/es\/cursos-para-adultos\/#breadcrumb\"},\"inLanguage\":\"es\",\"potentialAction\":[{\"@type\":\"ReadAction\",\"target\":[\"https:\/\/www.madisonidiomes.com\/es\/cursos-para-adultos\/\"]}]},{\"@type\":\"BreadcrumbList\",\"@id\":\"https:\/\/www.madisonidiomes.com\/es\/cursos-para-adultos\/#breadcrumb\",\"itemListElement\":[{\"@type\":\"ListItem\",\"position\":1,\"name\":\"Inici\",\"item\":\"https:\/\/www.madisonidiomes.com\/es\/\"},{\"@type\":\"ListItem\",\"position\":2,\"name\":\"Cursos para adultos\"}]}]}<\/script>\n<!-- \/ Yoast SEO plugin. -->","yoast_head_json":{"title":"Cursos para adultos | Escola d&#039;Idiomes Madison","robots":{"index":"index","follow":"follow","max-snippet":"max-snippet:-1","max-image-preview":"max-image-preview:large","max-video-preview":"max-video-preview:-1"},"canonical":"https:\/\/www.madisonidiomes.com\/es\/cursos-para-adultos\/","og_locale":"es_ES","og_type":"article","og_title":"Cursos para adultos | Escola d&#039;Idiomes Madison","og_description":"Clases de 9h de la ma\u00f1ana a 21h de la noche Ingl\u00e9s, franc\u00e9s, alem\u00e1n, ruso y mucho m\u00e1s. Cursos de adultos para empezar desde cero e ir subiendo niveles. \u00a1Es hora de ponerse al d\u00eda y reciclarse para el mundo &hellip; Continuar","og_url":"https:\/\/www.madisonidiomes.com\/es\/cursos-para-adultos\/","og_site_name":"Escola d&#039;Idiomes Madison","article_publisher":"https:\/\/www.facebook.com\/escola.madison","article_modified_time":"2026-04-20T14:57:23+00:00","og_image":[{"url":"https:\/\/madisonidiomes.com\/wp-content\/uploads\/2018\/04\/adults-300x225.jpg"}],"twitter_card":"summary_large_image","twitter_site":"@IdiomesMadison","twitter_misc":{"Tiempo de lectura":"3 minutos"},"schema":{"@context":"https:\/\/schema.org","@graph":[{"@type":"Organization","@id":"https:\/\/www.madisonidiomes.com\/#organization","name":"Escola d'Idiomes Madison","url":"https:\/\/www.madisonidiomes.com\/","sameAs":["https:\/\/www.facebook.com\/escola.madison","https:\/\/www.instagram.com\/idiomesmadison\/","https:\/\/www.linkedin.com\/company\/madisonidiomes\/","https:\/\/www.youtube.com\/channel\/UCxAYgYf_afDUB9Ep-ecKMew\/feed","https:\/\/twitter.com\/IdiomesMadison"],"logo":{"@type":"ImageObject","@id":"https:\/\/www.madisonidiomes.com\/#logo","inLanguage":"es","url":"https:\/\/madisonidiomes.com\/wp-content\/uploads\/2018\/05\/Logo-Madison_2018.jpg","contentUrl":"https:\/\/madisonidiomes.com\/wp-content\/uploads\/2018\/05\/Logo-Madison_2018.jpg","width":406,"height":104,"caption":"Escola d'Idiomes Madison"},"image":{"@id":"https:\/\/www.madisonidiomes.com\/#logo"}},{"@type":"WebSite","@id":"https:\/\/www.madisonidiomes.com\/#website","url":"https:\/\/www.madisonidiomes.com\/","name":"Escola d&#039;Idiomes Madison","description":"Acad\u00e8mia d&#039;idiomes a Manresa i Sant Fruit\u00f3s","publisher":{"@id":"https:\/\/www.madisonidiomes.com\/#organization"},"potentialAction":[{"@type":"SearchAction","target":{"@type":"EntryPoint","urlTemplate":"https:\/\/www.madisonidiomes.com\/?s={search_term_string}"},"query-input":"required name=search_term_string"}],"inLanguage":"es"},{"@type":"ImageObject","@id":"https:\/\/www.madisonidiomes.com\/es\/cursos-para-adultos\/#primaryimage","inLanguage":"es","url":"https:\/\/madisonidiomes.com\/wp-content\/uploads\/2018\/04\/adults-300x225.jpg","contentUrl":"https:\/\/madisonidiomes.com\/wp-content\/uploads\/2018\/04\/adults-300x225.jpg"},{"@type":"WebPage","@id":"https:\/\/www.madisonidiomes.com\/es\/cursos-para-adultos\/#webpage","url":"https:\/\/www.madisonidiomes.com\/es\/cursos-para-adultos\/","name":"Cursos para adultos | Escola d&#039;Idiomes Madison","isPartOf":{"@id":"https:\/\/www.madisonidiomes.com\/#website"},"primaryImageOfPage":{"@id":"https:\/\/www.madisonidiomes.com\/es\/cursos-para-adultos\/#primaryimage"},"datePublished":"2018-03-15T09:35:31+00:00","dateModified":"2026-04-20T14:57:23+00:00","breadcrumb":{"@id":"https:\/\/www.madisonidiomes.com\/es\/cursos-para-adultos\/#breadcrumb"},"inLanguage":"es","potentialAction":[{"@type":"ReadAction","target":["https:\/\/www.madisonidiomes.com\/es\/cursos-para-adultos\/"]}]},{"@type":"BreadcrumbList","@id":"https:\/\/www.madisonidiomes.com\/es\/cursos-para-adultos\/#breadcrumb","itemListElement":[{"@type":"ListItem","position":1,"name":"Inici","item":"https:\/\/www.madisonidiomes.com\/es\/"},{"@type":"ListItem","position":2,"name":"Cursos para adultos"}]}]}},"_links":{"self":[{"href":"https:\/\/www.madisonidiomes.com\/es\/wp-json\/wp\/v2\/pages\/4029\/"}],"collection":[{"href":"https:\/\/www.madisonidiomes.com\/es\/wp-json\/wp\/v2\/pages\/"}],"about":[{"href":"https:\/\/www.madisonidiomes.com\/es\/wp-json\/wp\/v2\/types\/page\/"}],"author":[{"embeddable":true,"href":"https:\/\/www.madisonidiomes.com\/es\/wp-json\/wp\/v2\/users\/4\/"}],"replies":[{"embeddable":true,"href":"https:\/\/www.madisonidiomes.com\/es\/wp-json\/wp\/v2\/comments\/?post=4029"}],"version-history":[{"count":30,"href":"https:\/\/www.madisonidiomes.com\/es\/wp-json\/wp\/v2\/pages\/4029\/revisions\/"}],"predecessor-version":[{"id":9336,"href":"https:\/\/www.madisonidiomes.com\/es\/wp-json\/wp\/v2\/pages\/4029\/revisions\/9336\/"}],"wp:attachment":[{"href":"https:\/\/www.madisonidiomes.com\/es\/wp-json\/wp\/v2\/media\/?parent=4029"}],"curies":[{"name":"wp","href":"https:\/\/api.w.org\/{rel}","templated":true}]}}