{"id":4451,"date":"2018-04-06T09:40:26","date_gmt":"2018-04-06T07:40:26","guid":{"rendered":"https:\/\/madisonidiomes.com\/cambridge-proficiency-cpe\/"},"modified":"2021-03-12T16:23:37","modified_gmt":"2021-03-12T15:23:37","slug":"cambridge-proficiency-cpe","status":"publish","type":"page","link":"https:\/\/www.madisonidiomes.com\/es\/cambridge-proficiency-cpe\/","title":{"rendered":"Cambridge Proficiency (CPE)"},"content":{"rendered":"<h2 style=\"font-weight: 400;\"><strong>CAMBRIDGE PROFICIENCY\u00a0<\/strong><\/h2>\n<p style=\"font-weight: 400;\">Los certificados de Cambridge English suponen un t\u00edtulo para toda la vida.<\/p>\n<p style=\"font-weight: 400;\">Hay seis niveles de habilidad que van desde el m\u00e1s elemental hasta el m\u00e1s avanzado:<\/p>\n<p style=\"font-weight: 400;\">A1, A2 (KET), B1 (PET), B2 (FCE), C1 (CAE) i\u00a0<strong>C2 (CPE),<\/strong>\u00a0y est\u00e1n definidos en el\u00a0<strong>Marco Com\u00fan de Referencia Europeo<\/strong>.<\/p>\n<p style=\"font-weight: 400;\">Madison es centro preparador oficial de Cambridge y ofrece cursos espec\u00edficos para la preparaci\u00f3n del examen B2 (First Certificate), C1 (Advanced) y C2\u00a0(Proficiency).<\/p>\n<p>&nbsp;<\/p>\n<p style=\"text-align: center;\"><iframe src=\"https:\/\/www.youtube-nocookie.com\/embed\/UAehOcVfr3Y?controls=0\" width=\"460\" height=\"215\" frameborder=\"0\" allowfullscreen=\"allowfullscreen\"><\/iframe><\/p>\n<p style=\"text-align: center;\">A partir del 2015 los ex\u00e1menes oficiales se rigen por la\u00a0<a href=\"http:\/\/www.cambridgeenglish.org\/images\/210434-converting-practice-test-scores-to-cambridge-english-scale-scores.pdf\" target=\"_blank\" rel=\"noopener\"><strong>Cambridge English Scale<\/strong><\/a><\/p>\n<p>&nbsp;<\/p>\n<p><strong>RESULTADOS:\u00a0<\/strong>Los candidatos podr\u00e1n consultar el resultado online\u00a0<a href=\"http:\/\/candidates.cambridgeenglish.org\/Members\/Login.aspx?M=None\">aqu\u00ed<\/a>. La fecha en la que los resultados estar\u00e1n disponibles y las claves de acceso (ID Number y Secret Number) que necesita el candidato, se encuentran en el documento de Confirmation of Entry (COE). El resultado de los ex\u00e1menes en papel se pueden consultar de 2 a 5 semanas despu\u00e9s de hacer el examen.<\/p>\n<p style=\"font-weight: 400;\"><strong>PUNTUACI\u00d3N:\u00a0<\/strong>Para superar el examen de CPE\u00a0 (Nivel C2 del MCER), es necesario obtener una puntuaci\u00f3n m\u00ednima de 60 sobre 100. Si el candidato no llega a esta puntuaci\u00f3n pero el resultado obtenido es ligeramente inferior (entre 45 i 59), se le certificar\u00e1 el nivel anterior (Nivel C1). El candidato que no llegue a 45 sobre 100 no obtendr\u00e1 certificado.<\/p>\n<p>Para conocer las fechas de ex\u00e1menes en Barcelona clica en el <a href=\"https:\/\/www.madisonidiomes.com\/es\/dates-dexamen-cpe\/\">este enlace<\/a><\/p>\n<p>Encuentra m\u00e1s informaci\u00f3n sobre el Cambridge Proficiency Exam en su web oficial:<\/p>\n<p><a href=\"https:\/\/www.cambridgeenglish.org\/es\/\"><img class=\"aligncenter wp-image-3422\" src=\"https:\/\/www.madisonidiomes.com\/wp-content\/uploads\/2018\/05\/cambridge.png\" alt=\"\" width=\"177\" height=\"121\" srcset=\"https:\/\/www.madisonidiomes.com\/wp-content\/uploads\/2018\/05\/cambridge.png 620w, https:\/\/www.madisonidiomes.com\/wp-content\/uploads\/2018\/05\/cambridge-300x205.png 300w, https:\/\/www.madisonidiomes.com\/wp-content\/uploads\/2018\/05\/cambridge-200x137.png 200w, https:\/\/www.madisonidiomes.com\/wp-content\/uploads\/2018\/05\/cambridge-400x274.png 400w, https:\/\/www.madisonidiomes.com\/wp-content\/uploads\/2018\/05\/cambridge-600x410.png 600w\" sizes=\"(max-width: 177px) 100vw, 177px\" \/><\/a><\/p>\n<p>&nbsp;<\/p>\n","protected":false},"excerpt":{"rendered":"<p>CAMBRIDGE PROFICIENCY\u00a0 Los certificados de Cambridge English suponen un t\u00edtulo para toda la vida. Hay seis niveles de habilidad que van desde el m\u00e1s elemental hasta el m\u00e1s avanzado: A1, A2 (KET), B1 (PET), B2 (FCE), C1 (CAE) i\u00a0C2 (CPE),\u00a0y &hellip; <a href=\"https:\/\/www.madisonidiomes.com\/es\/cambridge-proficiency-cpe\/\">Continuar<\/a><\/p>\n","protected":false},"author":4,"featured_media":0,"parent":0,"menu_order":0,"comment_status":"closed","ping_status":"closed","template":"","meta":[],"yoast_head":"<!-- This site is optimized with the Yoast SEO plugin v18.6 - https:\/\/yoast.com\/wordpress\/plugins\/seo\/ -->\n<title>Cambridge Proficiency (CPE) | Escola d&#039;Idiomes Madison<\/title>\n<meta name=\"robots\" content=\"index, follow, max-snippet:-1, max-image-preview:large, max-video-preview:-1\" \/>\n<link rel=\"canonical\" href=\"https:\/\/www.madisonidiomes.com\/es\/cambridge-proficiency-cpe\/\" \/>\n<meta property=\"og:locale\" content=\"es_ES\" \/>\n<meta property=\"og:type\" content=\"article\" \/>\n<meta property=\"og:title\" content=\"Cambridge Proficiency (CPE) | Escola d&#039;Idiomes Madison\" \/>\n<meta property=\"og:description\" content=\"CAMBRIDGE PROFICIENCY\u00a0 Los certificados de Cambridge English suponen un t\u00edtulo para toda la vida. Hay seis niveles de habilidad que van desde el m\u00e1s elemental hasta el m\u00e1s avanzado: A1, A2 (KET), B1 (PET), B2 (FCE), C1 (CAE) i\u00a0C2 (CPE),\u00a0y &hellip; Continuar\" \/>\n<meta property=\"og:url\" content=\"https:\/\/www.madisonidiomes.com\/es\/cambridge-proficiency-cpe\/\" \/>\n<meta property=\"og:site_name\" content=\"Escola d&#039;Idiomes Madison\" \/>\n<meta property=\"article:publisher\" content=\"https:\/\/www.facebook.com\/escola.madison\" \/>\n<meta property=\"article:modified_time\" content=\"2021-03-12T15:23:37+00:00\" \/>\n<meta property=\"og:image\" content=\"https:\/\/madisonidiomes.com\/wp-content\/uploads\/2018\/05\/cambridge.png\" \/>\n<meta name=\"twitter:card\" content=\"summary_large_image\" \/>\n<meta name=\"twitter:site\" content=\"@IdiomesMadison\" \/>\n<meta name=\"twitter:label1\" content=\"Tiempo de lectura\" \/>\n\t<meta name=\"twitter:data1\" content=\"2 minutos\" \/>\n<script type=\"application\/ld+json\" class=\"yoast-schema-graph\">{\"@context\":\"https:\/\/schema.org\",\"@graph\":[{\"@type\":\"Organization\",\"@id\":\"https:\/\/www.madisonidiomes.com\/#organization\",\"name\":\"Escola d'Idiomes Madison\",\"url\":\"https:\/\/www.madisonidiomes.com\/\",\"sameAs\":[\"https:\/\/www.facebook.com\/escola.madison\",\"https:\/\/www.instagram.com\/idiomesmadison\/\",\"https:\/\/www.linkedin.com\/company\/madisonidiomes\/\",\"https:\/\/www.youtube.com\/channel\/UCxAYgYf_afDUB9Ep-ecKMew\/feed\",\"https:\/\/twitter.com\/IdiomesMadison\"],\"logo\":{\"@type\":\"ImageObject\",\"@id\":\"https:\/\/www.madisonidiomes.com\/#logo\",\"inLanguage\":\"es\",\"url\":\"https:\/\/madisonidiomes.com\/wp-content\/uploads\/2018\/05\/Logo-Madison_2018.jpg\",\"contentUrl\":\"https:\/\/madisonidiomes.com\/wp-content\/uploads\/2018\/05\/Logo-Madison_2018.jpg\",\"width\":406,\"height\":104,\"caption\":\"Escola d'Idiomes Madison\"},\"image\":{\"@id\":\"https:\/\/www.madisonidiomes.com\/#logo\"}},{\"@type\":\"WebSite\",\"@id\":\"https:\/\/www.madisonidiomes.com\/#website\",\"url\":\"https:\/\/www.madisonidiomes.com\/\",\"name\":\"Escola d&#039;Idiomes Madison\",\"description\":\"Acad\u00e8mia d&#039;idiomes a Manresa i Sant Fruit\u00f3s\",\"publisher\":{\"@id\":\"https:\/\/www.madisonidiomes.com\/#organization\"},\"potentialAction\":[{\"@type\":\"SearchAction\",\"target\":{\"@type\":\"EntryPoint\",\"urlTemplate\":\"https:\/\/www.madisonidiomes.com\/?s={search_term_string}\"},\"query-input\":\"required name=search_term_string\"}],\"inLanguage\":\"es\"},{\"@type\":\"ImageObject\",\"@id\":\"https:\/\/www.madisonidiomes.com\/es\/cambridge-proficiency-cpe\/#primaryimage\",\"inLanguage\":\"es\",\"url\":\"https:\/\/www.madisonidiomes.com\/wp-content\/uploads\/2018\/05\/cambridge.png\",\"contentUrl\":\"https:\/\/www.madisonidiomes.com\/wp-content\/uploads\/2018\/05\/cambridge.png\",\"width\":620,\"height\":424},{\"@type\":\"WebPage\",\"@id\":\"https:\/\/www.madisonidiomes.com\/es\/cambridge-proficiency-cpe\/#webpage\",\"url\":\"https:\/\/www.madisonidiomes.com\/es\/cambridge-proficiency-cpe\/\",\"name\":\"Cambridge Proficiency (CPE) | Escola d&#039;Idiomes Madison\",\"isPartOf\":{\"@id\":\"https:\/\/www.madisonidiomes.com\/#website\"},\"primaryImageOfPage\":{\"@id\":\"https:\/\/www.madisonidiomes.com\/es\/cambridge-proficiency-cpe\/#primaryimage\"},\"datePublished\":\"2018-04-06T07:40:26+00:00\",\"dateModified\":\"2021-03-12T15:23:37+00:00\",\"breadcrumb\":{\"@id\":\"https:\/\/www.madisonidiomes.com\/es\/cambridge-proficiency-cpe\/#breadcrumb\"},\"inLanguage\":\"es\",\"potentialAction\":[{\"@type\":\"ReadAction\",\"target\":[\"https:\/\/www.madisonidiomes.com\/es\/cambridge-proficiency-cpe\/\"]}]},{\"@type\":\"BreadcrumbList\",\"@id\":\"https:\/\/www.madisonidiomes.com\/es\/cambridge-proficiency-cpe\/#breadcrumb\",\"itemListElement\":[{\"@type\":\"ListItem\",\"position\":1,\"name\":\"Inici\",\"item\":\"https:\/\/www.madisonidiomes.com\/es\/\"},{\"@type\":\"ListItem\",\"position\":2,\"name\":\"Cambridge Proficiency (CPE)\"}]}]}<\/script>\n<!-- \/ Yoast SEO plugin. -->","yoast_head_json":{"title":"Cambridge Proficiency (CPE) | Escola d&#039;Idiomes Madison","robots":{"index":"index","follow":"follow","max-snippet":"max-snippet:-1","max-image-preview":"max-image-preview:large","max-video-preview":"max-video-preview:-1"},"canonical":"https:\/\/www.madisonidiomes.com\/es\/cambridge-proficiency-cpe\/","og_locale":"es_ES","og_type":"article","og_title":"Cambridge Proficiency (CPE) | Escola d&#039;Idiomes Madison","og_description":"CAMBRIDGE PROFICIENCY\u00a0 Los certificados de Cambridge English suponen un t\u00edtulo para toda la vida. Hay seis niveles de habilidad que van desde el m\u00e1s elemental hasta el m\u00e1s avanzado: A1, A2 (KET), B1 (PET), B2 (FCE), C1 (CAE) i\u00a0C2 (CPE),\u00a0y &hellip; Continuar","og_url":"https:\/\/www.madisonidiomes.com\/es\/cambridge-proficiency-cpe\/","og_site_name":"Escola d&#039;Idiomes Madison","article_publisher":"https:\/\/www.facebook.com\/escola.madison","article_modified_time":"2021-03-12T15:23:37+00:00","og_image":[{"url":"https:\/\/madisonidiomes.com\/wp-content\/uploads\/2018\/05\/cambridge.png"}],"twitter_card":"summary_large_image","twitter_site":"@IdiomesMadison","twitter_misc":{"Tiempo de lectura":"2 minutos"},"schema":{"@context":"https:\/\/schema.org","@graph":[{"@type":"Organization","@id":"https:\/\/www.madisonidiomes.com\/#organization","name":"Escola d'Idiomes Madison","url":"https:\/\/www.madisonidiomes.com\/","sameAs":["https:\/\/www.facebook.com\/escola.madison","https:\/\/www.instagram.com\/idiomesmadison\/","https:\/\/www.linkedin.com\/company\/madisonidiomes\/","https:\/\/www.youtube.com\/channel\/UCxAYgYf_afDUB9Ep-ecKMew\/feed","https:\/\/twitter.com\/IdiomesMadison"],"logo":{"@type":"ImageObject","@id":"https:\/\/www.madisonidiomes.com\/#logo","inLanguage":"es","url":"https:\/\/madisonidiomes.com\/wp-content\/uploads\/2018\/05\/Logo-Madison_2018.jpg","contentUrl":"https:\/\/madisonidiomes.com\/wp-content\/uploads\/2018\/05\/Logo-Madison_2018.jpg","width":406,"height":104,"caption":"Escola d'Idiomes Madison"},"image":{"@id":"https:\/\/www.madisonidiomes.com\/#logo"}},{"@type":"WebSite","@id":"https:\/\/www.madisonidiomes.com\/#website","url":"https:\/\/www.madisonidiomes.com\/","name":"Escola d&#039;Idiomes Madison","description":"Acad\u00e8mia d&#039;idiomes a Manresa i Sant Fruit\u00f3s","publisher":{"@id":"https:\/\/www.madisonidiomes.com\/#organization"},"potentialAction":[{"@type":"SearchAction","target":{"@type":"EntryPoint","urlTemplate":"https:\/\/www.madisonidiomes.com\/?s={search_term_string}"},"query-input":"required name=search_term_string"}],"inLanguage":"es"},{"@type":"ImageObject","@id":"https:\/\/www.madisonidiomes.com\/es\/cambridge-proficiency-cpe\/#primaryimage","inLanguage":"es","url":"https:\/\/www.madisonidiomes.com\/wp-content\/uploads\/2018\/05\/cambridge.png","contentUrl":"https:\/\/www.madisonidiomes.com\/wp-content\/uploads\/2018\/05\/cambridge.png","width":620,"height":424},{"@type":"WebPage","@id":"https:\/\/www.madisonidiomes.com\/es\/cambridge-proficiency-cpe\/#webpage","url":"https:\/\/www.madisonidiomes.com\/es\/cambridge-proficiency-cpe\/","name":"Cambridge Proficiency (CPE) | Escola d&#039;Idiomes Madison","isPartOf":{"@id":"https:\/\/www.madisonidiomes.com\/#website"},"primaryImageOfPage":{"@id":"https:\/\/www.madisonidiomes.com\/es\/cambridge-proficiency-cpe\/#primaryimage"},"datePublished":"2018-04-06T07:40:26+00:00","dateModified":"2021-03-12T15:23:37+00:00","breadcrumb":{"@id":"https:\/\/www.madisonidiomes.com\/es\/cambridge-proficiency-cpe\/#breadcrumb"},"inLanguage":"es","potentialAction":[{"@type":"ReadAction","target":["https:\/\/www.madisonidiomes.com\/es\/cambridge-proficiency-cpe\/"]}]},{"@type":"BreadcrumbList","@id":"https:\/\/www.madisonidiomes.com\/es\/cambridge-proficiency-cpe\/#breadcrumb","itemListElement":[{"@type":"ListItem","position":1,"name":"Inici","item":"https:\/\/www.madisonidiomes.com\/es\/"},{"@type":"ListItem","position":2,"name":"Cambridge Proficiency (CPE)"}]}]}},"_links":{"self":[{"href":"https:\/\/www.madisonidiomes.com\/es\/wp-json\/wp\/v2\/pages\/4451\/"}],"collection":[{"href":"https:\/\/www.madisonidiomes.com\/es\/wp-json\/wp\/v2\/pages\/"}],"about":[{"href":"https:\/\/www.madisonidiomes.com\/es\/wp-json\/wp\/v2\/types\/page\/"}],"author":[{"embeddable":true,"href":"https:\/\/www.madisonidiomes.com\/es\/wp-json\/wp\/v2\/users\/4\/"}],"replies":[{"embeddable":true,"href":"https:\/\/www.madisonidiomes.com\/es\/wp-json\/wp\/v2\/comments\/?post=4451"}],"version-history":[{"count":0,"href":"https:\/\/www.madisonidiomes.com\/es\/wp-json\/wp\/v2\/pages\/4451\/revisions\/"}],"wp:attachment":[{"href":"https:\/\/www.madisonidiomes.com\/es\/wp-json\/wp\/v2\/media\/?parent=4451"}],"curies":[{"name":"wp","href":"https:\/\/api.w.org\/{rel}","templated":true}]}}