{"id":4474,"date":"2018-04-06T09:41:23","date_gmt":"2018-04-06T07:41:23","guid":{"rendered":"https:\/\/madisonidiomes.com\/ielts\/"},"modified":"2026-03-19T19:47:07","modified_gmt":"2026-03-19T18:47:07","slug":"ielts","status":"publish","type":"page","link":"https:\/\/www.madisonidiomes.com\/es\/ielts\/","title":{"rendered":"IELTS"},"content":{"rendered":"\t\t<div data-elementor-type=\"wp-post\" data-elementor-id=\"4474\" class=\"elementor elementor-4474\">\n\t\t\t\t\t\t<div class=\"elementor-inner\">\n\t\t\t\t<div class=\"elementor-section-wrap\">\n\t\t\t\t\t\t\t\t\t<section class=\"elementor-section elementor-top-section elementor-element elementor-element-b8a0116 elementor-section-boxed elementor-section-height-default elementor-section-height-default\" data-id=\"b8a0116\" data-element_type=\"section\">\n\t\t\t\t\t\t<div class=\"elementor-container elementor-column-gap-default\">\n\t\t\t\t\t\t\t<div class=\"elementor-row\">\n\t\t\t\t\t<div class=\"elementor-column elementor-col-100 elementor-top-column elementor-element elementor-element-cb3090a\" data-id=\"cb3090a\" data-element_type=\"column\">\n\t\t\t<div class=\"elementor-column-wrap elementor-element-populated\">\n\t\t\t\t\t\t\t<div class=\"elementor-widget-wrap\">\n\t\t\t\t\t\t<div class=\"elementor-element elementor-element-64125ba elementor-widget elementor-widget-text-editor\" data-id=\"64125ba\" data-element_type=\"widget\" data-widget_type=\"text-editor.default\">\n\t\t\t\t<div class=\"elementor-widget-container\">\n\t\t\t\t\t\t\t\t<div class=\"elementor-text-editor elementor-clearfix\">\n\t\t\t\t<p data-start=\"44\" data-end=\"275\">El <strong data-start=\"47\" data-end=\"104\">IELTS (International English Language Testing System)<\/strong> eval\u00faa tu nivel de ingl\u00e9s de manera global, midiendo la comprensi\u00f3n lectora, la expresi\u00f3n escrita, la comprensi\u00f3n auditiva y la expresi\u00f3n oral en una escala del 0 al 9.<\/p><p data-start=\"277\" data-end=\"365\">Este certificado est\u00e1 reconocido por m\u00e1s de 12.500 instituciones en m\u00e1s de 140 pa\u00edses.<\/p><p data-start=\"367\" data-end=\"648\">Existen diferentes modalidades del examen IELTS. Esta prueba puede abrirte puertas para estudiar o trabajar en el extranjero, acceder a nuevas oportunidades profesionales o simplemente acreditar tu progreso en el idioma. La elecci\u00f3n del tipo de examen depender\u00e1 de tus objetivos.<\/p><ul data-start=\"650\" data-end=\"1110\"><li data-section-id=\"1m9555v\" data-start=\"650\" data-end=\"924\"><p data-start=\"652\" data-end=\"924\"><strong data-start=\"652\" data-end=\"670\">IELTS Academic<\/strong>: Esta modalidad eval\u00faa si dispones del nivel de ingl\u00e9s necesario para desenvolverte en entornos acad\u00e9micos y de educaci\u00f3n superior. Tiene en cuenta el lenguaje propio del \u00e1mbito educativo y determina si est\u00e1s preparado para iniciar estudios en ingl\u00e9s.<\/p><\/li><li data-section-id=\"1soyf5a\" data-start=\"925\" data-end=\"1110\"><p data-start=\"927\" data-end=\"1110\"><strong data-start=\"927\" data-end=\"953\">IELTS General Training<\/strong>: Esta modalidad mide tu capacidad para utilizar el ingl\u00e9s en situaciones cotidianas y pr\u00e1cticas, con contenidos basados en contextos laborales y sociales.<\/p><\/li><\/ul><p>\u00a0<\/p><p data-start=\"1112\" data-end=\"1155\">Consulta <a href=\"https:\/\/www.britishcouncil.es\/examenes\/ielts\/fechas-precio-lugares\">aqu\u00ed <\/a>las pr\u00f3ximas convocatorias.<\/p><p data-start=\"1112\" data-end=\"1155\">\u00a0<\/p><p style=\"text-align: center;\" data-start=\"1157\" data-end=\"1213\" data-is-only-node=\"\">Descubre m\u00e1s informaci\u00f3n sobre IELTS en su p\u00e1gina web:<\/p><p><a href=\"https:\/\/ielts.org\/\"><img class=\"aligncenter\" src=\"https:\/\/upload.wikimedia.org\/wikipedia\/commons\/0\/02\/IELTSlogo.gif\" alt=\"IELTS - Wikipedia, la enciclopedia libre\" width=\"175\" height=\"57\" \/><\/a><\/p>\t\t\t\t\t<\/div>\n\t\t\t\t\t\t<\/div>\n\t\t\t\t<\/div>\n\t\t\t\t\t\t<\/div>\n\t\t\t\t\t<\/div>\n\t\t<\/div>\n\t\t\t\t\t\t\t\t<\/div>\n\t\t\t\t\t<\/div>\n\t\t<\/section>\n\t\t\t\t\t\t\t\t\t<\/div>\n\t\t\t<\/div>\n\t\t\t\t\t<\/div>\n\t\t","protected":false},"excerpt":{"rendered":"<p>El IELTS (International English Language Testing System) eval\u00faa tu nivel de ingl\u00e9s de manera global, midiendo la comprensi\u00f3n lectora, la expresi\u00f3n escrita, la comprensi\u00f3n auditiva y la expresi\u00f3n oral en una escala del 0 al 9. Este certificado est\u00e1 reconocido &hellip; <a href=\"https:\/\/www.madisonidiomes.com\/es\/ielts\/\">Continuar<\/a><\/p>\n","protected":false},"author":4,"featured_media":0,"parent":0,"menu_order":0,"comment_status":"closed","ping_status":"closed","template":"","meta":[],"yoast_head":"<!-- This site is optimized with the Yoast SEO plugin v18.6 - https:\/\/yoast.com\/wordpress\/plugins\/seo\/ -->\n<title>IELTS | Escola d&#039;Idiomes Madison<\/title>\n<meta name=\"robots\" content=\"index, follow, max-snippet:-1, max-image-preview:large, max-video-preview:-1\" \/>\n<link rel=\"canonical\" href=\"https:\/\/www.madisonidiomes.com\/es\/ielts\/\" \/>\n<meta property=\"og:locale\" content=\"es_ES\" \/>\n<meta property=\"og:type\" content=\"article\" \/>\n<meta property=\"og:title\" content=\"IELTS | Escola d&#039;Idiomes Madison\" \/>\n<meta property=\"og:description\" content=\"El IELTS (International English Language Testing System) eval\u00faa tu nivel de ingl\u00e9s de manera global, midiendo la comprensi\u00f3n lectora, la expresi\u00f3n escrita, la comprensi\u00f3n auditiva y la expresi\u00f3n oral en una escala del 0 al 9. Este certificado est\u00e1 reconocido &hellip; Continuar\" \/>\n<meta property=\"og:url\" content=\"https:\/\/www.madisonidiomes.com\/es\/ielts\/\" \/>\n<meta property=\"og:site_name\" content=\"Escola d&#039;Idiomes Madison\" \/>\n<meta property=\"article:publisher\" content=\"https:\/\/www.facebook.com\/escola.madison\" \/>\n<meta property=\"article:modified_time\" content=\"2026-03-19T18:47:07+00:00\" \/>\n<meta property=\"og:image\" content=\"https:\/\/upload.wikimedia.org\/wikipedia\/commons\/0\/02\/IELTSlogo.gif\" \/>\n<meta name=\"twitter:card\" content=\"summary_large_image\" \/>\n<meta name=\"twitter:site\" content=\"@IdiomesMadison\" \/>\n<meta name=\"twitter:label1\" content=\"Tiempo de lectura\" \/>\n\t<meta name=\"twitter:data1\" content=\"2 minutos\" \/>\n<script type=\"application\/ld+json\" class=\"yoast-schema-graph\">{\"@context\":\"https:\/\/schema.org\",\"@graph\":[{\"@type\":\"Organization\",\"@id\":\"https:\/\/www.madisonidiomes.com\/#organization\",\"name\":\"Escola d'Idiomes Madison\",\"url\":\"https:\/\/www.madisonidiomes.com\/\",\"sameAs\":[\"https:\/\/www.facebook.com\/escola.madison\",\"https:\/\/www.instagram.com\/idiomesmadison\/\",\"https:\/\/www.linkedin.com\/company\/madisonidiomes\/\",\"https:\/\/www.youtube.com\/channel\/UCxAYgYf_afDUB9Ep-ecKMew\/feed\",\"https:\/\/twitter.com\/IdiomesMadison\"],\"logo\":{\"@type\":\"ImageObject\",\"@id\":\"https:\/\/www.madisonidiomes.com\/#logo\",\"inLanguage\":\"es\",\"url\":\"https:\/\/madisonidiomes.com\/wp-content\/uploads\/2018\/05\/Logo-Madison_2018.jpg\",\"contentUrl\":\"https:\/\/madisonidiomes.com\/wp-content\/uploads\/2018\/05\/Logo-Madison_2018.jpg\",\"width\":406,\"height\":104,\"caption\":\"Escola d'Idiomes Madison\"},\"image\":{\"@id\":\"https:\/\/www.madisonidiomes.com\/#logo\"}},{\"@type\":\"WebSite\",\"@id\":\"https:\/\/www.madisonidiomes.com\/#website\",\"url\":\"https:\/\/www.madisonidiomes.com\/\",\"name\":\"Escola d&#039;Idiomes Madison\",\"description\":\"Acad\u00e8mia d&#039;idiomes a Manresa i Sant Fruit\u00f3s\",\"publisher\":{\"@id\":\"https:\/\/www.madisonidiomes.com\/#organization\"},\"potentialAction\":[{\"@type\":\"SearchAction\",\"target\":{\"@type\":\"EntryPoint\",\"urlTemplate\":\"https:\/\/www.madisonidiomes.com\/?s={search_term_string}\"},\"query-input\":\"required name=search_term_string\"}],\"inLanguage\":\"es\"},{\"@type\":\"ImageObject\",\"@id\":\"https:\/\/www.madisonidiomes.com\/es\/ielts\/#primaryimage\",\"inLanguage\":\"es\",\"url\":\"https:\/\/upload.wikimedia.org\/wikipedia\/commons\/0\/02\/IELTSlogo.gif\",\"contentUrl\":\"https:\/\/upload.wikimedia.org\/wikipedia\/commons\/0\/02\/IELTSlogo.gif\"},{\"@type\":\"WebPage\",\"@id\":\"https:\/\/www.madisonidiomes.com\/es\/ielts\/#webpage\",\"url\":\"https:\/\/www.madisonidiomes.com\/es\/ielts\/\",\"name\":\"IELTS | Escola d&#039;Idiomes Madison\",\"isPartOf\":{\"@id\":\"https:\/\/www.madisonidiomes.com\/#website\"},\"primaryImageOfPage\":{\"@id\":\"https:\/\/www.madisonidiomes.com\/es\/ielts\/#primaryimage\"},\"datePublished\":\"2018-04-06T07:41:23+00:00\",\"dateModified\":\"2026-03-19T18:47:07+00:00\",\"breadcrumb\":{\"@id\":\"https:\/\/www.madisonidiomes.com\/es\/ielts\/#breadcrumb\"},\"inLanguage\":\"es\",\"potentialAction\":[{\"@type\":\"ReadAction\",\"target\":[\"https:\/\/www.madisonidiomes.com\/es\/ielts\/\"]}]},{\"@type\":\"BreadcrumbList\",\"@id\":\"https:\/\/www.madisonidiomes.com\/es\/ielts\/#breadcrumb\",\"itemListElement\":[{\"@type\":\"ListItem\",\"position\":1,\"name\":\"Inici\",\"item\":\"https:\/\/www.madisonidiomes.com\/es\/\"},{\"@type\":\"ListItem\",\"position\":2,\"name\":\"IELTS\"}]}]}<\/script>\n<!-- \/ Yoast SEO plugin. -->","yoast_head_json":{"title":"IELTS | Escola d&#039;Idiomes Madison","robots":{"index":"index","follow":"follow","max-snippet":"max-snippet:-1","max-image-preview":"max-image-preview:large","max-video-preview":"max-video-preview:-1"},"canonical":"https:\/\/www.madisonidiomes.com\/es\/ielts\/","og_locale":"es_ES","og_type":"article","og_title":"IELTS | Escola d&#039;Idiomes Madison","og_description":"El IELTS (International English Language Testing System) eval\u00faa tu nivel de ingl\u00e9s de manera global, midiendo la comprensi\u00f3n lectora, la expresi\u00f3n escrita, la comprensi\u00f3n auditiva y la expresi\u00f3n oral en una escala del 0 al 9. Este certificado est\u00e1 reconocido &hellip; Continuar","og_url":"https:\/\/www.madisonidiomes.com\/es\/ielts\/","og_site_name":"Escola d&#039;Idiomes Madison","article_publisher":"https:\/\/www.facebook.com\/escola.madison","article_modified_time":"2026-03-19T18:47:07+00:00","og_image":[{"url":"https:\/\/upload.wikimedia.org\/wikipedia\/commons\/0\/02\/IELTSlogo.gif"}],"twitter_card":"summary_large_image","twitter_site":"@IdiomesMadison","twitter_misc":{"Tiempo de lectura":"2 minutos"},"schema":{"@context":"https:\/\/schema.org","@graph":[{"@type":"Organization","@id":"https:\/\/www.madisonidiomes.com\/#organization","name":"Escola d'Idiomes Madison","url":"https:\/\/www.madisonidiomes.com\/","sameAs":["https:\/\/www.facebook.com\/escola.madison","https:\/\/www.instagram.com\/idiomesmadison\/","https:\/\/www.linkedin.com\/company\/madisonidiomes\/","https:\/\/www.youtube.com\/channel\/UCxAYgYf_afDUB9Ep-ecKMew\/feed","https:\/\/twitter.com\/IdiomesMadison"],"logo":{"@type":"ImageObject","@id":"https:\/\/www.madisonidiomes.com\/#logo","inLanguage":"es","url":"https:\/\/madisonidiomes.com\/wp-content\/uploads\/2018\/05\/Logo-Madison_2018.jpg","contentUrl":"https:\/\/madisonidiomes.com\/wp-content\/uploads\/2018\/05\/Logo-Madison_2018.jpg","width":406,"height":104,"caption":"Escola d'Idiomes Madison"},"image":{"@id":"https:\/\/www.madisonidiomes.com\/#logo"}},{"@type":"WebSite","@id":"https:\/\/www.madisonidiomes.com\/#website","url":"https:\/\/www.madisonidiomes.com\/","name":"Escola d&#039;Idiomes Madison","description":"Acad\u00e8mia d&#039;idiomes a Manresa i Sant Fruit\u00f3s","publisher":{"@id":"https:\/\/www.madisonidiomes.com\/#organization"},"potentialAction":[{"@type":"SearchAction","target":{"@type":"EntryPoint","urlTemplate":"https:\/\/www.madisonidiomes.com\/?s={search_term_string}"},"query-input":"required name=search_term_string"}],"inLanguage":"es"},{"@type":"ImageObject","@id":"https:\/\/www.madisonidiomes.com\/es\/ielts\/#primaryimage","inLanguage":"es","url":"https:\/\/upload.wikimedia.org\/wikipedia\/commons\/0\/02\/IELTSlogo.gif","contentUrl":"https:\/\/upload.wikimedia.org\/wikipedia\/commons\/0\/02\/IELTSlogo.gif"},{"@type":"WebPage","@id":"https:\/\/www.madisonidiomes.com\/es\/ielts\/#webpage","url":"https:\/\/www.madisonidiomes.com\/es\/ielts\/","name":"IELTS | Escola d&#039;Idiomes Madison","isPartOf":{"@id":"https:\/\/www.madisonidiomes.com\/#website"},"primaryImageOfPage":{"@id":"https:\/\/www.madisonidiomes.com\/es\/ielts\/#primaryimage"},"datePublished":"2018-04-06T07:41:23+00:00","dateModified":"2026-03-19T18:47:07+00:00","breadcrumb":{"@id":"https:\/\/www.madisonidiomes.com\/es\/ielts\/#breadcrumb"},"inLanguage":"es","potentialAction":[{"@type":"ReadAction","target":["https:\/\/www.madisonidiomes.com\/es\/ielts\/"]}]},{"@type":"BreadcrumbList","@id":"https:\/\/www.madisonidiomes.com\/es\/ielts\/#breadcrumb","itemListElement":[{"@type":"ListItem","position":1,"name":"Inici","item":"https:\/\/www.madisonidiomes.com\/es\/"},{"@type":"ListItem","position":2,"name":"IELTS"}]}]}},"_links":{"self":[{"href":"https:\/\/www.madisonidiomes.com\/es\/wp-json\/wp\/v2\/pages\/4474\/"}],"collection":[{"href":"https:\/\/www.madisonidiomes.com\/es\/wp-json\/wp\/v2\/pages\/"}],"about":[{"href":"https:\/\/www.madisonidiomes.com\/es\/wp-json\/wp\/v2\/types\/page\/"}],"author":[{"embeddable":true,"href":"https:\/\/www.madisonidiomes.com\/es\/wp-json\/wp\/v2\/users\/4\/"}],"replies":[{"embeddable":true,"href":"https:\/\/www.madisonidiomes.com\/es\/wp-json\/wp\/v2\/comments\/?post=4474"}],"version-history":[{"count":12,"href":"https:\/\/www.madisonidiomes.com\/es\/wp-json\/wp\/v2\/pages\/4474\/revisions\/"}],"predecessor-version":[{"id":9143,"href":"https:\/\/www.madisonidiomes.com\/es\/wp-json\/wp\/v2\/pages\/4474\/revisions\/9143\/"}],"wp:attachment":[{"href":"https:\/\/www.madisonidiomes.com\/es\/wp-json\/wp\/v2\/media\/?parent=4474"}],"curies":[{"name":"wp","href":"https:\/\/api.w.org\/{rel}","templated":true}]}}