{"id":4477,"date":"2018-04-06T09:41:11","date_gmt":"2018-04-06T07:41:11","guid":{"rendered":"https:\/\/madisonidiomes.com\/toefl\/"},"modified":"2026-03-19T20:01:51","modified_gmt":"2026-03-19T19:01:51","slug":"toefl","status":"publish","type":"page","link":"https:\/\/www.madisonidiomes.com\/es\/toefl\/","title":{"rendered":"TOEFL"},"content":{"rendered":"\t\t<div data-elementor-type=\"wp-post\" data-elementor-id=\"4477\" class=\"elementor elementor-4477\">\n\t\t\t\t\t\t<div class=\"elementor-inner\">\n\t\t\t\t<div class=\"elementor-section-wrap\">\n\t\t\t\t\t\t\t\t\t<section class=\"elementor-section elementor-top-section elementor-element elementor-element-21dbabd elementor-section-boxed elementor-section-height-default elementor-section-height-default\" data-id=\"21dbabd\" data-element_type=\"section\">\n\t\t\t\t\t\t<div class=\"elementor-container elementor-column-gap-default\">\n\t\t\t\t\t\t\t<div class=\"elementor-row\">\n\t\t\t\t\t<div class=\"elementor-column elementor-col-100 elementor-top-column elementor-element elementor-element-ecbc7bd\" data-id=\"ecbc7bd\" data-element_type=\"column\">\n\t\t\t<div class=\"elementor-column-wrap elementor-element-populated\">\n\t\t\t\t\t\t\t<div class=\"elementor-widget-wrap\">\n\t\t\t\t\t\t<div class=\"elementor-element elementor-element-029ebbc elementor-widget elementor-widget-text-editor\" data-id=\"029ebbc\" data-element_type=\"widget\" data-widget_type=\"text-editor.default\">\n\t\t\t\t<div class=\"elementor-widget-container\">\n\t\t\t\t\t\t\t\t<div class=\"elementor-text-editor elementor-clearfix\">\n\t\t\t\t<p data-start=\"44\" data-end=\"464\">TOEFL iBT est\u00e1 reconocido por m\u00e1s de 13.000 instituciones en m\u00e1s de 160 pa\u00edses, ofreciendo una puerta de acceso a oportunidades acad\u00e9micas a nivel mundial. El examen est\u00e1 dise\u00f1ado para evaluar tus habilidades en ingl\u00e9s de manera justa y coherente, sin importar d\u00f3nde lo realices, con contenido inclusivo y est\u00e1ndares internacionales fiables, garantizando una experiencia equitativa y segura para todos los estudiantes.<\/p><p data-start=\"466\" data-end=\"764\">Adem\u00e1s, TOEFL iBT no solo comprueba tu nivel de ingl\u00e9s: simula c\u00f3mo lo utilizar\u00e1s realmente en la universidad, en clases, proyectos en grupo, presentaciones y debates acad\u00e9micos. As\u00ed, prepara a los estudiantes con las competencias necesarias para triunfar acad\u00e9micamente, m\u00e1s all\u00e1 de la admisi\u00f3n.<\/p><p data-start=\"466\" data-end=\"764\">\u00a0<\/p><p style=\"text-align: center;\" data-start=\"766\" data-end=\"946\" data-is-last-node=\"\" data-is-only-node=\"\">Descubre m\u00e1s informaci\u00f3n sobre el TOEFL en su p\u00e1gina web oficial:<\/p><p data-start=\"766\" data-end=\"946\" data-is-last-node=\"\" data-is-only-node=\"\"><a href=\"https:\/\/www.es.ets.org\/toefl\/test-takers\/ibt\/about.html\"><img class=\"alignnone aligncenter\" src=\"https:\/\/www.upo.es\/idiomas\/wp-content\/uploads\/2024\/07\/ETS_TOEFL_iBT_periwinkle-1024x366.png\" alt=\"TOEFL \u2013 Servicio de idiomas\" width=\"189\" height=\"67\" \/><\/a><\/p>\t\t\t\t\t<\/div>\n\t\t\t\t\t\t<\/div>\n\t\t\t\t<\/div>\n\t\t\t\t\t\t<\/div>\n\t\t\t\t\t<\/div>\n\t\t<\/div>\n\t\t\t\t\t\t\t\t<\/div>\n\t\t\t\t\t<\/div>\n\t\t<\/section>\n\t\t\t\t\t\t\t\t\t<\/div>\n\t\t\t<\/div>\n\t\t\t\t\t<\/div>\n\t\t","protected":false},"excerpt":{"rendered":"<p>TOEFL iBT est\u00e1 reconocido por m\u00e1s de 13.000 instituciones en m\u00e1s de 160 pa\u00edses, ofreciendo una puerta de acceso a oportunidades acad\u00e9micas a nivel mundial. El examen est\u00e1 dise\u00f1ado para evaluar tus habilidades en ingl\u00e9s de manera justa y coherente, &hellip; <a href=\"https:\/\/www.madisonidiomes.com\/es\/toefl\/\">Continuar<\/a><\/p>\n","protected":false},"author":4,"featured_media":0,"parent":0,"menu_order":0,"comment_status":"closed","ping_status":"closed","template":"","meta":[],"yoast_head":"<!-- This site is optimized with the Yoast SEO plugin v18.6 - https:\/\/yoast.com\/wordpress\/plugins\/seo\/ -->\n<title>TOEFL | Escola d&#039;Idiomes Madison<\/title>\n<meta name=\"robots\" content=\"index, follow, max-snippet:-1, max-image-preview:large, max-video-preview:-1\" \/>\n<link rel=\"canonical\" href=\"https:\/\/www.madisonidiomes.com\/es\/toefl\/\" \/>\n<meta property=\"og:locale\" content=\"es_ES\" \/>\n<meta property=\"og:type\" content=\"article\" \/>\n<meta property=\"og:title\" content=\"TOEFL | Escola d&#039;Idiomes Madison\" \/>\n<meta property=\"og:description\" content=\"TOEFL iBT est\u00e1 reconocido por m\u00e1s de 13.000 instituciones en m\u00e1s de 160 pa\u00edses, ofreciendo una puerta de acceso a oportunidades acad\u00e9micas a nivel mundial. El examen est\u00e1 dise\u00f1ado para evaluar tus habilidades en ingl\u00e9s de manera justa y coherente, &hellip; Continuar\" \/>\n<meta property=\"og:url\" content=\"https:\/\/www.madisonidiomes.com\/es\/toefl\/\" \/>\n<meta property=\"og:site_name\" content=\"Escola d&#039;Idiomes Madison\" \/>\n<meta property=\"article:publisher\" content=\"https:\/\/www.facebook.com\/escola.madison\" \/>\n<meta property=\"article:modified_time\" content=\"2026-03-19T19:01:51+00:00\" \/>\n<meta property=\"og:image\" content=\"https:\/\/www.upo.es\/idiomas\/wp-content\/uploads\/2024\/07\/ETS_TOEFL_iBT_periwinkle-1024x366.png\" \/>\n<meta name=\"twitter:card\" content=\"summary_large_image\" \/>\n<meta name=\"twitter:site\" content=\"@IdiomesMadison\" \/>\n<meta name=\"twitter:label1\" content=\"Tiempo de lectura\" \/>\n\t<meta name=\"twitter:data1\" content=\"1 minuto\" \/>\n<script type=\"application\/ld+json\" class=\"yoast-schema-graph\">{\"@context\":\"https:\/\/schema.org\",\"@graph\":[{\"@type\":\"Organization\",\"@id\":\"https:\/\/www.madisonidiomes.com\/#organization\",\"name\":\"Escola d'Idiomes Madison\",\"url\":\"https:\/\/www.madisonidiomes.com\/\",\"sameAs\":[\"https:\/\/www.facebook.com\/escola.madison\",\"https:\/\/www.instagram.com\/idiomesmadison\/\",\"https:\/\/www.linkedin.com\/company\/madisonidiomes\/\",\"https:\/\/www.youtube.com\/channel\/UCxAYgYf_afDUB9Ep-ecKMew\/feed\",\"https:\/\/twitter.com\/IdiomesMadison\"],\"logo\":{\"@type\":\"ImageObject\",\"@id\":\"https:\/\/www.madisonidiomes.com\/#logo\",\"inLanguage\":\"es\",\"url\":\"https:\/\/madisonidiomes.com\/wp-content\/uploads\/2018\/05\/Logo-Madison_2018.jpg\",\"contentUrl\":\"https:\/\/madisonidiomes.com\/wp-content\/uploads\/2018\/05\/Logo-Madison_2018.jpg\",\"width\":406,\"height\":104,\"caption\":\"Escola d'Idiomes Madison\"},\"image\":{\"@id\":\"https:\/\/www.madisonidiomes.com\/#logo\"}},{\"@type\":\"WebSite\",\"@id\":\"https:\/\/www.madisonidiomes.com\/#website\",\"url\":\"https:\/\/www.madisonidiomes.com\/\",\"name\":\"Escola d&#039;Idiomes Madison\",\"description\":\"Acad\u00e8mia d&#039;idiomes a Manresa i Sant Fruit\u00f3s\",\"publisher\":{\"@id\":\"https:\/\/www.madisonidiomes.com\/#organization\"},\"potentialAction\":[{\"@type\":\"SearchAction\",\"target\":{\"@type\":\"EntryPoint\",\"urlTemplate\":\"https:\/\/www.madisonidiomes.com\/?s={search_term_string}\"},\"query-input\":\"required name=search_term_string\"}],\"inLanguage\":\"es\"},{\"@type\":\"ImageObject\",\"@id\":\"https:\/\/www.madisonidiomes.com\/es\/toefl\/#primaryimage\",\"inLanguage\":\"es\",\"url\":\"https:\/\/www.upo.es\/idiomas\/wp-content\/uploads\/2024\/07\/ETS_TOEFL_iBT_periwinkle-1024x366.png\",\"contentUrl\":\"https:\/\/www.upo.es\/idiomas\/wp-content\/uploads\/2024\/07\/ETS_TOEFL_iBT_periwinkle-1024x366.png\"},{\"@type\":\"WebPage\",\"@id\":\"https:\/\/www.madisonidiomes.com\/es\/toefl\/#webpage\",\"url\":\"https:\/\/www.madisonidiomes.com\/es\/toefl\/\",\"name\":\"TOEFL | Escola d&#039;Idiomes Madison\",\"isPartOf\":{\"@id\":\"https:\/\/www.madisonidiomes.com\/#website\"},\"primaryImageOfPage\":{\"@id\":\"https:\/\/www.madisonidiomes.com\/es\/toefl\/#primaryimage\"},\"datePublished\":\"2018-04-06T07:41:11+00:00\",\"dateModified\":\"2026-03-19T19:01:51+00:00\",\"breadcrumb\":{\"@id\":\"https:\/\/www.madisonidiomes.com\/es\/toefl\/#breadcrumb\"},\"inLanguage\":\"es\",\"potentialAction\":[{\"@type\":\"ReadAction\",\"target\":[\"https:\/\/www.madisonidiomes.com\/es\/toefl\/\"]}]},{\"@type\":\"BreadcrumbList\",\"@id\":\"https:\/\/www.madisonidiomes.com\/es\/toefl\/#breadcrumb\",\"itemListElement\":[{\"@type\":\"ListItem\",\"position\":1,\"name\":\"Inici\",\"item\":\"https:\/\/www.madisonidiomes.com\/es\/\"},{\"@type\":\"ListItem\",\"position\":2,\"name\":\"TOEFL\"}]}]}<\/script>\n<!-- \/ Yoast SEO plugin. -->","yoast_head_json":{"title":"TOEFL | Escola d&#039;Idiomes Madison","robots":{"index":"index","follow":"follow","max-snippet":"max-snippet:-1","max-image-preview":"max-image-preview:large","max-video-preview":"max-video-preview:-1"},"canonical":"https:\/\/www.madisonidiomes.com\/es\/toefl\/","og_locale":"es_ES","og_type":"article","og_title":"TOEFL | Escola d&#039;Idiomes Madison","og_description":"TOEFL iBT est\u00e1 reconocido por m\u00e1s de 13.000 instituciones en m\u00e1s de 160 pa\u00edses, ofreciendo una puerta de acceso a oportunidades acad\u00e9micas a nivel mundial. El examen est\u00e1 dise\u00f1ado para evaluar tus habilidades en ingl\u00e9s de manera justa y coherente, &hellip; Continuar","og_url":"https:\/\/www.madisonidiomes.com\/es\/toefl\/","og_site_name":"Escola d&#039;Idiomes Madison","article_publisher":"https:\/\/www.facebook.com\/escola.madison","article_modified_time":"2026-03-19T19:01:51+00:00","og_image":[{"url":"https:\/\/www.upo.es\/idiomas\/wp-content\/uploads\/2024\/07\/ETS_TOEFL_iBT_periwinkle-1024x366.png"}],"twitter_card":"summary_large_image","twitter_site":"@IdiomesMadison","twitter_misc":{"Tiempo de lectura":"1 minuto"},"schema":{"@context":"https:\/\/schema.org","@graph":[{"@type":"Organization","@id":"https:\/\/www.madisonidiomes.com\/#organization","name":"Escola d'Idiomes Madison","url":"https:\/\/www.madisonidiomes.com\/","sameAs":["https:\/\/www.facebook.com\/escola.madison","https:\/\/www.instagram.com\/idiomesmadison\/","https:\/\/www.linkedin.com\/company\/madisonidiomes\/","https:\/\/www.youtube.com\/channel\/UCxAYgYf_afDUB9Ep-ecKMew\/feed","https:\/\/twitter.com\/IdiomesMadison"],"logo":{"@type":"ImageObject","@id":"https:\/\/www.madisonidiomes.com\/#logo","inLanguage":"es","url":"https:\/\/madisonidiomes.com\/wp-content\/uploads\/2018\/05\/Logo-Madison_2018.jpg","contentUrl":"https:\/\/madisonidiomes.com\/wp-content\/uploads\/2018\/05\/Logo-Madison_2018.jpg","width":406,"height":104,"caption":"Escola d'Idiomes Madison"},"image":{"@id":"https:\/\/www.madisonidiomes.com\/#logo"}},{"@type":"WebSite","@id":"https:\/\/www.madisonidiomes.com\/#website","url":"https:\/\/www.madisonidiomes.com\/","name":"Escola d&#039;Idiomes Madison","description":"Acad\u00e8mia d&#039;idiomes a Manresa i Sant Fruit\u00f3s","publisher":{"@id":"https:\/\/www.madisonidiomes.com\/#organization"},"potentialAction":[{"@type":"SearchAction","target":{"@type":"EntryPoint","urlTemplate":"https:\/\/www.madisonidiomes.com\/?s={search_term_string}"},"query-input":"required name=search_term_string"}],"inLanguage":"es"},{"@type":"ImageObject","@id":"https:\/\/www.madisonidiomes.com\/es\/toefl\/#primaryimage","inLanguage":"es","url":"https:\/\/www.upo.es\/idiomas\/wp-content\/uploads\/2024\/07\/ETS_TOEFL_iBT_periwinkle-1024x366.png","contentUrl":"https:\/\/www.upo.es\/idiomas\/wp-content\/uploads\/2024\/07\/ETS_TOEFL_iBT_periwinkle-1024x366.png"},{"@type":"WebPage","@id":"https:\/\/www.madisonidiomes.com\/es\/toefl\/#webpage","url":"https:\/\/www.madisonidiomes.com\/es\/toefl\/","name":"TOEFL | Escola d&#039;Idiomes Madison","isPartOf":{"@id":"https:\/\/www.madisonidiomes.com\/#website"},"primaryImageOfPage":{"@id":"https:\/\/www.madisonidiomes.com\/es\/toefl\/#primaryimage"},"datePublished":"2018-04-06T07:41:11+00:00","dateModified":"2026-03-19T19:01:51+00:00","breadcrumb":{"@id":"https:\/\/www.madisonidiomes.com\/es\/toefl\/#breadcrumb"},"inLanguage":"es","potentialAction":[{"@type":"ReadAction","target":["https:\/\/www.madisonidiomes.com\/es\/toefl\/"]}]},{"@type":"BreadcrumbList","@id":"https:\/\/www.madisonidiomes.com\/es\/toefl\/#breadcrumb","itemListElement":[{"@type":"ListItem","position":1,"name":"Inici","item":"https:\/\/www.madisonidiomes.com\/es\/"},{"@type":"ListItem","position":2,"name":"TOEFL"}]}]}},"_links":{"self":[{"href":"https:\/\/www.madisonidiomes.com\/es\/wp-json\/wp\/v2\/pages\/4477\/"}],"collection":[{"href":"https:\/\/www.madisonidiomes.com\/es\/wp-json\/wp\/v2\/pages\/"}],"about":[{"href":"https:\/\/www.madisonidiomes.com\/es\/wp-json\/wp\/v2\/types\/page\/"}],"author":[{"embeddable":true,"href":"https:\/\/www.madisonidiomes.com\/es\/wp-json\/wp\/v2\/users\/4\/"}],"replies":[{"embeddable":true,"href":"https:\/\/www.madisonidiomes.com\/es\/wp-json\/wp\/v2\/comments\/?post=4477"}],"version-history":[{"count":6,"href":"https:\/\/www.madisonidiomes.com\/es\/wp-json\/wp\/v2\/pages\/4477\/revisions\/"}],"predecessor-version":[{"id":9154,"href":"https:\/\/www.madisonidiomes.com\/es\/wp-json\/wp\/v2\/pages\/4477\/revisions\/9154\/"}],"wp:attachment":[{"href":"https:\/\/www.madisonidiomes.com\/es\/wp-json\/wp\/v2\/media\/?parent=4477"}],"curies":[{"name":"wp","href":"https:\/\/api.w.org\/{rel}","templated":true}]}}