{"id":4496,"date":"2018-04-06T09:40:40","date_gmt":"2018-04-06T07:40:40","guid":{"rendered":"https:\/\/madisonidiomes.com\/trinity-exams\/"},"modified":"2026-03-19T17:28:20","modified_gmt":"2026-03-19T16:28:20","slug":"trinity-exams","status":"publish","type":"page","link":"https:\/\/www.madisonidiomes.com\/es\/trinity-exams\/","title":{"rendered":"Trinity Exams"},"content":{"rendered":"\t\t<div data-elementor-type=\"wp-page\" data-elementor-id=\"4496\" class=\"elementor elementor-4496\">\n\t\t\t\t\t\t<div class=\"elementor-inner\">\n\t\t\t\t<div class=\"elementor-section-wrap\">\n\t\t\t\t\t\t\t\t\t<section class=\"elementor-section elementor-top-section elementor-element elementor-element-4b28e081 elementor-section-boxed elementor-section-height-default elementor-section-height-default\" data-id=\"4b28e081\" data-element_type=\"section\">\n\t\t\t\t\t\t<div class=\"elementor-container elementor-column-gap-default\">\n\t\t\t\t\t\t\t<div class=\"elementor-row\">\n\t\t\t\t\t<div class=\"elementor-column elementor-col-100 elementor-top-column elementor-element elementor-element-5b27d698\" data-id=\"5b27d698\" data-element_type=\"column\">\n\t\t\t<div class=\"elementor-column-wrap elementor-element-populated\">\n\t\t\t\t\t\t\t<div class=\"elementor-widget-wrap\">\n\t\t\t\t\t\t<div class=\"elementor-element elementor-element-bf4c67d elementor-widget elementor-widget-text-editor\" data-id=\"bf4c67d\" data-element_type=\"widget\" data-widget_type=\"text-editor.default\">\n\t\t\t\t<div class=\"elementor-widget-container\">\n\t\t\t\t\t\t\t\t<div class=\"elementor-text-editor elementor-clearfix\">\n\t\t\t\t<p data-start=\"0\" data-end=\"95\">La escuela es Centro Preparador y Examinador de los ex\u00e1menes oficiales GESE de Trinity College.<\/p><p data-start=\"97\" data-end=\"346\">Estos ex\u00e1menes se llevan a cabo en la propia escuela una vez al a\u00f1o y su superaci\u00f3n permite acreditar el nivel adquirido dentro del Marco Com\u00fan Europeo de Referencia, con validez tanto a nivel curricular (mundo laboral) como acad\u00e9mico\/universitario.<\/p><p data-start=\"348\" data-end=\"585\">El Trinity Exam se estructura en base a 12 niveles o Grades agrupados en 4 secciones: initial, elementary, intermediate y advanced, y est\u00e1 pensado para evaluar las habilidades orales de los alumnos y el uso pr\u00e1ctico de la lengua inglesa.<\/p><p data-start=\"587\" data-end=\"833\" data-is-last-node=\"\" data-is-only-node=\"\">Las tareas a desarrollar por el candidato durante el examen se encuentran directamente relacionadas con el nivel para el que se presenta y, a medida que aumenta el nivel, requieren una mayor exigencia ling\u00fc\u00edstica y cognitiva por parte del alumno.<\/p><p data-start=\"1182\" data-end=\"1433\" data-is-last-node=\"\" data-is-only-node=\"\">\u00a0<\/p><p style=\"text-align: center;\">Descubre m\u00e1s sobre Trinity en su web oficial:<\/p><p><a href=\"https:\/\/www.trinitycollege.com\/\" target=\"_blank\" rel=\"noopener\"><img class=\"wp-image-2534 aligncenter\" src=\"https:\/\/www.madisonidiomes.com\/wp-content\/uploads\/2018\/04\/trinity.png\" alt=\"\" width=\"217\" height=\"130\" srcset=\"https:\/\/www.madisonidiomes.com\/wp-content\/uploads\/2018\/04\/trinity.png 500w, https:\/\/www.madisonidiomes.com\/wp-content\/uploads\/2018\/04\/trinity-300x180.png 300w, https:\/\/www.madisonidiomes.com\/wp-content\/uploads\/2018\/04\/trinity-200x120.png 200w, https:\/\/www.madisonidiomes.com\/wp-content\/uploads\/2018\/04\/trinity-400x240.png 400w\" sizes=\"(max-width: 217px) 100vw, 217px\" \/><\/a><\/p>\t\t\t\t\t<\/div>\n\t\t\t\t\t\t<\/div>\n\t\t\t\t<\/div>\n\t\t\t\t\t\t<\/div>\n\t\t\t\t\t<\/div>\n\t\t<\/div>\n\t\t\t\t\t\t\t\t<\/div>\n\t\t\t\t\t<\/div>\n\t\t<\/section>\n\t\t\t\t\t\t\t\t\t<\/div>\n\t\t\t<\/div>\n\t\t\t\t\t<\/div>\n\t\t","protected":false},"excerpt":{"rendered":"<p>La escuela es Centro Preparador y Examinador de los ex\u00e1menes oficiales GESE de Trinity College. Estos ex\u00e1menes se llevan a cabo en la propia escuela una vez al a\u00f1o y su superaci\u00f3n permite acreditar el nivel adquirido dentro del Marco &hellip; <a href=\"https:\/\/www.madisonidiomes.com\/es\/trinity-exams\/\">Continuar<\/a><\/p>\n","protected":false},"author":4,"featured_media":0,"parent":0,"menu_order":0,"comment_status":"closed","ping_status":"closed","template":"","meta":[],"yoast_head":"<!-- This site is optimized with the Yoast SEO plugin v18.6 - https:\/\/yoast.com\/wordpress\/plugins\/seo\/ -->\n<title>Trinity Exams | Escola d&#039;Idiomes Madison<\/title>\n<meta name=\"robots\" content=\"index, follow, max-snippet:-1, max-image-preview:large, max-video-preview:-1\" \/>\n<link rel=\"canonical\" href=\"https:\/\/www.madisonidiomes.com\/es\/trinity-exams\/\" \/>\n<meta property=\"og:locale\" content=\"es_ES\" \/>\n<meta property=\"og:type\" content=\"article\" \/>\n<meta property=\"og:title\" content=\"Trinity Exams | Escola d&#039;Idiomes Madison\" \/>\n<meta property=\"og:description\" content=\"La escuela es Centro Preparador y Examinador de los ex\u00e1menes oficiales GESE de Trinity College. Estos ex\u00e1menes se llevan a cabo en la propia escuela una vez al a\u00f1o y su superaci\u00f3n permite acreditar el nivel adquirido dentro del Marco &hellip; Continuar\" \/>\n<meta property=\"og:url\" content=\"https:\/\/www.madisonidiomes.com\/es\/trinity-exams\/\" \/>\n<meta property=\"og:site_name\" content=\"Escola d&#039;Idiomes Madison\" \/>\n<meta property=\"article:publisher\" content=\"https:\/\/www.facebook.com\/escola.madison\" \/>\n<meta property=\"article:modified_time\" content=\"2026-03-19T16:28:20+00:00\" \/>\n<meta property=\"og:image\" content=\"https:\/\/www.madisonidiomes.com\/wp-content\/uploads\/2018\/04\/trinity.png\" \/>\n<meta name=\"twitter:card\" content=\"summary_large_image\" \/>\n<meta name=\"twitter:site\" content=\"@IdiomesMadison\" \/>\n<meta name=\"twitter:label1\" content=\"Tiempo de lectura\" \/>\n\t<meta name=\"twitter:data1\" content=\"1 minuto\" \/>\n<script type=\"application\/ld+json\" class=\"yoast-schema-graph\">{\"@context\":\"https:\/\/schema.org\",\"@graph\":[{\"@type\":\"Organization\",\"@id\":\"https:\/\/www.madisonidiomes.com\/#organization\",\"name\":\"Escola d'Idiomes Madison\",\"url\":\"https:\/\/www.madisonidiomes.com\/\",\"sameAs\":[\"https:\/\/www.facebook.com\/escola.madison\",\"https:\/\/www.instagram.com\/idiomesmadison\/\",\"https:\/\/www.linkedin.com\/company\/madisonidiomes\/\",\"https:\/\/www.youtube.com\/channel\/UCxAYgYf_afDUB9Ep-ecKMew\/feed\",\"https:\/\/twitter.com\/IdiomesMadison\"],\"logo\":{\"@type\":\"ImageObject\",\"@id\":\"https:\/\/www.madisonidiomes.com\/#logo\",\"inLanguage\":\"es\",\"url\":\"https:\/\/madisonidiomes.com\/wp-content\/uploads\/2018\/05\/Logo-Madison_2018.jpg\",\"contentUrl\":\"https:\/\/madisonidiomes.com\/wp-content\/uploads\/2018\/05\/Logo-Madison_2018.jpg\",\"width\":406,\"height\":104,\"caption\":\"Escola d'Idiomes Madison\"},\"image\":{\"@id\":\"https:\/\/www.madisonidiomes.com\/#logo\"}},{\"@type\":\"WebSite\",\"@id\":\"https:\/\/www.madisonidiomes.com\/#website\",\"url\":\"https:\/\/www.madisonidiomes.com\/\",\"name\":\"Escola d&#039;Idiomes Madison\",\"description\":\"Acad\u00e8mia d&#039;idiomes a Manresa i Sant Fruit\u00f3s\",\"publisher\":{\"@id\":\"https:\/\/www.madisonidiomes.com\/#organization\"},\"potentialAction\":[{\"@type\":\"SearchAction\",\"target\":{\"@type\":\"EntryPoint\",\"urlTemplate\":\"https:\/\/www.madisonidiomes.com\/?s={search_term_string}\"},\"query-input\":\"required name=search_term_string\"}],\"inLanguage\":\"es\"},{\"@type\":\"ImageObject\",\"@id\":\"https:\/\/www.madisonidiomes.com\/es\/trinity-exams\/#primaryimage\",\"inLanguage\":\"es\",\"url\":\"https:\/\/www.madisonidiomes.com\/wp-content\/uploads\/2018\/04\/trinity.png\",\"contentUrl\":\"https:\/\/www.madisonidiomes.com\/wp-content\/uploads\/2018\/04\/trinity.png\",\"width\":500,\"height\":300},{\"@type\":\"WebPage\",\"@id\":\"https:\/\/www.madisonidiomes.com\/es\/trinity-exams\/#webpage\",\"url\":\"https:\/\/www.madisonidiomes.com\/es\/trinity-exams\/\",\"name\":\"Trinity Exams | Escola d&#039;Idiomes Madison\",\"isPartOf\":{\"@id\":\"https:\/\/www.madisonidiomes.com\/#website\"},\"primaryImageOfPage\":{\"@id\":\"https:\/\/www.madisonidiomes.com\/es\/trinity-exams\/#primaryimage\"},\"datePublished\":\"2018-04-06T07:40:40+00:00\",\"dateModified\":\"2026-03-19T16:28:20+00:00\",\"breadcrumb\":{\"@id\":\"https:\/\/www.madisonidiomes.com\/es\/trinity-exams\/#breadcrumb\"},\"inLanguage\":\"es\",\"potentialAction\":[{\"@type\":\"ReadAction\",\"target\":[\"https:\/\/www.madisonidiomes.com\/es\/trinity-exams\/\"]}]},{\"@type\":\"BreadcrumbList\",\"@id\":\"https:\/\/www.madisonidiomes.com\/es\/trinity-exams\/#breadcrumb\",\"itemListElement\":[{\"@type\":\"ListItem\",\"position\":1,\"name\":\"Inici\",\"item\":\"https:\/\/www.madisonidiomes.com\/es\/\"},{\"@type\":\"ListItem\",\"position\":2,\"name\":\"Trinity Exams\"}]}]}<\/script>\n<!-- \/ Yoast SEO plugin. -->","yoast_head_json":{"title":"Trinity Exams | Escola d&#039;Idiomes Madison","robots":{"index":"index","follow":"follow","max-snippet":"max-snippet:-1","max-image-preview":"max-image-preview:large","max-video-preview":"max-video-preview:-1"},"canonical":"https:\/\/www.madisonidiomes.com\/es\/trinity-exams\/","og_locale":"es_ES","og_type":"article","og_title":"Trinity Exams | Escola d&#039;Idiomes Madison","og_description":"La escuela es Centro Preparador y Examinador de los ex\u00e1menes oficiales GESE de Trinity College. Estos ex\u00e1menes se llevan a cabo en la propia escuela una vez al a\u00f1o y su superaci\u00f3n permite acreditar el nivel adquirido dentro del Marco &hellip; Continuar","og_url":"https:\/\/www.madisonidiomes.com\/es\/trinity-exams\/","og_site_name":"Escola d&#039;Idiomes Madison","article_publisher":"https:\/\/www.facebook.com\/escola.madison","article_modified_time":"2026-03-19T16:28:20+00:00","og_image":[{"url":"https:\/\/www.madisonidiomes.com\/wp-content\/uploads\/2018\/04\/trinity.png"}],"twitter_card":"summary_large_image","twitter_site":"@IdiomesMadison","twitter_misc":{"Tiempo de lectura":"1 minuto"},"schema":{"@context":"https:\/\/schema.org","@graph":[{"@type":"Organization","@id":"https:\/\/www.madisonidiomes.com\/#organization","name":"Escola d'Idiomes Madison","url":"https:\/\/www.madisonidiomes.com\/","sameAs":["https:\/\/www.facebook.com\/escola.madison","https:\/\/www.instagram.com\/idiomesmadison\/","https:\/\/www.linkedin.com\/company\/madisonidiomes\/","https:\/\/www.youtube.com\/channel\/UCxAYgYf_afDUB9Ep-ecKMew\/feed","https:\/\/twitter.com\/IdiomesMadison"],"logo":{"@type":"ImageObject","@id":"https:\/\/www.madisonidiomes.com\/#logo","inLanguage":"es","url":"https:\/\/madisonidiomes.com\/wp-content\/uploads\/2018\/05\/Logo-Madison_2018.jpg","contentUrl":"https:\/\/madisonidiomes.com\/wp-content\/uploads\/2018\/05\/Logo-Madison_2018.jpg","width":406,"height":104,"caption":"Escola d'Idiomes Madison"},"image":{"@id":"https:\/\/www.madisonidiomes.com\/#logo"}},{"@type":"WebSite","@id":"https:\/\/www.madisonidiomes.com\/#website","url":"https:\/\/www.madisonidiomes.com\/","name":"Escola d&#039;Idiomes Madison","description":"Acad\u00e8mia d&#039;idiomes a Manresa i Sant Fruit\u00f3s","publisher":{"@id":"https:\/\/www.madisonidiomes.com\/#organization"},"potentialAction":[{"@type":"SearchAction","target":{"@type":"EntryPoint","urlTemplate":"https:\/\/www.madisonidiomes.com\/?s={search_term_string}"},"query-input":"required name=search_term_string"}],"inLanguage":"es"},{"@type":"ImageObject","@id":"https:\/\/www.madisonidiomes.com\/es\/trinity-exams\/#primaryimage","inLanguage":"es","url":"https:\/\/www.madisonidiomes.com\/wp-content\/uploads\/2018\/04\/trinity.png","contentUrl":"https:\/\/www.madisonidiomes.com\/wp-content\/uploads\/2018\/04\/trinity.png","width":500,"height":300},{"@type":"WebPage","@id":"https:\/\/www.madisonidiomes.com\/es\/trinity-exams\/#webpage","url":"https:\/\/www.madisonidiomes.com\/es\/trinity-exams\/","name":"Trinity Exams | Escola d&#039;Idiomes Madison","isPartOf":{"@id":"https:\/\/www.madisonidiomes.com\/#website"},"primaryImageOfPage":{"@id":"https:\/\/www.madisonidiomes.com\/es\/trinity-exams\/#primaryimage"},"datePublished":"2018-04-06T07:40:40+00:00","dateModified":"2026-03-19T16:28:20+00:00","breadcrumb":{"@id":"https:\/\/www.madisonidiomes.com\/es\/trinity-exams\/#breadcrumb"},"inLanguage":"es","potentialAction":[{"@type":"ReadAction","target":["https:\/\/www.madisonidiomes.com\/es\/trinity-exams\/"]}]},{"@type":"BreadcrumbList","@id":"https:\/\/www.madisonidiomes.com\/es\/trinity-exams\/#breadcrumb","itemListElement":[{"@type":"ListItem","position":1,"name":"Inici","item":"https:\/\/www.madisonidiomes.com\/es\/"},{"@type":"ListItem","position":2,"name":"Trinity Exams"}]}]}},"_links":{"self":[{"href":"https:\/\/www.madisonidiomes.com\/es\/wp-json\/wp\/v2\/pages\/4496\/"}],"collection":[{"href":"https:\/\/www.madisonidiomes.com\/es\/wp-json\/wp\/v2\/pages\/"}],"about":[{"href":"https:\/\/www.madisonidiomes.com\/es\/wp-json\/wp\/v2\/types\/page\/"}],"author":[{"embeddable":true,"href":"https:\/\/www.madisonidiomes.com\/es\/wp-json\/wp\/v2\/users\/4\/"}],"replies":[{"embeddable":true,"href":"https:\/\/www.madisonidiomes.com\/es\/wp-json\/wp\/v2\/comments\/?post=4496"}],"version-history":[{"count":6,"href":"https:\/\/www.madisonidiomes.com\/es\/wp-json\/wp\/v2\/pages\/4496\/revisions\/"}],"predecessor-version":[{"id":9098,"href":"https:\/\/www.madisonidiomes.com\/es\/wp-json\/wp\/v2\/pages\/4496\/revisions\/9098\/"}],"wp:attachment":[{"href":"https:\/\/www.madisonidiomes.com\/es\/wp-json\/wp\/v2\/media\/?parent=4496"}],"curies":[{"name":"wp","href":"https:\/\/api.w.org\/{rel}","templated":true}]}}