{"id":5608,"date":"2019-05-13T12:35:23","date_gmt":"2019-05-13T10:35:23","guid":{"rendered":"https:\/\/www.madisonidiomes.com\/aviso-legal\/"},"modified":"2019-05-13T12:35:23","modified_gmt":"2019-05-13T10:35:23","slug":"aviso-legal","status":"publish","type":"page","link":"https:\/\/www.madisonidiomes.com\/es\/aviso-legal\/","title":{"rendered":"Aviso legal"},"content":{"rendered":"<p class=\"western\" lang=\"ca-ES\"><span style=\"font-family: Arial, serif;\"><span style=\"font-size: x-large;\"><span lang=\"en-US\"><b>Madison School Serveis Ling\u00fc\u00edstics S.L.<\/b><\/span><\/span><\/span><\/p>\n<p class=\"western\" lang=\"ca-ES\" align=\"justify\"><span style=\"font-family: Arial, serif;\"><span style=\"font-size: medium;\"><span lang=\"es-ES\">El uso de este sitio web, <\/span><\/span><\/span><span style=\"font-family: Arial, serif;\"><span style=\"font-size: medium;\">www.madisonidiomes.com<\/span><\/span><span style=\"font-family: Arial, serif;\"><span style=\"font-size: medium;\"><span lang=\"es-ES\">, implica la aceptaci\u00f3n de estos t\u00e9rminos. Si no est\u00e1 de acuerdo con ellos, le rogamos que no utilice este sitio web.<\/span><\/span><\/span><\/p>\n<p class=\"western\" lang=\"ca-ES\" align=\"justify\"><span style=\"font-family: Arial, serif;\"><span style=\"font-size: medium;\"><span lang=\"es-ES\">El presente Aviso Legal regula el uso del sitio web<\/span><\/span><\/span><b> <\/b><span style=\"font-family: Arial, serif;\"><span style=\"font-size: medium;\">www.madisonidiomes.com<\/span><\/span><span style=\"font-family: Arial, serif;\"><span style=\"font-size: medium;\"><span lang=\"es-ES\"> cuyo titular es Madison School Serveis Ling\u00fc\u00edstics S.L. con <\/span><\/span><\/span><span style=\"font-family: Arial, serif;\"><span style=\"font-size: medium;\">CIF B62537634<\/span><\/span><span style=\"font-family: Arial, serif;\"><span style=\"font-size: medium;\"><span lang=\"es-ES\">. <\/span><\/span><\/span><\/p>\n<p class=\"western\" lang=\"ca-ES\" align=\"justify\"><span style=\"font-family: Arial, serif;\"><span style=\"font-size: medium;\"><span lang=\"es-ES\">Madison School Serveis Ling\u00fc\u00edstics S.L. est\u00e1 constituida en relaci\u00f3n a la protecci\u00f3n de datos conforme a los requisitos de la legislaci\u00f3n vigente:<\/span><\/span><\/span><\/p>\n<ul>\n<li>\n<p class=\"western\" lang=\"ca-ES\" align=\"justify\"><span style=\"font-family: Arial, serif;\"><span style=\"font-size: medium;\"><span lang=\"es-ES\">Reglamento Europeo RGPD 2016\/679 respecto al tratamiento de Datos Personales.<\/span><\/span><\/span><\/p>\n<\/li>\n<li>\n<p class=\"western\" lang=\"ca-ES\" align=\"justify\"><span style=\"font-family: Arial, serif;\"><span style=\"font-size: medium;\"><span lang=\"es-ES\">Ley Org\u00e1nica 3\/2018 LOPD-GDD de Protecci\u00f3n de Datos Personales y garant\u00eda de Derechos Digitales.<\/span><\/span><\/span><\/p>\n<\/li>\n<li>\n<p class=\"western\" lang=\"ca-ES\" align=\"justify\"><span style=\"font-family: Arial, serif;\"><span style=\"font-size: medium;\"><span lang=\"es-ES\">Ley de Servicios de la Sociedad de la Informaci\u00f3n y Comercio Electr\u00f3nico, LSSICE.<\/span><\/span><\/span><\/p>\n<\/li>\n<\/ul>\n<p class=\"western\" lang=\"ca-ES\" align=\"justify\"><span style=\"font-family: Arial, serif;\"><span style=\"font-size: medium;\"><span lang=\"es-ES\">En cumplimiento de lo dispuesto en el Reglamento Europeo 2016\/679 de Protecci\u00f3n de Datos de Car\u00e1cter Personal, RGPD y la Ley Org\u00e1nica 3\/2018, LOPD-GDD, Madison School Serveis Ling\u00fc\u00edstics S.L., le informa de que los datos de car\u00e1cter personal que nos proporcione al rellenar el formulario de la secci\u00f3n Contacto se recoger\u00e1n en nuestras bases de datos siendo responsable Madison School Serveis Ling\u00fc\u00edstics S.L.<\/span><\/span><\/span><\/p>\n<p class=\"western\" lang=\"ca-ES\" align=\"justify\"><a name=\"_GoBack\"><\/a> <span style=\"font-family: Arial, serif;\"><span style=\"font-size: medium;\"><span lang=\"es-ES\">Podr\u00e1 ejercer sus derechos de acceso, rectificaci\u00f3n, oposici\u00f3n y supresi\u00f3n de sus datos y los de limitaci\u00f3n y portabilidad a su tratamiento en los t\u00e9rminos y en las condiciones previstos en la normativa legal vigente, dirigi\u00e9ndose por escrito a Madison School Serveis Ling\u00fc\u00edstics S.L. situada en <\/span><\/span><\/span><span style=\"font-family: Arial, serif;\"><span style=\"font-size: medium;\">Crta. Manresa, 15, 08241, Manresa<\/span><\/span><span style=\"font-family: Arial, serif;\"><span style=\"font-size: medium;\"><span lang=\"es-ES\">, o si lo prefiere con un e-mail a madison@madisonidiomes.com.<\/span><\/span><\/span><\/p>\n<p class=\"western\" lang=\"ca-ES\" align=\"justify\"><span style=\"font-family: Arial, serif;\"><span style=\"font-size: medium;\">De conformidad con el art\u00edculo 32 del RGPD y con el marco normativo general de protecci\u00f3n de datos, <\/span><\/span><span style=\"font-family: Arial, serif;\"><span style=\"font-size: medium;\"><span lang=\"es-ES\">Madison School Serveis Ling\u00fc\u00edstics S.L. <\/span><\/span><\/span><span style=\"font-family: Arial, serif;\"><span style=\"font-size: medium;\">ha adoptado las medidas de seguridad, t\u00e9cnicas, organizativas y de control proactivo necesarias. Todo ello, en funci\u00f3n del an\u00e1lisis previo del riesgo de las operaciones de tratamiento realizadas.<\/span><\/span><\/p>\n<p class=\"western\" lang=\"ca-ES\" align=\"justify\"><span style=\"font-family: Arial, serif;\"><span style=\"font-size: medium;\"><span lang=\"es-ES\">Madison School Serveis Ling\u00fc\u00edstics S.L. <\/span><\/span><\/span><span style=\"font-family: Arial, serif;\"><span style=\"font-size: medium;\">se compromete a llevar un registro de las actividades de tratamiento tal y como se dispone en el art\u00edculo 30.2 del RGPD.<\/span><\/span><\/p>\n<p class=\"western\" lang=\"ca-ES\" align=\"justify\"><span style=\"font-family: Arial, serif;\"><span style=\"font-size: medium;\"><span lang=\"es-ES\">Le pedimos que comunique inmediatamente a Madison School Serveis Ling\u00fc\u00edstics S.L. cualquier modificaci\u00f3n de sus datos de car\u00e1cter personal para que la informaci\u00f3n que contienen nuestros ficheros est\u00e9 siempre actualizada y no contenga errores. <\/span><\/span><\/span><\/p>\n<p class=\"western\" lang=\"ca-ES\" align=\"justify\"><span style=\"font-family: Arial, serif;\"><span style=\"font-size: medium;\"><span lang=\"es-ES\">Asimismo, con la aceptaci\u00f3n de este Aviso Legal reconoce que la informaci\u00f3n y los datos personales recogidos son exactos y veraces. La recogida de sus datos de car\u00e1cter personal se realiza con la finalidad de prestar los servicios solicitados y remitirle informaci\u00f3n sobre la entidad u ofertas comerciales de otros productos y servicios, avisos y, en general, informaci\u00f3n de Madison School Serveis Ling\u00fc\u00edstics S.L. que pueda ser de su inter\u00e9s. De conformidad con lo previsto en la normativa actual vigente, al rellenar cualquiera de los formularios que aparecen en nuestra p\u00e1gina web, da su consentimiento para que sus datos sean tratados, con la finalidad de dirigirle informaci\u00f3n, siempre en el \u00e1mbito de las funciones leg\u00edtimas de cedente y cesionario.<\/span><\/span><\/span><\/p>\n<p class=\"western\" lang=\"ca-ES\" align=\"justify\"><span style=\"font-family: Arial, serif;\"><span style=\"font-size: medium;\"><span lang=\"es-ES\">Tambi\u00e9n autoriza a Madison School Serveis Ling\u00fc\u00edstics S.L. para que puedan remitirle comunicaciones comerciales a trav\u00e9s del correo electr\u00f3nico o de cualquier otro medio de comunicaci\u00f3n electr\u00f3nica equivalente. Las autorizaciones para el env\u00edo de informaci\u00f3n comercial, cesi\u00f3n de datos y env\u00edo de comunicaciones comerciales por medios electr\u00f3nicos ser\u00e1n revocables, en cualquier momento, mediante comunicaci\u00f3n escrita dirigida a Madison School Serveis Ling\u00fc\u00edstics S.L. a la direcci\u00f3n antes mencionada, en la que deber\u00e1 indicar los siguientes datos para su identificaci\u00f3n: nombre y direcci\u00f3n. <\/span><\/span><\/span><\/p>\n<p class=\"western\" lang=\"ca-ES\" align=\"justify\"><span style=\"font-family: Arial, serif;\"><span style=\"font-size: medium;\"><span lang=\"es-ES\">Madison School Serveis Ling\u00fc\u00edstics S.L. se compromete a tratar de forma absolutamente confidencial sus datos de car\u00e1cter personal y a utilizarlos s\u00f3lo para las finalidades indicadas. <\/span><\/span><\/span><\/p>\n<p class=\"western\" lang=\"ca-ES\" align=\"justify\"><span style=\"font-family: Arial, serif;\"><span style=\"font-size: medium;\"><span lang=\"es-ES\">Asimismo, le informamos de que<\/span><\/span><\/span><i> <\/i><span style=\"font-family: Arial, serif;\"><span style=\"font-size: medium;\"><span lang=\"es-ES\">Madison School Serveis Ling\u00fc\u00edstics S.L. tiene implantadas las medidas t\u00e9cnicas y organizativas necesarias para garantizar la seguridad de sus datos de car\u00e1cter personal y evitar su alteraci\u00f3n, p\u00e9rdida y tratamiento y\/o acceso no autorizado, teniendo en cuenta el estado de la tecnolog\u00eda, la naturaleza de los datos almacenados y los riesgos, provenientes de la acci\u00f3n humana o del medio f\u00edsico y natural, a que est\u00e1n expuestos. <\/span><\/span><\/span><\/p>\n<p class=\"western\" lang=\"ca-ES\" align=\"justify\"><span style=\"font-family: Arial, serif;\"><span style=\"font-size: medium;\"><span lang=\"es-ES\"><i><b>Contenido, t\u00e9rminos legales y responsabilidades.<\/b><\/i><\/span><\/span><\/span><\/p>\n<p class=\"western\" lang=\"ca-ES\" align=\"justify\"><span style=\"font-family: Arial, serif;\"><span style=\"font-size: medium;\"><span lang=\"es-ES\">El sitio web incluye contenidos elaborados por el titular del mismo y sus colaboradores, los cuales tienen fines meramente informativos, ya que en alguna ocasi\u00f3n, \u00e9stos podr\u00edan no reflejar la actualidad m\u00e1s reciente, por lo que en cualquier momento dichos contenidos podr\u00e1n ser modificados y\/o sustituidos por unos nuevos, sin notificaci\u00f3n previa, ni responsabilidad alguna.<\/span><\/span><\/span><\/p>\n<p class=\"western\" lang=\"ca-ES\" align=\"justify\"><span style=\"font-family: Arial, serif;\"><span style=\"font-size: medium;\"><span lang=\"es-ES\">Los contenidos del sitio web no pueden ser considerados, en ning\u00fan caso, como sustitutivos de cualquier tipo de asesoramiento. No existir\u00e1 ning\u00fan tipo de relaci\u00f3n comercial, profesional, ni ning\u00fan tipo de relaci\u00f3n de otra \u00edndole con los profesionales que integran el sitio web por el mero hecho del acceso a ella por parte de los usuarios.<\/span><\/span><\/span><\/p>\n<p class=\"western\" lang=\"ca-ES\" align=\"justify\"><span style=\"font-family: Arial, serif;\"><span style=\"font-size: medium;\"><span lang=\"es-ES\">Para el caso de existir enlaces con distintos sitios web,<\/span><\/span><\/span><span style=\"color: #333333;\"><span style=\"font-family: Arial, serif;\"><span style=\"font-size: medium;\"><span lang=\"es-ES\">\u00a0<\/span><\/span><\/span><\/span><span style=\"font-family: Arial, serif;\"><span style=\"font-size: medium;\"><span lang=\"es-ES\">Madison School Serveis Ling\u00fc\u00edstics S.L., no se har\u00e1 responsable de su contenido al carecer de control sobre los mismos.<\/span><\/span><\/span><\/p>\n<p class=\"western\" lang=\"ca-ES\" align=\"justify\"><span style=\"font-family: Arial, serif;\"><span style=\"font-size: medium;\"><span lang=\"es-ES\">El usuario cuando accede al sitio web, lo hace por su propia cuenta y riesgo.\u00a0Madison School Serveis Ling\u00fc\u00edstics S.L. no garantiza ni la rapidez, ni la ininterrupci\u00f3n, ni la ausencia de virus en el sitio web. Asimismo, el titular del sitio web, los colaboradores, sus socios, empleados y representantes tampoco podr\u00e1n ser considerados responsables por cualesquiera da\u00f1os derivados de la utilizaci\u00f3n de este sitio web, ni por cualquier actuaci\u00f3n realizada sobre la base de la informaci\u00f3n que en \u00e9l se facilita.<\/span><\/span><\/span><\/p>\n<p class=\"western\" lang=\"ca-ES\" align=\"justify\"><span style=\"font-family: Arial, serif;\"><span style=\"font-size: medium;\"><span lang=\"es-ES\">No se garantiza la ausencia de virus u otros elementos lesivos que pudieran causar da\u00f1os o alteraciones en el sistema inform\u00e1tico, en los documentos electr\u00f3nicos o en los ficheros del usuario de este sitio web. En consecuencia, no se responde por los da\u00f1os y perjuicios que tales elementos pudieran ocasionar al usuario o a terceros.<\/span><\/span><\/span><\/p>\n<p class=\"western\" lang=\"ca-ES\" align=\"justify\">\u00a0<span style=\"font-family: Arial, serif;\"><span style=\"font-size: medium;\"><span lang=\"es-ES\"><i><b>Ley aplicable y jurisdicci\u00f3n.<\/b><\/i><\/span><\/span><\/span><\/p>\n<p class=\"western\" lang=\"ca-ES\" align=\"justify\"><span style=\"font-family: Arial, serif;\"><span style=\"font-size: medium;\"><span lang=\"es-ES\">Las presentes condiciones de uso se rigen por la legislaci\u00f3n espa\u00f1ola, siendo competentes los Juzgados y Tribunales de la ciudad de\u00a0<\/span><\/span><\/span><span style=\"font-family: Arial, serif;\"><span style=\"font-size: medium;\">Madison School Serveis Ling\u00fc\u00edstics S.L. <\/span><\/span><span style=\"font-family: Arial, serif;\"><span style=\"font-size: medium;\"><span lang=\"es-ES\">para conocer de cuantas cuestiones se susciten sobre la interpretaci\u00f3n, aplicaci\u00f3n y cumplimiento de las mismas. Los usuarios, por virtud de su aceptaci\u00f3n a las condiciones generales recogidas en este aviso legal, renuncian expresamente a cualquier fuero que, por aplicaci\u00f3n de la Ley de Enjuiciamiento Civil vigente, pudiera corresponderles.<\/span><\/span><\/span><\/p>\n<p class=\"western\" align=\"justify\">\n<p class=\"western\" lang=\"ca-ES\"><span style=\"font-family: Arial, serif;\"><span style=\"font-size: xx-large;\"><span lang=\"es-ES\"><b>Cr\u00e9ditos del website <\/b><\/span><\/span><\/span><\/p>\n<p class=\"western\" lang=\"ca-ES\"><span style=\"font-family: Arial, serif;\"><span style=\"font-size: xx-large;\"><span lang=\"es-ES\"><b>Madison School Serveis Ling\u00fc\u00edstics S.L.<\/b><\/span><\/span><\/span><\/p>\n<p class=\"western\" lang=\"ca-ES\" align=\"justify\"><span style=\"font-family: Arial, serif;\"><span style=\"font-size: large;\">\u00a9 <\/span><\/span><span style=\"font-family: Arial, serif;\"><span style=\"font-size: large;\"><span lang=\"es-ES\"><b>Derecho de propiedad y copyright<\/b><\/span><\/span><\/span><\/p>\n<p class=\"western\" lang=\"ca-ES\" align=\"justify\"><span style=\"font-family: Arial, serif;\"><span style=\"font-size: medium;\">Madison School Serveis Ling\u00fc\u00edstics S.L. <\/span><\/span><\/p>\n<p class=\"western\" lang=\"ca-ES\" align=\"justify\"><span style=\"font-family: Arial, serif;\"><span style=\"font-size: medium;\">B62537634<\/span><\/span><\/p>\n<p class=\"western\" lang=\"ca-ES\" align=\"justify\"><span style=\"font-family: Arial, serif;\"><span style=\"font-size: medium;\">madison@madisonidiomes.com<\/span><\/span><\/p>\n<p class=\"western\" lang=\"ca-ES\"><span style=\"font-family: Arial, serif;\"><span style=\"font-size: medium;\">Crta. Cardona, 15<\/span><\/span><\/p>\n<p class=\"western\" lang=\"ca-ES\"><span style=\"font-family: Arial, serif;\"><span style=\"font-size: medium;\">08241 Manresa Barcelona ( Spain)<\/span><\/span><\/p>\n<p class=\"western\" lang=\"ca-ES\" align=\"justify\"><span style=\"font-family: Arial, serif;\"><span style=\"font-size: medium;\">Telf. 938722922<\/span><\/span><\/p>\n","protected":false},"excerpt":{"rendered":"<p>Madison School Serveis Ling\u00fc\u00edstics S.L. El uso de este sitio web, www.madisonidiomes.com, implica la aceptaci\u00f3n de estos t\u00e9rminos. Si no est\u00e1 de acuerdo con ellos, le rogamos que no utilice este sitio web. El presente Aviso Legal regula el uso &hellip; <a href=\"https:\/\/www.madisonidiomes.com\/es\/aviso-legal\/\">Continuar<\/a><\/p>\n","protected":false},"author":3,"featured_media":0,"parent":0,"menu_order":0,"comment_status":"closed","ping_status":"closed","template":"","meta":[],"yoast_head":"<!-- This site is optimized with the Yoast SEO plugin v18.6 - https:\/\/yoast.com\/wordpress\/plugins\/seo\/ -->\n<title>Aviso legal | Escola d&#039;Idiomes Madison<\/title>\n<meta name=\"robots\" content=\"index, follow, max-snippet:-1, max-image-preview:large, max-video-preview:-1\" \/>\n<link rel=\"canonical\" href=\"https:\/\/www.madisonidiomes.com\/es\/aviso-legal\/\" \/>\n<meta property=\"og:locale\" content=\"es_ES\" \/>\n<meta property=\"og:type\" content=\"article\" \/>\n<meta property=\"og:title\" content=\"Aviso legal | Escola d&#039;Idiomes Madison\" \/>\n<meta property=\"og:description\" content=\"Madison School Serveis Ling\u00fc\u00edstics S.L. El uso de este sitio web, www.madisonidiomes.com, implica la aceptaci\u00f3n de estos t\u00e9rminos. Si no est\u00e1 de acuerdo con ellos, le rogamos que no utilice este sitio web. El presente Aviso Legal regula el uso &hellip; Continuar\" \/>\n<meta property=\"og:url\" content=\"https:\/\/www.madisonidiomes.com\/es\/aviso-legal\/\" \/>\n<meta property=\"og:site_name\" content=\"Escola d&#039;Idiomes Madison\" \/>\n<meta property=\"article:publisher\" content=\"https:\/\/www.facebook.com\/escola.madison\" \/>\n<meta name=\"twitter:card\" content=\"summary_large_image\" \/>\n<meta name=\"twitter:site\" content=\"@IdiomesMadison\" \/>\n<meta name=\"twitter:label1\" content=\"Tiempo de lectura\" \/>\n\t<meta name=\"twitter:data1\" content=\"6 minutos\" \/>\n<script type=\"application\/ld+json\" class=\"yoast-schema-graph\">{\"@context\":\"https:\/\/schema.org\",\"@graph\":[{\"@type\":\"Organization\",\"@id\":\"https:\/\/www.madisonidiomes.com\/#organization\",\"name\":\"Escola d'Idiomes Madison\",\"url\":\"https:\/\/www.madisonidiomes.com\/\",\"sameAs\":[\"https:\/\/www.facebook.com\/escola.madison\",\"https:\/\/www.instagram.com\/idiomesmadison\/\",\"https:\/\/www.linkedin.com\/company\/madisonidiomes\/\",\"https:\/\/www.youtube.com\/channel\/UCxAYgYf_afDUB9Ep-ecKMew\/feed\",\"https:\/\/twitter.com\/IdiomesMadison\"],\"logo\":{\"@type\":\"ImageObject\",\"@id\":\"https:\/\/www.madisonidiomes.com\/#logo\",\"inLanguage\":\"es\",\"url\":\"https:\/\/madisonidiomes.com\/wp-content\/uploads\/2018\/05\/Logo-Madison_2018.jpg\",\"contentUrl\":\"https:\/\/madisonidiomes.com\/wp-content\/uploads\/2018\/05\/Logo-Madison_2018.jpg\",\"width\":406,\"height\":104,\"caption\":\"Escola d'Idiomes Madison\"},\"image\":{\"@id\":\"https:\/\/www.madisonidiomes.com\/#logo\"}},{\"@type\":\"WebSite\",\"@id\":\"https:\/\/www.madisonidiomes.com\/#website\",\"url\":\"https:\/\/www.madisonidiomes.com\/\",\"name\":\"Escola d&#039;Idiomes Madison\",\"description\":\"Acad\u00e8mia d&#039;idiomes a Manresa i Sant Fruit\u00f3s\",\"publisher\":{\"@id\":\"https:\/\/www.madisonidiomes.com\/#organization\"},\"potentialAction\":[{\"@type\":\"SearchAction\",\"target\":{\"@type\":\"EntryPoint\",\"urlTemplate\":\"https:\/\/www.madisonidiomes.com\/?s={search_term_string}\"},\"query-input\":\"required name=search_term_string\"}],\"inLanguage\":\"es\"},{\"@type\":\"WebPage\",\"@id\":\"https:\/\/www.madisonidiomes.com\/es\/aviso-legal\/#webpage\",\"url\":\"https:\/\/www.madisonidiomes.com\/es\/aviso-legal\/\",\"name\":\"Aviso legal | Escola d&#039;Idiomes Madison\",\"isPartOf\":{\"@id\":\"https:\/\/www.madisonidiomes.com\/#website\"},\"datePublished\":\"2019-05-13T10:35:23+00:00\",\"dateModified\":\"2019-05-13T10:35:23+00:00\",\"breadcrumb\":{\"@id\":\"https:\/\/www.madisonidiomes.com\/es\/aviso-legal\/#breadcrumb\"},\"inLanguage\":\"es\",\"potentialAction\":[{\"@type\":\"ReadAction\",\"target\":[\"https:\/\/www.madisonidiomes.com\/es\/aviso-legal\/\"]}]},{\"@type\":\"BreadcrumbList\",\"@id\":\"https:\/\/www.madisonidiomes.com\/es\/aviso-legal\/#breadcrumb\",\"itemListElement\":[{\"@type\":\"ListItem\",\"position\":1,\"name\":\"Inici\",\"item\":\"https:\/\/www.madisonidiomes.com\/es\/\"},{\"@type\":\"ListItem\",\"position\":2,\"name\":\"Aviso legal\"}]}]}<\/script>\n<!-- \/ Yoast SEO plugin. -->","yoast_head_json":{"title":"Aviso legal | Escola d&#039;Idiomes Madison","robots":{"index":"index","follow":"follow","max-snippet":"max-snippet:-1","max-image-preview":"max-image-preview:large","max-video-preview":"max-video-preview:-1"},"canonical":"https:\/\/www.madisonidiomes.com\/es\/aviso-legal\/","og_locale":"es_ES","og_type":"article","og_title":"Aviso legal | Escola d&#039;Idiomes Madison","og_description":"Madison School Serveis Ling\u00fc\u00edstics S.L. El uso de este sitio web, www.madisonidiomes.com, implica la aceptaci\u00f3n de estos t\u00e9rminos. Si no est\u00e1 de acuerdo con ellos, le rogamos que no utilice este sitio web. El presente Aviso Legal regula el uso &hellip; Continuar","og_url":"https:\/\/www.madisonidiomes.com\/es\/aviso-legal\/","og_site_name":"Escola d&#039;Idiomes Madison","article_publisher":"https:\/\/www.facebook.com\/escola.madison","twitter_card":"summary_large_image","twitter_site":"@IdiomesMadison","twitter_misc":{"Tiempo de lectura":"6 minutos"},"schema":{"@context":"https:\/\/schema.org","@graph":[{"@type":"Organization","@id":"https:\/\/www.madisonidiomes.com\/#organization","name":"Escola d'Idiomes Madison","url":"https:\/\/www.madisonidiomes.com\/","sameAs":["https:\/\/www.facebook.com\/escola.madison","https:\/\/www.instagram.com\/idiomesmadison\/","https:\/\/www.linkedin.com\/company\/madisonidiomes\/","https:\/\/www.youtube.com\/channel\/UCxAYgYf_afDUB9Ep-ecKMew\/feed","https:\/\/twitter.com\/IdiomesMadison"],"logo":{"@type":"ImageObject","@id":"https:\/\/www.madisonidiomes.com\/#logo","inLanguage":"es","url":"https:\/\/madisonidiomes.com\/wp-content\/uploads\/2018\/05\/Logo-Madison_2018.jpg","contentUrl":"https:\/\/madisonidiomes.com\/wp-content\/uploads\/2018\/05\/Logo-Madison_2018.jpg","width":406,"height":104,"caption":"Escola d'Idiomes Madison"},"image":{"@id":"https:\/\/www.madisonidiomes.com\/#logo"}},{"@type":"WebSite","@id":"https:\/\/www.madisonidiomes.com\/#website","url":"https:\/\/www.madisonidiomes.com\/","name":"Escola d&#039;Idiomes Madison","description":"Acad\u00e8mia d&#039;idiomes a Manresa i Sant Fruit\u00f3s","publisher":{"@id":"https:\/\/www.madisonidiomes.com\/#organization"},"potentialAction":[{"@type":"SearchAction","target":{"@type":"EntryPoint","urlTemplate":"https:\/\/www.madisonidiomes.com\/?s={search_term_string}"},"query-input":"required name=search_term_string"}],"inLanguage":"es"},{"@type":"WebPage","@id":"https:\/\/www.madisonidiomes.com\/es\/aviso-legal\/#webpage","url":"https:\/\/www.madisonidiomes.com\/es\/aviso-legal\/","name":"Aviso legal | Escola d&#039;Idiomes Madison","isPartOf":{"@id":"https:\/\/www.madisonidiomes.com\/#website"},"datePublished":"2019-05-13T10:35:23+00:00","dateModified":"2019-05-13T10:35:23+00:00","breadcrumb":{"@id":"https:\/\/www.madisonidiomes.com\/es\/aviso-legal\/#breadcrumb"},"inLanguage":"es","potentialAction":[{"@type":"ReadAction","target":["https:\/\/www.madisonidiomes.com\/es\/aviso-legal\/"]}]},{"@type":"BreadcrumbList","@id":"https:\/\/www.madisonidiomes.com\/es\/aviso-legal\/#breadcrumb","itemListElement":[{"@type":"ListItem","position":1,"name":"Inici","item":"https:\/\/www.madisonidiomes.com\/es\/"},{"@type":"ListItem","position":2,"name":"Aviso legal"}]}]}},"_links":{"self":[{"href":"https:\/\/www.madisonidiomes.com\/es\/wp-json\/wp\/v2\/pages\/5608\/"}],"collection":[{"href":"https:\/\/www.madisonidiomes.com\/es\/wp-json\/wp\/v2\/pages\/"}],"about":[{"href":"https:\/\/www.madisonidiomes.com\/es\/wp-json\/wp\/v2\/types\/page\/"}],"author":[{"embeddable":true,"href":"https:\/\/www.madisonidiomes.com\/es\/wp-json\/wp\/v2\/users\/3\/"}],"replies":[{"embeddable":true,"href":"https:\/\/www.madisonidiomes.com\/es\/wp-json\/wp\/v2\/comments\/?post=5608"}],"version-history":[{"count":0,"href":"https:\/\/www.madisonidiomes.com\/es\/wp-json\/wp\/v2\/pages\/5608\/revisions\/"}],"wp:attachment":[{"href":"https:\/\/www.madisonidiomes.com\/es\/wp-json\/wp\/v2\/media\/?parent=5608"}],"curies":[{"name":"wp","href":"https:\/\/api.w.org\/{rel}","templated":true}]}}