{"id":5632,"date":"2019-07-17T12:03:10","date_gmt":"2019-07-17T10:03:10","guid":{"rendered":"https:\/\/www.madisonidiomes.com\/?page_id=5632"},"modified":"2026-03-18T19:36:22","modified_gmt":"2026-03-18T18:36:22","slug":"acreditacio-ub","status":"publish","type":"page","link":"https:\/\/www.madisonidiomes.com\/es\/acreditacio-ub\/","title":{"rendered":"Acreditaci\u00f3n Universidad de Barcelona"},"content":{"rendered":"\t\t<div data-elementor-type=\"wp-page\" data-elementor-id=\"5632\" class=\"elementor elementor-5632\">\n\t\t\t\t\t\t<div class=\"elementor-inner\">\n\t\t\t\t<div class=\"elementor-section-wrap\">\n\t\t\t\t\t\t\t\t\t<section class=\"elementor-section elementor-top-section elementor-element elementor-element-118891a0 elementor-section-boxed elementor-section-height-default elementor-section-height-default\" data-id=\"118891a0\" data-element_type=\"section\">\n\t\t\t\t\t\t<div class=\"elementor-container elementor-column-gap-default\">\n\t\t\t\t\t\t\t<div class=\"elementor-row\">\n\t\t\t\t\t<div class=\"elementor-column elementor-col-100 elementor-top-column elementor-element elementor-element-7c0bbfa4\" data-id=\"7c0bbfa4\" data-element_type=\"column\">\n\t\t\t<div class=\"elementor-column-wrap elementor-element-populated\">\n\t\t\t\t\t\t\t<div class=\"elementor-widget-wrap\">\n\t\t\t\t\t\t<div class=\"elementor-element elementor-element-77b9c2bc elementor-widget elementor-widget-text-editor\" data-id=\"77b9c2bc\" data-element_type=\"widget\" data-widget_type=\"text-editor.default\">\n\t\t\t\t<div class=\"elementor-widget-container\">\n\t\t\t\t\t\t\t\t<div class=\"elementor-text-editor elementor-clearfix\">\n\t\t\t\t<p>La Escuela de Idiomas Madison forma parte de la<strong> red de Centros Acreditados de la Universidad de Barcelona<\/strong>, a trav\u00e9s de su <b>Escuela de Idiomas Modernos (EIM)<\/b>.<\/p><p>\u00a0<\/p><p>Todos los Centros Acreditados est\u00e1n integrados en un sistema de control de calidad y homogeneizaci\u00f3n de los niveles alcanzados dentro del Marco Com\u00fan Europeo de Referencia (MCER), de manera que<strong> los alumnos de estos centros obtienen los certificados correspondientes expedidos por la Universidad de Barcelona<\/strong>. En consecuencia, nuestros alumnos de ingl\u00e9s pueden certificar <strong>desde el nivel preA1 (Kids 5 y Kids 6) hasta el C2.2<\/strong>, una vez superados los ex\u00e1menes finales correspondientes.<\/p><p>\u00a0<\/p><p><img class=\"size-full wp-image-5627 aligncenter\" src=\"https:\/\/madisonidiomes.com\/wp-content\/uploads\/2019\/07\/Cartell-Centre-Acreditat.jpg\" alt=\"\" width=\"640\" height=\"320\" srcset=\"https:\/\/www.madisonidiomes.com\/wp-content\/uploads\/2019\/07\/Cartell-Centre-Acreditat.jpg 640w, https:\/\/www.madisonidiomes.com\/wp-content\/uploads\/2019\/07\/Cartell-Centre-Acreditat-300x150.jpg 300w, https:\/\/www.madisonidiomes.com\/wp-content\/uploads\/2019\/07\/Cartell-Centre-Acreditat-500x250.jpg 500w\" sizes=\"(max-width: 640px) 100vw, 640px\" \/><\/p><p>\u00a0<\/p><p data-start=\"0\" data-end=\"126\">El certificado de la Universidad de Barcelona tiene reconocimiento oficial y est\u00e1 aceptado en universidades e instituciones:<\/p><ul><li data-section-id=\"ot0fr9\" data-start=\"128\" data-end=\"231\"><p data-start=\"130\" data-end=\"231\">Sirve para <strong>acreditar el nivel de idioma requerido para graduarse<\/strong> en cualquier universidad espa\u00f1ola.<\/p><\/li><li data-section-id=\"hah5i6\" data-start=\"232\" data-end=\"397\"><p data-start=\"234\" data-end=\"397\">Permite acreditar el nivel de ingl\u00e9s para <strong>convalidar asignaturas<\/strong> en las universidades catalanas o para oposiciones en Catalu\u00f1a seg\u00fan la resoluci\u00f3n <a href=\"https:\/\/dogc.gencat.cat\/ca\/document-del-dogc\/?documentId=988379\">REU\/2197\/2024<\/a>.\u00a0<\/p><\/li><li data-section-id=\"hah5i6\" data-start=\"232\" data-end=\"397\"><p data-start=\"234\" data-end=\"397\">Es v\u00e1lido para <strong>m\u00e1steres, programas Erasmus, becas, oposiciones<\/strong> y otros tr\u00e1mites oficiales dentro del territorio espa\u00f1ol.<\/p><\/li><li data-section-id=\"hah5i6\" data-start=\"232\" data-end=\"397\"><p data-start=\"234\" data-end=\"397\">Est\u00e1 reconocido por el <strong>Marco Com\u00fan Europeo de Referencia (MCER)<\/strong>, lo que permite expresar claramente el nivel (B1, B2, C1, etc.) de forma homologable.<\/p><\/li><\/ul><p data-start=\"234\" data-end=\"397\">\u00a0<\/p><p data-start=\"234\" data-end=\"397\">La Escuela de Idiomas Madison cuenta con la<strong> supervisi\u00f3n y el aval de la Universidad de Barcelona<\/strong>, que audita peri\u00f3dicamente el funcionamiento, la calidad de los cursos y el cumplimiento de sus criterios. Esto proporciona una <strong>garant\u00eda de calidad universitaria<\/strong> tanto a los alumnos como a las familias.<\/p>\t\t\t\t\t<\/div>\n\t\t\t\t\t\t<\/div>\n\t\t\t\t<\/div>\n\t\t\t\t\t\t<\/div>\n\t\t\t\t\t<\/div>\n\t\t<\/div>\n\t\t\t\t\t\t\t\t<\/div>\n\t\t\t\t\t<\/div>\n\t\t<\/section>\n\t\t\t\t\t\t\t\t\t<\/div>\n\t\t\t<\/div>\n\t\t\t\t\t<\/div>\n\t\t","protected":false},"excerpt":{"rendered":"<p>La Escuela de Idiomas Madison forma parte de la red de Centros Acreditados de la Universidad de Barcelona, a trav\u00e9s de su Escuela de Idiomas Modernos (EIM). \u00a0 Todos los Centros Acreditados est\u00e1n integrados en un sistema de control de &hellip; <a href=\"https:\/\/www.madisonidiomes.com\/es\/acreditacio-ub\/\">Continuar<\/a><\/p>\n","protected":false},"author":3,"featured_media":0,"parent":0,"menu_order":0,"comment_status":"closed","ping_status":"closed","template":"","meta":[],"yoast_head":"<!-- This site is optimized with the Yoast SEO plugin v18.6 - https:\/\/yoast.com\/wordpress\/plugins\/seo\/ -->\n<title>Acreditaci\u00f3n Universidad de Barcelona | Escola d&#039;Idiomes Madison<\/title>\n<meta name=\"robots\" content=\"index, follow, max-snippet:-1, max-image-preview:large, max-video-preview:-1\" \/>\n<link rel=\"canonical\" href=\"https:\/\/www.madisonidiomes.com\/es\/acreditacio-ub\/\" \/>\n<meta property=\"og:locale\" content=\"es_ES\" \/>\n<meta property=\"og:type\" content=\"article\" \/>\n<meta property=\"og:title\" content=\"Acreditaci\u00f3n Universidad de Barcelona | Escola d&#039;Idiomes Madison\" \/>\n<meta property=\"og:description\" content=\"La Escuela de Idiomas Madison forma parte de la red de Centros Acreditados de la Universidad de Barcelona, a trav\u00e9s de su Escuela de Idiomas Modernos (EIM). \u00a0 Todos los Centros Acreditados est\u00e1n integrados en un sistema de control de &hellip; Continuar\" \/>\n<meta property=\"og:url\" content=\"https:\/\/www.madisonidiomes.com\/es\/acreditacio-ub\/\" \/>\n<meta property=\"og:site_name\" content=\"Escola d&#039;Idiomes Madison\" \/>\n<meta property=\"article:publisher\" content=\"https:\/\/www.facebook.com\/escola.madison\" \/>\n<meta property=\"article:modified_time\" content=\"2026-03-18T18:36:22+00:00\" \/>\n<meta property=\"og:image\" content=\"https:\/\/madisonidiomes.com\/wp-content\/uploads\/2019\/07\/Cartell-Centre-Acreditat.jpg\" \/>\n<meta name=\"twitter:card\" content=\"summary_large_image\" \/>\n<meta name=\"twitter:site\" content=\"@IdiomesMadison\" \/>\n<meta name=\"twitter:label1\" content=\"Tiempo de lectura\" \/>\n\t<meta name=\"twitter:data1\" content=\"2 minutos\" \/>\n<script type=\"application\/ld+json\" class=\"yoast-schema-graph\">{\"@context\":\"https:\/\/schema.org\",\"@graph\":[{\"@type\":\"Organization\",\"@id\":\"https:\/\/www.madisonidiomes.com\/#organization\",\"name\":\"Escola d'Idiomes Madison\",\"url\":\"https:\/\/www.madisonidiomes.com\/\",\"sameAs\":[\"https:\/\/www.facebook.com\/escola.madison\",\"https:\/\/www.instagram.com\/idiomesmadison\/\",\"https:\/\/www.linkedin.com\/company\/madisonidiomes\/\",\"https:\/\/www.youtube.com\/channel\/UCxAYgYf_afDUB9Ep-ecKMew\/feed\",\"https:\/\/twitter.com\/IdiomesMadison\"],\"logo\":{\"@type\":\"ImageObject\",\"@id\":\"https:\/\/www.madisonidiomes.com\/#logo\",\"inLanguage\":\"es\",\"url\":\"https:\/\/madisonidiomes.com\/wp-content\/uploads\/2018\/05\/Logo-Madison_2018.jpg\",\"contentUrl\":\"https:\/\/madisonidiomes.com\/wp-content\/uploads\/2018\/05\/Logo-Madison_2018.jpg\",\"width\":406,\"height\":104,\"caption\":\"Escola d'Idiomes Madison\"},\"image\":{\"@id\":\"https:\/\/www.madisonidiomes.com\/#logo\"}},{\"@type\":\"WebSite\",\"@id\":\"https:\/\/www.madisonidiomes.com\/#website\",\"url\":\"https:\/\/www.madisonidiomes.com\/\",\"name\":\"Escola d&#039;Idiomes Madison\",\"description\":\"Acad\u00e8mia d&#039;idiomes a Manresa i Sant Fruit\u00f3s\",\"publisher\":{\"@id\":\"https:\/\/www.madisonidiomes.com\/#organization\"},\"potentialAction\":[{\"@type\":\"SearchAction\",\"target\":{\"@type\":\"EntryPoint\",\"urlTemplate\":\"https:\/\/www.madisonidiomes.com\/?s={search_term_string}\"},\"query-input\":\"required name=search_term_string\"}],\"inLanguage\":\"es\"},{\"@type\":\"ImageObject\",\"@id\":\"https:\/\/www.madisonidiomes.com\/es\/acreditacio-ub\/#primaryimage\",\"inLanguage\":\"es\",\"url\":\"https:\/\/madisonidiomes.com\/wp-content\/uploads\/2019\/07\/Cartell-Centre-Acreditat.jpg\",\"contentUrl\":\"https:\/\/madisonidiomes.com\/wp-content\/uploads\/2019\/07\/Cartell-Centre-Acreditat.jpg\"},{\"@type\":\"WebPage\",\"@id\":\"https:\/\/www.madisonidiomes.com\/es\/acreditacio-ub\/#webpage\",\"url\":\"https:\/\/www.madisonidiomes.com\/es\/acreditacio-ub\/\",\"name\":\"Acreditaci\u00f3n Universidad de Barcelona | Escola d&#039;Idiomes Madison\",\"isPartOf\":{\"@id\":\"https:\/\/www.madisonidiomes.com\/#website\"},\"primaryImageOfPage\":{\"@id\":\"https:\/\/www.madisonidiomes.com\/es\/acreditacio-ub\/#primaryimage\"},\"datePublished\":\"2019-07-17T10:03:10+00:00\",\"dateModified\":\"2026-03-18T18:36:22+00:00\",\"breadcrumb\":{\"@id\":\"https:\/\/www.madisonidiomes.com\/es\/acreditacio-ub\/#breadcrumb\"},\"inLanguage\":\"es\",\"potentialAction\":[{\"@type\":\"ReadAction\",\"target\":[\"https:\/\/www.madisonidiomes.com\/es\/acreditacio-ub\/\"]}]},{\"@type\":\"BreadcrumbList\",\"@id\":\"https:\/\/www.madisonidiomes.com\/es\/acreditacio-ub\/#breadcrumb\",\"itemListElement\":[{\"@type\":\"ListItem\",\"position\":1,\"name\":\"Inici\",\"item\":\"https:\/\/www.madisonidiomes.com\/es\/\"},{\"@type\":\"ListItem\",\"position\":2,\"name\":\"Acreditaci\u00f3n Universidad de Barcelona\"}]}]}<\/script>\n<!-- \/ Yoast SEO plugin. -->","yoast_head_json":{"title":"Acreditaci\u00f3n Universidad de Barcelona | Escola d&#039;Idiomes Madison","robots":{"index":"index","follow":"follow","max-snippet":"max-snippet:-1","max-image-preview":"max-image-preview:large","max-video-preview":"max-video-preview:-1"},"canonical":"https:\/\/www.madisonidiomes.com\/es\/acreditacio-ub\/","og_locale":"es_ES","og_type":"article","og_title":"Acreditaci\u00f3n Universidad de Barcelona | Escola d&#039;Idiomes Madison","og_description":"La Escuela de Idiomas Madison forma parte de la red de Centros Acreditados de la Universidad de Barcelona, a trav\u00e9s de su Escuela de Idiomas Modernos (EIM). \u00a0 Todos los Centros Acreditados est\u00e1n integrados en un sistema de control de &hellip; Continuar","og_url":"https:\/\/www.madisonidiomes.com\/es\/acreditacio-ub\/","og_site_name":"Escola d&#039;Idiomes Madison","article_publisher":"https:\/\/www.facebook.com\/escola.madison","article_modified_time":"2026-03-18T18:36:22+00:00","og_image":[{"url":"https:\/\/madisonidiomes.com\/wp-content\/uploads\/2019\/07\/Cartell-Centre-Acreditat.jpg"}],"twitter_card":"summary_large_image","twitter_site":"@IdiomesMadison","twitter_misc":{"Tiempo de lectura":"2 minutos"},"schema":{"@context":"https:\/\/schema.org","@graph":[{"@type":"Organization","@id":"https:\/\/www.madisonidiomes.com\/#organization","name":"Escola d'Idiomes Madison","url":"https:\/\/www.madisonidiomes.com\/","sameAs":["https:\/\/www.facebook.com\/escola.madison","https:\/\/www.instagram.com\/idiomesmadison\/","https:\/\/www.linkedin.com\/company\/madisonidiomes\/","https:\/\/www.youtube.com\/channel\/UCxAYgYf_afDUB9Ep-ecKMew\/feed","https:\/\/twitter.com\/IdiomesMadison"],"logo":{"@type":"ImageObject","@id":"https:\/\/www.madisonidiomes.com\/#logo","inLanguage":"es","url":"https:\/\/madisonidiomes.com\/wp-content\/uploads\/2018\/05\/Logo-Madison_2018.jpg","contentUrl":"https:\/\/madisonidiomes.com\/wp-content\/uploads\/2018\/05\/Logo-Madison_2018.jpg","width":406,"height":104,"caption":"Escola d'Idiomes Madison"},"image":{"@id":"https:\/\/www.madisonidiomes.com\/#logo"}},{"@type":"WebSite","@id":"https:\/\/www.madisonidiomes.com\/#website","url":"https:\/\/www.madisonidiomes.com\/","name":"Escola d&#039;Idiomes Madison","description":"Acad\u00e8mia d&#039;idiomes a Manresa i Sant Fruit\u00f3s","publisher":{"@id":"https:\/\/www.madisonidiomes.com\/#organization"},"potentialAction":[{"@type":"SearchAction","target":{"@type":"EntryPoint","urlTemplate":"https:\/\/www.madisonidiomes.com\/?s={search_term_string}"},"query-input":"required name=search_term_string"}],"inLanguage":"es"},{"@type":"ImageObject","@id":"https:\/\/www.madisonidiomes.com\/es\/acreditacio-ub\/#primaryimage","inLanguage":"es","url":"https:\/\/madisonidiomes.com\/wp-content\/uploads\/2019\/07\/Cartell-Centre-Acreditat.jpg","contentUrl":"https:\/\/madisonidiomes.com\/wp-content\/uploads\/2019\/07\/Cartell-Centre-Acreditat.jpg"},{"@type":"WebPage","@id":"https:\/\/www.madisonidiomes.com\/es\/acreditacio-ub\/#webpage","url":"https:\/\/www.madisonidiomes.com\/es\/acreditacio-ub\/","name":"Acreditaci\u00f3n Universidad de Barcelona | Escola d&#039;Idiomes Madison","isPartOf":{"@id":"https:\/\/www.madisonidiomes.com\/#website"},"primaryImageOfPage":{"@id":"https:\/\/www.madisonidiomes.com\/es\/acreditacio-ub\/#primaryimage"},"datePublished":"2019-07-17T10:03:10+00:00","dateModified":"2026-03-18T18:36:22+00:00","breadcrumb":{"@id":"https:\/\/www.madisonidiomes.com\/es\/acreditacio-ub\/#breadcrumb"},"inLanguage":"es","potentialAction":[{"@type":"ReadAction","target":["https:\/\/www.madisonidiomes.com\/es\/acreditacio-ub\/"]}]},{"@type":"BreadcrumbList","@id":"https:\/\/www.madisonidiomes.com\/es\/acreditacio-ub\/#breadcrumb","itemListElement":[{"@type":"ListItem","position":1,"name":"Inici","item":"https:\/\/www.madisonidiomes.com\/es\/"},{"@type":"ListItem","position":2,"name":"Acreditaci\u00f3n Universidad de Barcelona"}]}]}},"_links":{"self":[{"href":"https:\/\/www.madisonidiomes.com\/es\/wp-json\/wp\/v2\/pages\/5632\/"}],"collection":[{"href":"https:\/\/www.madisonidiomes.com\/es\/wp-json\/wp\/v2\/pages\/"}],"about":[{"href":"https:\/\/www.madisonidiomes.com\/es\/wp-json\/wp\/v2\/types\/page\/"}],"author":[{"embeddable":true,"href":"https:\/\/www.madisonidiomes.com\/es\/wp-json\/wp\/v2\/users\/3\/"}],"replies":[{"embeddable":true,"href":"https:\/\/www.madisonidiomes.com\/es\/wp-json\/wp\/v2\/comments\/?post=5632"}],"version-history":[{"count":3,"href":"https:\/\/www.madisonidiomes.com\/es\/wp-json\/wp\/v2\/pages\/5632\/revisions\/"}],"predecessor-version":[{"id":9048,"href":"https:\/\/www.madisonidiomes.com\/es\/wp-json\/wp\/v2\/pages\/5632\/revisions\/9048\/"}],"wp:attachment":[{"href":"https:\/\/www.madisonidiomes.com\/es\/wp-json\/wp\/v2\/media\/?parent=5632"}],"curies":[{"name":"wp","href":"https:\/\/api.w.org\/{rel}","templated":true}]}}