{"id":6272,"date":"2021-11-24T09:41:29","date_gmt":"2021-11-24T08:41:29","guid":{"rendered":"https:\/\/act.madisonidiomes.com\/mapa-web-de-madison-idiomes\/"},"modified":"2021-11-24T09:48:31","modified_gmt":"2021-11-24T08:48:31","slug":"mapa-web-de-madison-idiomes","status":"publish","type":"page","link":"https:\/\/www.madisonidiomes.com\/es\/mapa-web-de-madison-idiomes\/","title":{"rendered":"Mapa web de Madison Idiomes"},"content":{"rendered":"<p>Est\u00e1s en el mapa de la web de Madison Idiomas.<\/p>\n<p>Desde este espacio puedes acceder a todas las pantallas de la p\u00e1gina web.<\/p>\n<div class=\"wsp-container\"><h2 class=\"wsp-pages-title\">P\u00e1ginas<\/h2>\n<ul class=\"wsp-pages-list\">\n<li class=\"page_item page-item-5632\"><a href=\"https:\/\/www.madisonidiomes.com\/es\/acreditacio-ub\/\">Acreditaci\u00f3n Universidad de Barcelona<\/a><\/li>\n<li class=\"page_item page-item-3847\"><a href=\"https:\/\/www.madisonidiomes.com\/es\/contacto\/\">Contacto<\/a><\/li>\n<li class=\"page_item page-item-3850\"><a href=\"https:\/\/www.madisonidiomes.com\/es\/titulos-oficiales\/\">T\u00edtulos Oficiales<\/a><\/li>\n<li class=\"page_item page-item-3853\"><a href=\"https:\/\/www.madisonidiomes.com\/es\/calendario-escolar\/\">Calendario Escolar<\/a><\/li>\n<li class=\"page_item page-item-3861\"><a href=\"https:\/\/www.madisonidiomes.com\/es\/noticias\/\">Noticias<\/a><\/li>\n<li class=\"page_item page-item-3863\"><a href=\"https:\/\/www.madisonidiomes.com\/es\/proyectos\/\">Proyectos<\/a><\/li>\n<li class=\"page_item page-item-4917\"><a href=\"https:\/\/www.madisonidiomes.com\/es\/calendar\/\">Calendar<\/a><\/li>\n<li class=\"page_item page-item-3908\"><a href=\"https:\/\/www.madisonidiomes.com\/es\/aula-virtual\/\">Aula Virtual<\/a><\/li>\n<li class=\"page_item page-item-3911\"><a href=\"https:\/\/www.madisonidiomes.com\/es\/estancias-en-el-extranjero\/\">Estancias en el extranjero<\/a><\/li>\n<li class=\"page_item page-item-4442\"><a href=\"https:\/\/www.madisonidiomes.com\/es\/fechas-de-examen-cae\/\">Fechas de examen CAE<\/a><\/li>\n<li class=\"page_item page-item-3935\"><a href=\"https:\/\/www.madisonidiomes.com\/es\/traducciones\/\">Traducciones<\/a><\/li>\n<li class=\"page_item page-item-4448\"><a href=\"https:\/\/www.madisonidiomes.com\/es\/dates-dexamen-cpe\/\">Fechas de examen CPE<\/a><\/li>\n<li class=\"page_item page-item-4451\"><a href=\"https:\/\/www.madisonidiomes.com\/es\/cambridge-proficiency-cpe\/\">Cambridge Proficiency (CPE)<\/a><\/li>\n<li class=\"page_item page-item-4456\"><a href=\"https:\/\/www.madisonidiomes.com\/es\/dates-de-lexamen-fce\/\">Fechas de examen FCE<\/a><\/li>\n<li class=\"page_item page-item-4474\"><a href=\"https:\/\/www.madisonidiomes.com\/es\/ielts\/\">IELTS<\/a><\/li>\n<li class=\"page_item page-item-4477\"><a href=\"https:\/\/www.madisonidiomes.com\/es\/toefl\/\">TOEFL<\/a><\/li>\n<li class=\"page_item page-item-6272\"><a href=\"https:\/\/www.madisonidiomes.com\/es\/mapa-web-de-madison-idiomes\/\">Mapa web de Madison Idiomes<\/a><\/li>\n<li class=\"page_item page-item-4496\"><a href=\"https:\/\/www.madisonidiomes.com\/es\/trinity-exams\/\">Trinity Exams<\/a><\/li>\n<li class=\"page_item page-item-4008\"><a href=\"https:\/\/www.madisonidiomes.com\/es\/cambridge-exams\/\">Cambridge Exams<\/a><\/li>\n<li class=\"page_item page-item-4019\"><a href=\"https:\/\/www.madisonidiomes.com\/es\/curso-2025-26\/\">Curso 2025-26<\/a><\/li>\n<li class=\"page_item page-item-4025\"><a href=\"https:\/\/www.madisonidiomes.com\/es\/cursos-para-ninos\/\">Cursos para ni\u00f1os<\/a><\/li>\n<li class=\"page_item page-item-4029\"><a href=\"https:\/\/www.madisonidiomes.com\/es\/cursos-para-adultos\/\">Cursos para adultos<\/a><\/li>\n<li class=\"page_item page-item-6338\"><a href=\"https:\/\/www.madisonidiomes.com\/es\/noken-japones\/\">N\u00f4ken Japon\u00e9s<\/a><\/li>\n<li class=\"page_item page-item-4035\"><a href=\"https:\/\/www.madisonidiomes.com\/es\/cursos-para-jovenes\/\">Cursos para j\u00f3venes<\/a><\/li>\n<li class=\"page_item page-item-4037\"><a href=\"https:\/\/www.madisonidiomes.com\/es\/clases-particulares\/\">Clases particulares<\/a><\/li>\n<li class=\"page_item page-item-4041\"><a href=\"https:\/\/www.madisonidiomes.com\/es\/cursos-in-company\/\">Cursos in Company<\/a><\/li>\n<li class=\"page_item page-item-3794\"><a href=\"https:\/\/www.madisonidiomes.com\/es\/intensivos-verano\/\">Intensivos de verano 2026<\/a><\/li>\n<li class=\"page_item page-item-5606\"><a href=\"https:\/\/www.madisonidiomes.com\/es\/politica-de-privacidad-redes-sociales\/\">Pol\u00edtica de privacidad redes sociales<\/a><\/li>\n<li class=\"page_item page-item-4583\"><a href=\"https:\/\/www.madisonidiomes.com\/es\/\">inicio<\/a><\/li>\n<li class=\"page_item page-item-5607\"><a href=\"https:\/\/www.madisonidiomes.com\/es\/politica-de-privacidad-y-cookies\/\">Politica de privacidad y cookies<\/a><\/li>\n<li class=\"page_item page-item-5608\"><a href=\"https:\/\/www.madisonidiomes.com\/es\/aviso-legal\/\">Aviso legal<\/a><\/li>\n<li class=\"page_item page-item-3819\"><a href=\"https:\/\/www.madisonidiomes.com\/es\/cambridge-advanced-cae\/\">Cambridge Advanced (CAE)<\/a><\/li>\n<li class=\"page_item page-item-5613\"><a href=\"https:\/\/www.madisonidiomes.com\/es\/privacidad-form\/\">Aviso legal y las Pol\u00edticas de Privacidad<\/a><\/li>\n<li class=\"page_item page-item-3825\"><a href=\"https:\/\/www.madisonidiomes.com\/es\/conocenos\/\">Con\u00f3cenos<\/a><\/li>\n<li class=\"page_item page-item-3834\"><a href=\"https:\/\/www.madisonidiomes.com\/es\/trabaja-con-nosotros\/\">Trabaja con nosotros<\/a><\/li>\n<\/ul>\n<\/div>\n<p>Y tambi\u00e9n en las noticias y publicaciones del blog<\/p>\n<div class=\"wsp-container\"><h2 class=\"wsp-posts-title\">Posts por categor\u00eda<\/h2>\n<ul class=\"wsp-posts-list\">\n\t<li><strong class=\"wsp-category-title\">Category: <a href=\"https:\/\/www.madisonidiomes.com\/es\/category\/noticies-madison-2\/\">Noticies Madison<\/a><\/strong>\n<ul class=\"wsp-posts-list\">\t\t<li class=\"wsp-post\"><a href=\"https:\/\/www.madisonidiomes.com\/es\/como-diferenciar-coreano-japones-y-chino\/\">\u00bfC\u00f3mo diferenciar coreano, japon\u00e9s y chino?<\/a><\/li>\n\t\t<li class=\"wsp-post\"><a href=\"https:\/\/www.madisonidiomes.com\/es\/colaboracion-con-escuelas-en-gambia\/\">Madison en colaboraci\u00f3n con escuelas de infantil y primaria en Gambia<\/a><\/li>\n\t\t<li class=\"wsp-post\"><a href=\"https:\/\/www.madisonidiomes.com\/es\/visitem-child-fund-a-gambia\/\">Una sonrisa de valor incalculable<\/a><\/li>\n\t\t<li class=\"wsp-post\"><a href=\"https:\/\/www.madisonidiomes.com\/es\/26-anos-ensenando-idiomas\/\">30 a\u00f1os ense\u00f1ando idiomas<\/a><\/li>\n\t\t<li class=\"wsp-post\"><a href=\"https:\/\/www.madisonidiomes.com\/es\/escuela-en-sant-fruitos\/\">Escuela en Sant Fruit\u00f3s!<\/a><\/li>\n<\/ul><\/li>\n\t<li><strong class=\"wsp-category-title\">Category: <a href=\"https:\/\/www.madisonidiomes.com\/es\/category\/sin-categorizar\/\">Sin categorizar<\/a><\/strong>\n<ul class=\"wsp-posts-list\">\t\t<li class=\"wsp-post\"><a href=\"https:\/\/www.madisonidiomes.com\/es\/las-10-palabras-del-ingles-mas-complejas-de-traducir\/\">Las 10 palabras del ingl\u00e9s m\u00e1s complejas de traducir<\/a><\/li>\n\t\t<li class=\"wsp-post\"><a href=\"https:\/\/www.madisonidiomes.com\/es\/quiero-certificar-mi-nivel-de-ingles-que-acreditacion-me-conviene\/\">Quiero certificar mi nivel de ingl\u00e9s, \u00bfqu\u00e9 acreditaci\u00f3n me conviene?<\/a><\/li>\n\t\t<li class=\"wsp-post\"><a href=\"https:\/\/www.madisonidiomes.com\/es\/la-escuela-madison-colabora-con-la-fundacio-del-convent-de-santa-clara\/\">La Escuela Madison colabora con la Fundaci\u00f3 del Convent de Santa Clara<\/a><\/li>\n\t\t<li class=\"wsp-post\"><a href=\"https:\/\/www.madisonidiomes.com\/es\/entregamos-los-carnes-de-la-universidad-de-barcelona-a-nuestros-alumnos\/\">Entregamos los carn\u00e9s de la Universidad de Barcelona a nuestros alumnos<\/a><\/li>\n\t\t<li class=\"wsp-post\"><a href=\"https:\/\/www.madisonidiomes.com\/es\/san-valentin-llega-a-madison\/\">San Valent\u00edn llega a Madison<\/a><\/li>\n\t\t<li class=\"wsp-post\"><a href=\"https:\/\/www.madisonidiomes.com\/es\/nuevo-curso-de-proficiency\/\">Nuevo curso de Proficiency<\/a><\/li>\n\t\t<li class=\"wsp-post\"><a href=\"https:\/\/www.madisonidiomes.com\/es\/nous-cursos-didiomes\/\">Nuevos cursos de idiomas en Manresa y Sant Fruit\u00f3s<\/a><\/li>\n\t\t<li class=\"wsp-post\"><a href=\"https:\/\/www.madisonidiomes.com\/es\/nova-escola-a-manresa\/\">Manresa | Nos hemos trasladado!<\/a><\/li>\n\t\t<li class=\"wsp-post\"><a href=\"https:\/\/www.madisonidiomes.com\/es\/formacion-altamente-profesional\/\">Formaci\u00f3n altamente profesional<\/a><\/li>\n\t\t<li class=\"wsp-post\"><a href=\"https:\/\/www.madisonidiomes.com\/es\/clases-de-ingles-gratis\/\">Clases de ingl\u00e9s gratis!<\/a><\/li>\n\t\t<li class=\"wsp-post\"><a href=\"https:\/\/www.madisonidiomes.com\/es\/%e2%80%8ewalkfearless\/\">WALKFEARLESS<\/a><\/li>\n\t\t<li class=\"wsp-post\"><a href=\"https:\/\/www.madisonidiomes.com\/es\/madison-en-la-feria-expo-bages\/\">Madison en la Feria Expo Bages<\/a><\/li>\n<\/ul><\/li>\n<\/ul>\n<\/div>\n<p>En el caso de que no encuentres el enlace que est\u00e1s buscando, puedes preguntarnos:<\/p>\n<ul>\nO bien hac\u00e9rnoslo saber utilizando el formulario de contacto.<\/p>\n<p>O pulsando el enlace en el WhatsApp que hay en el margen inferior izquierdo de todas las pantallas de la p\u00e1gina.<\/ul>\n","protected":false},"excerpt":{"rendered":"<p>Est\u00e1s en el mapa de la web de Madison Idiomas. Desde este espacio puedes acceder a todas las pantallas de la p\u00e1gina web. Y tambi\u00e9n en las noticias y publicaciones del blog En el caso de que no encuentres el &hellip; <a href=\"https:\/\/www.madisonidiomes.com\/es\/mapa-web-de-madison-idiomes\/\">Continuar<\/a><\/p>\n","protected":false},"author":7,"featured_media":0,"parent":0,"menu_order":0,"comment_status":"closed","ping_status":"closed","template":"","meta":[],"yoast_head":"<!-- This site is optimized with the Yoast SEO plugin v18.6 - https:\/\/yoast.com\/wordpress\/plugins\/seo\/ -->\n<title>Mapa web de Madison Idiomes | Escola d&#039;Idiomes Madison<\/title>\n<meta name=\"description\" content=\"Est\u00e1s en el mapa de la web de Madison Idiomes, desde este espacio puedes acceder a todas las pantallas de la p\u00e1gina web.\" \/>\n<meta name=\"robots\" content=\"index, follow, max-snippet:-1, max-image-preview:large, max-video-preview:-1\" \/>\n<link rel=\"canonical\" href=\"https:\/\/www.madisonidiomes.com\/es\/mapa-web-de-madison-idiomes\/\" \/>\n<meta property=\"og:locale\" content=\"es_ES\" \/>\n<meta property=\"og:type\" content=\"article\" \/>\n<meta property=\"og:title\" content=\"Mapa web de Madison Idiomes | Escola d&#039;Idiomes Madison\" \/>\n<meta property=\"og:description\" content=\"Est\u00e1s en el mapa de la web de Madison Idiomes, desde este espacio puedes acceder a todas las pantallas de la p\u00e1gina web.\" \/>\n<meta property=\"og:url\" content=\"https:\/\/www.madisonidiomes.com\/es\/mapa-web-de-madison-idiomes\/\" \/>\n<meta property=\"og:site_name\" content=\"Escola d&#039;Idiomes Madison\" \/>\n<meta property=\"article:publisher\" content=\"https:\/\/www.facebook.com\/escola.madison\" \/>\n<meta property=\"article:modified_time\" content=\"2021-11-24T08:48:31+00:00\" \/>\n<meta name=\"twitter:card\" content=\"summary_large_image\" \/>\n<meta name=\"twitter:site\" content=\"@IdiomesMadison\" \/>\n<script type=\"application\/ld+json\" class=\"yoast-schema-graph\">{\"@context\":\"https:\/\/schema.org\",\"@graph\":[{\"@type\":\"Organization\",\"@id\":\"https:\/\/www.madisonidiomes.com\/#organization\",\"name\":\"Escola d'Idiomes Madison\",\"url\":\"https:\/\/www.madisonidiomes.com\/\",\"sameAs\":[\"https:\/\/www.facebook.com\/escola.madison\",\"https:\/\/www.instagram.com\/idiomesmadison\/\",\"https:\/\/www.linkedin.com\/company\/madisonidiomes\/\",\"https:\/\/www.youtube.com\/channel\/UCxAYgYf_afDUB9Ep-ecKMew\/feed\",\"https:\/\/twitter.com\/IdiomesMadison\"],\"logo\":{\"@type\":\"ImageObject\",\"@id\":\"https:\/\/www.madisonidiomes.com\/#logo\",\"inLanguage\":\"es\",\"url\":\"https:\/\/madisonidiomes.com\/wp-content\/uploads\/2018\/05\/Logo-Madison_2018.jpg\",\"contentUrl\":\"https:\/\/madisonidiomes.com\/wp-content\/uploads\/2018\/05\/Logo-Madison_2018.jpg\",\"width\":406,\"height\":104,\"caption\":\"Escola d'Idiomes Madison\"},\"image\":{\"@id\":\"https:\/\/www.madisonidiomes.com\/#logo\"}},{\"@type\":\"WebSite\",\"@id\":\"https:\/\/www.madisonidiomes.com\/#website\",\"url\":\"https:\/\/www.madisonidiomes.com\/\",\"name\":\"Escola d&#039;Idiomes Madison\",\"description\":\"Acad\u00e8mia d&#039;idiomes a Manresa i Sant Fruit\u00f3s\",\"publisher\":{\"@id\":\"https:\/\/www.madisonidiomes.com\/#organization\"},\"potentialAction\":[{\"@type\":\"SearchAction\",\"target\":{\"@type\":\"EntryPoint\",\"urlTemplate\":\"https:\/\/www.madisonidiomes.com\/?s={search_term_string}\"},\"query-input\":\"required name=search_term_string\"}],\"inLanguage\":\"es\"},{\"@type\":\"WebPage\",\"@id\":\"https:\/\/www.madisonidiomes.com\/es\/mapa-web-de-madison-idiomes\/#webpage\",\"url\":\"https:\/\/www.madisonidiomes.com\/es\/mapa-web-de-madison-idiomes\/\",\"name\":\"Mapa web de Madison Idiomes | Escola d&#039;Idiomes Madison\",\"isPartOf\":{\"@id\":\"https:\/\/www.madisonidiomes.com\/#website\"},\"datePublished\":\"2021-11-24T08:41:29+00:00\",\"dateModified\":\"2021-11-24T08:48:31+00:00\",\"description\":\"Est\u00e1s en el mapa de la web de Madison Idiomes, desde este espacio puedes acceder a todas las pantallas de la p\u00e1gina web.\",\"breadcrumb\":{\"@id\":\"https:\/\/www.madisonidiomes.com\/es\/mapa-web-de-madison-idiomes\/#breadcrumb\"},\"inLanguage\":\"es\",\"potentialAction\":[{\"@type\":\"ReadAction\",\"target\":[\"https:\/\/www.madisonidiomes.com\/es\/mapa-web-de-madison-idiomes\/\"]}]},{\"@type\":\"BreadcrumbList\",\"@id\":\"https:\/\/www.madisonidiomes.com\/es\/mapa-web-de-madison-idiomes\/#breadcrumb\",\"itemListElement\":[{\"@type\":\"ListItem\",\"position\":1,\"name\":\"Inici\",\"item\":\"https:\/\/www.madisonidiomes.com\/es\/\"},{\"@type\":\"ListItem\",\"position\":2,\"name\":\"Mapa web de Madison Idiomes\"}]}]}<\/script>\n<!-- \/ Yoast SEO plugin. -->","yoast_head_json":{"title":"Mapa web de Madison Idiomes | Escola d&#039;Idiomes Madison","description":"Est\u00e1s en el mapa de la web de Madison Idiomes, desde este espacio puedes acceder a todas las pantallas de la p\u00e1gina web.","robots":{"index":"index","follow":"follow","max-snippet":"max-snippet:-1","max-image-preview":"max-image-preview:large","max-video-preview":"max-video-preview:-1"},"canonical":"https:\/\/www.madisonidiomes.com\/es\/mapa-web-de-madison-idiomes\/","og_locale":"es_ES","og_type":"article","og_title":"Mapa web de Madison Idiomes | Escola d&#039;Idiomes Madison","og_description":"Est\u00e1s en el mapa de la web de Madison Idiomes, desde este espacio puedes acceder a todas las pantallas de la p\u00e1gina web.","og_url":"https:\/\/www.madisonidiomes.com\/es\/mapa-web-de-madison-idiomes\/","og_site_name":"Escola d&#039;Idiomes Madison","article_publisher":"https:\/\/www.facebook.com\/escola.madison","article_modified_time":"2021-11-24T08:48:31+00:00","twitter_card":"summary_large_image","twitter_site":"@IdiomesMadison","schema":{"@context":"https:\/\/schema.org","@graph":[{"@type":"Organization","@id":"https:\/\/www.madisonidiomes.com\/#organization","name":"Escola d'Idiomes Madison","url":"https:\/\/www.madisonidiomes.com\/","sameAs":["https:\/\/www.facebook.com\/escola.madison","https:\/\/www.instagram.com\/idiomesmadison\/","https:\/\/www.linkedin.com\/company\/madisonidiomes\/","https:\/\/www.youtube.com\/channel\/UCxAYgYf_afDUB9Ep-ecKMew\/feed","https:\/\/twitter.com\/IdiomesMadison"],"logo":{"@type":"ImageObject","@id":"https:\/\/www.madisonidiomes.com\/#logo","inLanguage":"es","url":"https:\/\/madisonidiomes.com\/wp-content\/uploads\/2018\/05\/Logo-Madison_2018.jpg","contentUrl":"https:\/\/madisonidiomes.com\/wp-content\/uploads\/2018\/05\/Logo-Madison_2018.jpg","width":406,"height":104,"caption":"Escola d'Idiomes Madison"},"image":{"@id":"https:\/\/www.madisonidiomes.com\/#logo"}},{"@type":"WebSite","@id":"https:\/\/www.madisonidiomes.com\/#website","url":"https:\/\/www.madisonidiomes.com\/","name":"Escola d&#039;Idiomes Madison","description":"Acad\u00e8mia d&#039;idiomes a Manresa i Sant Fruit\u00f3s","publisher":{"@id":"https:\/\/www.madisonidiomes.com\/#organization"},"potentialAction":[{"@type":"SearchAction","target":{"@type":"EntryPoint","urlTemplate":"https:\/\/www.madisonidiomes.com\/?s={search_term_string}"},"query-input":"required name=search_term_string"}],"inLanguage":"es"},{"@type":"WebPage","@id":"https:\/\/www.madisonidiomes.com\/es\/mapa-web-de-madison-idiomes\/#webpage","url":"https:\/\/www.madisonidiomes.com\/es\/mapa-web-de-madison-idiomes\/","name":"Mapa web de Madison Idiomes | Escola d&#039;Idiomes Madison","isPartOf":{"@id":"https:\/\/www.madisonidiomes.com\/#website"},"datePublished":"2021-11-24T08:41:29+00:00","dateModified":"2021-11-24T08:48:31+00:00","description":"Est\u00e1s en el mapa de la web de Madison Idiomes, desde este espacio puedes acceder a todas las pantallas de la p\u00e1gina web.","breadcrumb":{"@id":"https:\/\/www.madisonidiomes.com\/es\/mapa-web-de-madison-idiomes\/#breadcrumb"},"inLanguage":"es","potentialAction":[{"@type":"ReadAction","target":["https:\/\/www.madisonidiomes.com\/es\/mapa-web-de-madison-idiomes\/"]}]},{"@type":"BreadcrumbList","@id":"https:\/\/www.madisonidiomes.com\/es\/mapa-web-de-madison-idiomes\/#breadcrumb","itemListElement":[{"@type":"ListItem","position":1,"name":"Inici","item":"https:\/\/www.madisonidiomes.com\/es\/"},{"@type":"ListItem","position":2,"name":"Mapa web de Madison Idiomes"}]}]}},"_links":{"self":[{"href":"https:\/\/www.madisonidiomes.com\/es\/wp-json\/wp\/v2\/pages\/6272\/"}],"collection":[{"href":"https:\/\/www.madisonidiomes.com\/es\/wp-json\/wp\/v2\/pages\/"}],"about":[{"href":"https:\/\/www.madisonidiomes.com\/es\/wp-json\/wp\/v2\/types\/page\/"}],"author":[{"embeddable":true,"href":"https:\/\/www.madisonidiomes.com\/es\/wp-json\/wp\/v2\/users\/7\/"}],"replies":[{"embeddable":true,"href":"https:\/\/www.madisonidiomes.com\/es\/wp-json\/wp\/v2\/comments\/?post=6272"}],"version-history":[{"count":0,"href":"https:\/\/www.madisonidiomes.com\/es\/wp-json\/wp\/v2\/pages\/6272\/revisions\/"}],"wp:attachment":[{"href":"https:\/\/www.madisonidiomes.com\/es\/wp-json\/wp\/v2\/media\/?parent=6272"}],"curies":[{"name":"wp","href":"https:\/\/api.w.org\/{rel}","templated":true}]}}